{"id":1068,"date":"2022-06-21T13:01:46","date_gmt":"2022-06-21T12:01:46","guid":{"rendered":"http:\/\/pele.studio-augsburg.de\/?page_id=1068"},"modified":"2025-09-04T16:57:02","modified_gmt":"2025-09-04T14:57:02","slug":"stellenangebote-augsburg","status":"publish","type":"page","link":"https:\/\/pele.de\/du\/stellenangebote-augsburg\/","title":{"rendered":"Stellenangebote Augsburg"},"content":{"rendered":"<style type=\"text\/css\" data-created_by=\"avia_inline_auto\" id=\"style-css-av-l4ntxc7b-e7cb3f52593fdccef944deffd1f25233\">\n.avia-section.av-l4ntxc7b-e7cb3f52593fdccef944deffd1f25233 .av-parallax .av-parallax-inner{\nbackground-repeat:no-repeat;\nbackground-image:url(https:\/\/pele.de\/wp-content\/uploads\/2022\/06\/pele-zeitarbeit-augsburg-stellenanzeigen-003-1030x687.jpg);\nbackground-position:50% 50%;\nbackground-attachment:scroll;\n}\n.avia-section.av-l4ntxc7b-e7cb3f52593fdccef944deffd1f25233 .av-section-color-overlay{\nopacity:0.7;\nbackground-color:#ffffff;\n}\n<\/style>\n<div id='job-highlights'  class='avia-section av-l4ntxc7b-e7cb3f52593fdccef944deffd1f25233 main_color avia-section-default avia-no-border-styling  avia-builder-el-0  el_before_av_section  avia-builder-el-first  vhplus300px avia-full-stretch av-parallax-section avia-bg-style-parallax av-section-color-overlay-active av-minimum-height av-minimum-height-100 av-height-100  container_wrap fullsize'  data-section-bg-repeat='stretch' data-av_minimum_height_pc='100' data-av_min_height_opt='100'><div class='av-parallax' data-avia-parallax-ratio='0.3' ><div class='av-parallax-inner main_color avia-full-stretch'><\/div><\/div><div class=\"av-section-color-overlay-wrap\"><div class=\"av-section-color-overlay\"><\/div><div class='container av-section-cont-open' ><main  role=\"main\" itemprop=\"mainContentOfPage\"  class='template-page content  av-content-full alpha units'><div class='post-entry post-entry-type-page post-entry-1068'><div class='entry-content-wrapper clearfix'>\n\n<style type=\"text\/css\" data-created_by=\"avia_inline_auto\" id=\"style-css-av-l4p86dkt-c6d9d7aa917029027e58a57e530bb4a0\">\n#top .av-special-heading.av-l4p86dkt-c6d9d7aa917029027e58a57e530bb4a0{\npadding-bottom:10px;\n}\nbody .av-special-heading.av-l4p86dkt-c6d9d7aa917029027e58a57e530bb4a0 .av-special-heading-tag .heading-char{\nfont-size:25px;\n}\n.av-special-heading.av-l4p86dkt-c6d9d7aa917029027e58a57e530bb4a0 .av-subheading{\nfont-size:15px;\n}\n<\/style>\n<div  class='av-special-heading av-l4p86dkt-c6d9d7aa917029027e58a57e530bb4a0 av-special-heading-h1  avia-builder-el-1  el_before_av_textblock  avia-builder-el-first  mb-60'><h1 class='av-special-heading-tag'  itemprop=\"headline\"  >Stellenangebote f\u00fcr Augsburg und Region<\/h1><div class=\"special-heading-border\"><div class=\"special-heading-inner-border\"><\/div><\/div><\/div>\n<section  class='av_textblock_section av-l4p85s2i-603695e2af08f6528273406e54d29a2a'   itemscope=\"itemscope\" itemtype=\"https:\/\/schema.org\/CreativeWork\" ><div class='avia_textblock'  itemprop=\"text\" ><p>Auf direktem Weg ins Jobgl\u00fcck: Vielleicht findest Du in unserer Stellenb\u00f6rse direkt Deinen Volltreffer?<\/p>\n<p><center><\/p>\n<form action=\"\/du\/jobsuche-augsburg\/?suchText=&#038;suchOrt=&#038;radius=\" method=\"GET\" data-trp-original-action=\"\/jobsuche-augsburg\/?suchText=&#038;suchOrt=&#038;radius=\"><input id=\"suche\" class=\"placeholder-center\" name=\"suchText\" size=\"25\" type=\"text\" placeholder=\"Jobsuche\" \/><input id=\"suche\" class=\"placeholder-center\" name=\"suchOrt\" size=\"25\" type=\"text\" placeholder=\"PLZ\" \/><select id=\"suche\" class=\"placeholder-center\" name=\"radius\"><option selected=\"selected\" value=\"10\">10km<\/option><option value=\"20\">20km<\/option><option value=\"50\">50km<\/option><option value=\"100\">100km<\/option><\/select><input type=\"submit\" value=\"Senden\" \/><input type=\"hidden\" name=\"trp-form-language\" value=\"du\"\/><\/form>\n<p><\/center><\/p>\n<\/div><\/section>\n<section  class='av_textblock_section av-l4nu5rtv-8325978429406ec2cf049a92517cfb3a'   itemscope=\"itemscope\" itemtype=\"https:\/\/schema.org\/CreativeWork\" ><div class='avia_textblock'  itemprop=\"text\" ><p style=\"text-align: center;\">F\u00fcr noch mehr spannende Karrierechancen hier entlang:<\/p>\n<\/div><\/section>\n<div  class='avia-button-wrap av-l4nu4z4k-48f543f49fe1dc8966091682cdadad80-wrap avia-button-center  avia-builder-el-4  el_after_av_textblock  avia-builder-el-last'><a href='\/du\/jobsuche-augsburg\/'  class='avia-button av-l4nu4z4k-48f543f49fe1dc8966091682cdadad80 av-link-btn avia-icon_select-no avia-size-small avia-position-center avia-color-theme-color'   aria-label=\"Zur Jobsuche\"><span class='avia_iconbox_title' >Zur Jobsuche<\/span><\/a><\/div>\n\n<\/div><\/div><\/main><!-- close content main element --><\/div><\/div><\/div><div id='breadcrumbs'  class='avia-section av-l5qknwru-92550ca0f51fd90e4c19a14676f31115 main_color avia-section-no-padding avia-no-border-styling  avia-builder-el-5  el_after_av_section  el_before_av_section  breadcrumbs avia-bg-style-scroll av-minimum-height av-minimum-height-custom av-height-custom  container_wrap fullsize'   data-av_minimum_height_px='10'><div class='container av-section-cont-open' style='height:10px'><div class='template-page content  av-content-full alpha units'><div class='post-entry post-entry-type-page post-entry-1068'><div class='entry-content-wrapper clearfix'>\n\n\n<\/div><\/div><\/div><!-- close content main div --><\/div><\/div><div id='einleitung'  class='avia-section av-ma2a4-efeb085e48c0532046efcd685da153e0 main_color avia-section-default avia-no-border-styling  avia-builder-el-7  el_after_av_section  el_before_av_section  vhplus300px avia-bg-style-fixed av-minimum-height av-minimum-height-50 av-height-50  container_wrap fullsize'   data-av_minimum_height_pc='50' data-av_min_height_opt='50'><div class='container av-section-cont-open' ><div class='template-page content  av-content-full alpha units'><div class='post-entry post-entry-type-page post-entry-1068'><div class='entry-content-wrapper clearfix'>\n\n<style type=\"text\/css\" data-created_by=\"avia_inline_auto\" id=\"style-css-av-3lc0kc-6c5cdc016422f98eae2d1bbb1265a822\">\n#top .av-special-heading.av-3lc0kc-6c5cdc016422f98eae2d1bbb1265a822{\npadding-bottom:10px;\n}\nbody .av-special-heading.av-3lc0kc-6c5cdc016422f98eae2d1bbb1265a822 .av-special-heading-tag .heading-char{\nfont-size:25px;\n}\n.av-special-heading.av-3lc0kc-6c5cdc016422f98eae2d1bbb1265a822 .av-subheading{\nfont-size:15px;\n}\n<\/style>\n<div  class='av-special-heading av-3lc0kc-6c5cdc016422f98eae2d1bbb1265a822 av-special-heading-h2  avia-builder-el-8  el_before_av_textblock  avia-builder-el-first'><h2 class='av-special-heading-tag'  itemprop=\"headline\"  >Unsere Stellenangebote: Der perfekte Job f\u00fcr Dich<\/h2><div class=\"special-heading-border\"><div class=\"special-heading-inner-border\"><\/div><\/div><\/div>\n<section  class='av_textblock_section av-3a9zv0-adfb19f13ba897c8d24b935e76ee27c1'   itemscope=\"itemscope\" itemtype=\"https:\/\/schema.org\/CreativeWork\" ><div class='avia_textblock'  itemprop=\"text\" ><p>Arbeiten zum Broterwerb? Nicht unser Anspruch! Weil Arbeitszeit jede Menge Lebenszeit frisst, m\u00fcssen wir diese Zeit mit Bedacht ausf\u00fcllen: Mit einem Job, der nicht nur Deine Rechnungen bezahlt, sondern wirklich zufrieden und gl\u00fccklich macht. Deswegen setzen wir alle Hebel in Bewegung und finden Deinen Lieblingsjob: inklusive ehrlicher Beratung, individuellen Hilfestellungen im Bewerbungsprozess und treffsicherem Matching mit unserem gro\u00dfen Netzwerk.<\/p>\n<\/div><\/section>\n\n<\/div><\/div><\/div><!-- close content main div --><\/div><\/div>\n<style type=\"text\/css\" data-created_by=\"avia_inline_auto\" id=\"style-css-av-6p5fa-d3e220d01ee9d5680967020e1c5bd9ea\">\n.avia-section.av-6p5fa-d3e220d01ee9d5680967020e1c5bd9ea .av-parallax .av-parallax-inner{\nbackground-repeat:no-repeat;\nbackground-image:url(https:\/\/pele.de\/wp-content\/uploads\/2022\/01\/pele-zeitarbeit-augsburg-004-1030x687.jpg);\nbackground-position:50% 50%;\nbackground-attachment:scroll;\n}\n.avia-section.av-6p5fa-d3e220d01ee9d5680967020e1c5bd9ea .av-section-color-overlay{\nopacity:0.8;\nbackground-color:#ffffff;\n}\n<\/style>\n<div id='usps'  class='avia-section av-6p5fa-d3e220d01ee9d5680967020e1c5bd9ea main_color avia-section-default avia-no-border-styling  avia-builder-el-10  el_after_av_section  el_before_av_section  vhplus300px avia-full-stretch av-parallax-section avia-bg-style-parallax av-section-color-overlay-active av-minimum-height av-minimum-height-50 av-height-50  container_wrap fullsize'  data-section-bg-repeat='stretch' data-av_minimum_height_pc='50' data-av_min_height_opt='50'><div class='av-parallax' data-avia-parallax-ratio='0.3' ><div class='av-parallax-inner main_color avia-full-stretch'><\/div><\/div><div class=\"av-section-color-overlay-wrap\"><div class=\"av-section-color-overlay\"><\/div><div class='container av-section-cont-open' ><div class='template-page content  av-content-full alpha units'><div class='post-entry post-entry-type-page post-entry-1068'><div class='entry-content-wrapper clearfix'>\n\n<style type=\"text\/css\" data-created_by=\"avia_inline_auto\" id=\"style-css-av-l4nvk8t0-8d4b9161ca214d02612609d66feacfdf\">\n#top .av-special-heading.av-l4nvk8t0-8d4b9161ca214d02612609d66feacfdf{\npadding-bottom:10px;\n}\nbody .av-special-heading.av-l4nvk8t0-8d4b9161ca214d02612609d66feacfdf .av-special-heading-tag .heading-char{\nfont-size:25px;\n}\n.av-special-heading.av-l4nvk8t0-8d4b9161ca214d02612609d66feacfdf .av-subheading{\nfont-size:15px;\n}\n<\/style>\n<div  class='av-special-heading av-l4nvk8t0-8d4b9161ca214d02612609d66feacfdf av-special-heading-h2  avia-builder-el-11  el_before_av_textblock  avia-builder-el-first'><h2 class='av-special-heading-tag'  itemprop=\"headline\"  >Arbeitnehmer\u00fcberlassung bei Pele Personal Augsburg<\/h2><div class=\"special-heading-border\"><div class=\"special-heading-inner-border\"><\/div><\/div><\/div>\n<section  class='av_textblock_section av-l4nvkplq-d821bcd4a86ec7a6f0093468cbca637d'   itemscope=\"itemscope\" itemtype=\"https:\/\/schema.org\/CreativeWork\" ><div class='avia_textblock'  itemprop=\"text\" ><p>Zeitarbeit \u2013 eine von vielen Personal-Dienstleistungen \u2013 \u00a0als dynamisches Sprungbrett: Als Mitarbeiter bei Pele Personal bist Du fest angestellt und hast die einmalige Chance, in unterschiedlichen Positionen t\u00e4tig zu werden.<\/p>\n<ul>\n<li>sichere Festanstellung bei Pele Personal unter fairen Konditionen<\/li>\n<li>riesiges Firmennetzwerk: mit einer Bewerbung zig attraktive Stellen erreichen<\/li>\n<li>anonym, diskret, seri\u00f6s und datensicher zum neuen Job<\/li>\n<li>ideal bei Umorientierung oder Berufs(wieder)einstieg<\/li>\n<li>soziale und tarifliche Absicherung, Empfehlungspr\u00e4mien, uvm.<\/li>\n<li>pers\u00f6nliche Mitarbeiterbetreuung auf Augenh\u00f6he<\/li>\n<li>M\u00f6glichkeit zur sp\u00e4teren \u00dcbernahme beim Wunschunternehmen<\/li>\n<\/ul>\n<\/div><\/section>\n\n<\/div><\/div><\/div><!-- close content main div --><\/div><\/div><\/div><div id='usps'  class='avia-section av-l4nx1q2z-f2935adc92466300ba3e0a0c534ce35f main_color avia-section-default avia-no-border-styling  avia-builder-el-13  el_after_av_section  avia-builder-el-last  vhplus300px avia-bg-style-parallax av-minimum-height av-minimum-height-50 av-height-50  container_wrap fullsize'   data-av_minimum_height_pc='50' data-av_min_height_opt='50'><div class='container av-section-cont-open' ><div class='template-page content  av-content-full alpha units'><div class='post-entry post-entry-type-page post-entry-1068'><div class='entry-content-wrapper clearfix'>\n\n<style type=\"text\/css\" data-created_by=\"avia_inline_auto\" id=\"style-css-av-l4nx261x-d694f12e19280092817328458359073c\">\n#top .av-special-heading.av-l4nx261x-d694f12e19280092817328458359073c{\npadding-bottom:10px;\n}\nbody .av-special-heading.av-l4nx261x-d694f12e19280092817328458359073c .av-special-heading-tag .heading-char{\nfont-size:25px;\n}\n.av-special-heading.av-l4nx261x-d694f12e19280092817328458359073c .av-subheading{\nfont-size:15px;\n}\n<\/style>\n<div  class='av-special-heading av-l4nx261x-d694f12e19280092817328458359073c av-special-heading-h2  avia-builder-el-14  el_before_av_iconlist  avia-builder-el-first'><h2 class='av-special-heading-tag'  itemprop=\"headline\"  >Schnellen Schrittes zum neuen Job:<\/h2><div class=\"special-heading-border\"><div class=\"special-heading-inner-border\"><\/div><\/div><\/div>\n<div  class='avia-icon-list-container av-l4nx8so0-7c5cc6f1aa08d326f24fd914f1fb6d0f  avia-builder-el-15  el_after_av_heading  avia-builder-el-last'><ul class='avia-icon-list avia_animate_when_almost_visible avia-icon-list-left av-iconlist-big av-l4nx8so0-7c5cc6f1aa08d326f24fd914f1fb6d0f avia-iconlist-animate'>\n<li><div class='iconlist_icon av-l4nx3l73-8dcca3a3ff8428a149d1c5ad5bb92851 avia-font-entypo-fontello avia-iconfont avia-font-entypo-fontello'><span class='av-icon-char' data-av_icon='\ue822' data-av_iconfont='entypo-fontello' aria-hidden=\"true\"><\/span><\/div><article class=\"article-icon-entry\"  itemscope=\"itemscope\" itemtype=\"https:\/\/schema.org\/CreativeWork\" ><div class=\"iconlist_content_wrap\"><header class=\"entry-content-header\" aria-label=\"Icon: Kooperation im Arbeitgeber-Netzwerk\"><h4 class='av_iconlist_title iconlist_title'  itemprop=\"headline\" >Kooperation im Arbeitgeber-Netzwerk<\/h4><\/header><div class='iconlist_content'  itemprop=\"text\" ><p>Dank engem und z. T. jahrzehntelangem, pers\u00f6nlichen Kontakt zu Firmen der Region kennen wir deren Philosophie, Bed\u00fcrfnisse und Vakanzen wie kein Zweiter.<\/p>\n<\/div><\/div><footer class=\"entry-footer\"><\/footer><\/article><div class=\"iconlist-timeline\"><\/div><\/li>\n<li><div class='iconlist_icon av-l4nx41r7-98ced05122baed2b2144cf58b0668cad avia-font-entypo-fontello avia-iconfont avia-font-entypo-fontello'><span class='av-icon-char' data-av_icon='\ue83c' data-av_iconfont='entypo-fontello' aria-hidden=\"true\"><\/span><\/div><article class=\"article-icon-entry\"  itemscope=\"itemscope\" itemtype=\"https:\/\/schema.org\/CreativeWork\" ><div class=\"iconlist_content_wrap\"><header class=\"entry-content-header\" aria-label=\"Icon: Kennenlernen und Beratung\"><h4 class='av_iconlist_title iconlist_title'  itemprop=\"headline\" >Kennenlernen und Beratung<\/h4><\/header><div class='iconlist_content'  itemprop=\"text\" ><p>Im pers\u00f6nlichen Gespr\u00e4ch konzentrieren wir uns voll und ganz auf Deine Bed\u00fcrfnisse, Interessen und St\u00e4rken. Und machen Dir sofort attraktive Jobvorschl\u00e4ge.<\/p>\n<\/div><\/div><footer class=\"entry-footer\"><\/footer><\/article><div class=\"iconlist-timeline\"><\/div><\/li>\n<li><div class='iconlist_icon av-l4nx4jik-208f6bd7ff9c9d60fda4274b333017d0 avia-font-entypo-fontello avia-iconfont avia-font-entypo-fontello'><span class='av-icon-char' data-av_icon='\ue8a3' data-av_iconfont='entypo-fontello' aria-hidden=\"true\"><\/span><\/div><article class=\"article-icon-entry\"  itemscope=\"itemscope\" itemtype=\"https:\/\/schema.org\/CreativeWork\" ><div class=\"iconlist_content_wrap\"><header class=\"entry-content-header\" aria-label=\"Icon: Volltreffer\"><h4 class='av_iconlist_title iconlist_title'  itemprop=\"headline\" >Volltreffer<\/h4><\/header><div class='iconlist_content'  itemprop=\"text\" ><p>Zusammen finden wir die ideale Stelle f\u00fcr Dich. Wir bleiben \u00fcber den kompletten Bewerbungsprozess bis zur Vertragsunterzeichnung an Deiner Seite.<\/p>\n<\/div><\/div><footer class=\"entry-footer\"><\/footer><\/article><div class=\"iconlist-timeline\"><\/div><\/li>\n<\/ul><\/div>","protected":false},"excerpt":{"rendered":"","protected":false},"author":1,"featured_media":1106,"parent":0,"menu_order":0,"comment_status":"closed","ping_status":"closed","template":"","meta":{"inline_featured_image":false,"footnotes":""},"class_list":["post-1068","page","type-page","status-publish","has-post-thumbnail","hentry"],"yoast_head":"<!-- This site is optimized with the Yoast SEO plugin v27.3 - https:\/\/yoast.com\/product\/yoast-seo-wordpress\/ -->\n<title>Stellenangebote Augsburg: Pele Personal Jobb\u00f6rse<\/title>\n<meta name=\"description\" content=\"Stellenangebote Augsburg: mit Pele Personal finden Sie Ihren Traumjob: f\u00fcr alle Branchen und Qualifikationen: pers\u00f6nliche Beratung und Begleitung\" \/>\n<meta name=\"robots\" content=\"index, follow, max-snippet:-1, max-image-preview:large, max-video-preview:-1\" \/>\n<link rel=\"canonical\" href=\"https:\/\/pele.de\/du\/stellenangebote-augsburg\/\" \/>\n<meta property=\"og:locale\" content=\"de_DE\" \/>\n<meta property=\"og:type\" content=\"article\" \/>\n<meta property=\"og:title\" content=\"Stellenangebote Augsburg: Pele Personal Jobb\u00f6rse\" \/>\n<meta property=\"og:description\" content=\"Stellenangebote Augsburg: mit Pele Personal finden Sie Ihren Traumjob: f\u00fcr alle Branchen und Qualifikationen: pers\u00f6nliche Beratung und Begleitung\" \/>\n<meta property=\"og:url\" content=\"https:\/\/pele.de\/du\/stellenangebote-augsburg\/\" \/>\n<meta property=\"og:site_name\" content=\"Personaldienstleistung in Augsburg\" \/>\n<meta property=\"article:modified_time\" content=\"2025-09-04T14:57:02+00:00\" \/>\n<meta property=\"og:image\" content=\"https:\/\/pele.de\/wp-content\/uploads\/2022\/06\/pele-zeitarbeit-augsburg-stellenanzeigen-003.jpg\" \/>\n\t<meta property=\"og:image:width\" content=\"1600\" \/>\n\t<meta property=\"og:image:height\" content=\"1067\" \/>\n\t<meta property=\"og:image:type\" content=\"image\/jpeg\" \/>\n<meta name=\"twitter:card\" content=\"summary_large_image\" \/>\n<meta name=\"twitter:label1\" content=\"Est. reading time\" \/>\n\t<meta name=\"twitter:data1\" content=\"2 minutes\" \/>\n<script type=\"application\/ld+json\" class=\"yoast-schema-graph\">{\"@context\":\"https:\\\/\\\/schema.org\",\"@graph\":[{\"@type\":\"WebPage\",\"@id\":\"https:\\\/\\\/pele.de\\\/stellenangebote-augsburg\\\/\",\"url\":\"https:\\\/\\\/pele.de\\\/stellenangebote-augsburg\\\/\",\"name\":\"Stellenangebote Augsburg: Pele Personal Jobb\u00f6rse\",\"isPartOf\":{\"@id\":\"https:\\\/\\\/pele.de\\\/#website\"},\"primaryImageOfPage\":{\"@id\":\"https:\\\/\\\/pele.de\\\/stellenangebote-augsburg\\\/#primaryimage\"},\"image\":{\"@id\":\"https:\\\/\\\/pele.de\\\/stellenangebote-augsburg\\\/#primaryimage\"},\"thumbnailUrl\":\"https:\\\/\\\/pele.de\\\/wp-content\\\/uploads\\\/2022\\\/06\\\/pele-zeitarbeit-augsburg-stellenanzeigen-003.jpg\",\"datePublished\":\"2022-06-21T12:01:46+00:00\",\"dateModified\":\"2025-09-04T14:57:02+00:00\",\"description\":\"Stellenangebote Augsburg: mit Pele Personal finden Sie Ihren Traumjob: f\u00fcr alle Branchen und Qualifikationen: pers\u00f6nliche Beratung und Begleitung\",\"breadcrumb\":{\"@id\":\"https:\\\/\\\/pele.de\\\/stellenangebote-augsburg\\\/#breadcrumb\"},\"inLanguage\":\"de-Du\",\"potentialAction\":[{\"@type\":\"ReadAction\",\"target\":[\"https:\\\/\\\/pele.de\\\/stellenangebote-augsburg\\\/\"]}]},{\"@type\":\"ImageObject\",\"inLanguage\":\"de-Du\",\"@id\":\"https:\\\/\\\/pele.de\\\/stellenangebote-augsburg\\\/#primaryimage\",\"url\":\"https:\\\/\\\/pele.de\\\/wp-content\\\/uploads\\\/2022\\\/06\\\/pele-zeitarbeit-augsburg-stellenanzeigen-003.jpg\",\"contentUrl\":\"https:\\\/\\\/pele.de\\\/wp-content\\\/uploads\\\/2022\\\/06\\\/pele-zeitarbeit-augsburg-stellenanzeigen-003.jpg\",\"width\":1600,\"height\":1067},{\"@type\":\"BreadcrumbList\",\"@id\":\"https:\\\/\\\/pele.de\\\/stellenangebote-augsburg\\\/#breadcrumb\",\"itemListElement\":[{\"@type\":\"ListItem\",\"position\":1,\"name\":\"Startseite\",\"item\":\"https:\\\/\\\/pele.de\\\/startseite\\\/\"},{\"@type\":\"ListItem\",\"position\":2,\"name\":\"Stellenangebote Augsburg\"}]},{\"@type\":\"WebSite\",\"@id\":\"https:\\\/\\\/pele.de\\\/#website\",\"url\":\"https:\\\/\\\/pele.de\\\/\",\"name\":\"Personaldienstleistung in Augsburg\",\"description\":\"Personaldienstleistung in Augsburg\",\"publisher\":{\"@id\":\"https:\\\/\\\/pele.de\\\/#organization\"},\"potentialAction\":[{\"@type\":\"SearchAction\",\"target\":{\"@type\":\"EntryPoint\",\"urlTemplate\":\"https:\\\/\\\/pele.de\\\/?s={search_term_string}\"},\"query-input\":{\"@type\":\"PropertyValueSpecification\",\"valueRequired\":true,\"valueName\":\"search_term_string\"}}],\"inLanguage\":\"de-Du\"},{\"@type\":\"Organization\",\"@id\":\"https:\\\/\\\/pele.de\\\/#organization\",\"name\":\"PELE - Personaldienstleistung\",\"url\":\"https:\\\/\\\/pele.de\\\/\",\"logo\":{\"@type\":\"ImageObject\",\"inLanguage\":\"de-Du\",\"@id\":\"https:\\\/\\\/pele.de\\\/#\\\/schema\\\/logo\\\/image\\\/\",\"url\":\"http:\\\/\\\/pele.de\\\/wp-content\\\/uploads\\\/2021\\\/08\\\/logo-pele.svg\",\"contentUrl\":\"http:\\\/\\\/pele.de\\\/wp-content\\\/uploads\\\/2021\\\/08\\\/logo-pele.svg\",\"width\":89,\"height\":80,\"caption\":\"PELE - Personaldienstleistung\"},\"image\":{\"@id\":\"https:\\\/\\\/pele.de\\\/#\\\/schema\\\/logo\\\/image\\\/\"}}]}<\/script>\n<!-- \/ Yoast SEO plugin. -->","yoast_head_json":{"title":"Stellenangebote Augsburg: Pele Personal Jobb\u00f6rse","description":"Stellenangebote Augsburg: mit Pele Personal finden Sie Ihren Traumjob: f\u00fcr alle Branchen und Qualifikationen: pers\u00f6nliche Beratung und Begleitung","robots":{"index":"index","follow":"follow","max-snippet":"max-snippet:-1","max-image-preview":"max-image-preview:large","max-video-preview":"max-video-preview:-1"},"canonical":"https:\/\/pele.de\/du\/stellenangebote-augsburg\/","og_locale":"de_DE","og_type":"article","og_title":"Stellenangebote Augsburg: Pele Personal Jobb\u00f6rse","og_description":"Stellenangebote Augsburg: mit Pele Personal finden Sie Ihren Traumjob: f\u00fcr alle Branchen und Qualifikationen: pers\u00f6nliche Beratung und Begleitung","og_url":"https:\/\/pele.de\/du\/stellenangebote-augsburg\/","og_site_name":"Personaldienstleistung in Augsburg","article_modified_time":"2025-09-04T14:57:02+00:00","og_image":[{"width":1600,"height":1067,"url":"https:\/\/pele.de\/wp-content\/uploads\/2022\/06\/pele-zeitarbeit-augsburg-stellenanzeigen-003.jpg","type":"image\/jpeg"}],"twitter_card":"summary_large_image","twitter_misc":{"Est. reading time":"2 minutes"},"schema":{"@context":"https:\/\/schema.org","@graph":[{"@type":"WebPage","@id":"https:\/\/pele.de\/stellenangebote-augsburg\/","url":"https:\/\/pele.de\/stellenangebote-augsburg\/","name":"Stellenangebote Augsburg: Pele Personal Jobb\u00f6rse","isPartOf":{"@id":"https:\/\/pele.de\/#website"},"primaryImageOfPage":{"@id":"https:\/\/pele.de\/stellenangebote-augsburg\/#primaryimage"},"image":{"@id":"https:\/\/pele.de\/stellenangebote-augsburg\/#primaryimage"},"thumbnailUrl":"https:\/\/pele.de\/wp-content\/uploads\/2022\/06\/pele-zeitarbeit-augsburg-stellenanzeigen-003.jpg","datePublished":"2022-06-21T12:01:46+00:00","dateModified":"2025-09-04T14:57:02+00:00","description":"Stellenangebote Augsburg: mit Pele Personal finden Sie Ihren Traumjob: f\u00fcr alle Branchen und Qualifikationen: pers\u00f6nliche Beratung und Begleitung","breadcrumb":{"@id":"https:\/\/pele.de\/stellenangebote-augsburg\/#breadcrumb"},"inLanguage":"de-Du","potentialAction":[{"@type":"ReadAction","target":["https:\/\/pele.de\/stellenangebote-augsburg\/"]}]},{"@type":"ImageObject","inLanguage":"de-Du","@id":"https:\/\/pele.de\/stellenangebote-augsburg\/#primaryimage","url":"https:\/\/pele.de\/wp-content\/uploads\/2022\/06\/pele-zeitarbeit-augsburg-stellenanzeigen-003.jpg","contentUrl":"https:\/\/pele.de\/wp-content\/uploads\/2022\/06\/pele-zeitarbeit-augsburg-stellenanzeigen-003.jpg","width":1600,"height":1067},{"@type":"BreadcrumbList","@id":"https:\/\/pele.de\/stellenangebote-augsburg\/#breadcrumb","itemListElement":[{"@type":"ListItem","position":1,"name":"Startseite","item":"https:\/\/pele.de\/startseite\/"},{"@type":"ListItem","position":2,"name":"Stellenangebote Augsburg"}]},{"@type":"WebSite","@id":"https:\/\/pele.de\/#website","url":"https:\/\/pele.de\/","name":"Personaldienstleistung in Augsburg","description":"Personaldienstleistung in Augsburg","publisher":{"@id":"https:\/\/pele.de\/#organization"},"potentialAction":[{"@type":"SearchAction","target":{"@type":"EntryPoint","urlTemplate":"https:\/\/pele.de\/?s={search_term_string}"},"query-input":{"@type":"PropertyValueSpecification","valueRequired":true,"valueName":"search_term_string"}}],"inLanguage":"de-Du"},{"@type":"Organization","@id":"https:\/\/pele.de\/#organization","name":"PELE - Personaldienstleistung","url":"https:\/\/pele.de\/","logo":{"@type":"ImageObject","inLanguage":"de-Du","@id":"https:\/\/pele.de\/#\/schema\/logo\/image\/","url":"http:\/\/pele.de\/wp-content\/uploads\/2021\/08\/logo-pele.svg","contentUrl":"http:\/\/pele.de\/wp-content\/uploads\/2021\/08\/logo-pele.svg","width":89,"height":80,"caption":"PELE - Personaldienstleistung"},"image":{"@id":"https:\/\/pele.de\/#\/schema\/logo\/image\/"}}]}},"_links":{"self":[{"href":"https:\/\/pele.de\/du\/wp-json\/wp\/v2\/pages\/1068","targetHints":{"allow":["GET"]}}],"collection":[{"href":"https:\/\/pele.de\/du\/wp-json\/wp\/v2\/pages"}],"about":[{"href":"https:\/\/pele.de\/du\/wp-json\/wp\/v2\/types\/page"}],"author":[{"embeddable":true,"href":"https:\/\/pele.de\/du\/wp-json\/wp\/v2\/users\/1"}],"replies":[{"embeddable":true,"href":"https:\/\/pele.de\/du\/wp-json\/wp\/v2\/comments?post=1068"}],"version-history":[{"count":2,"href":"https:\/\/pele.de\/du\/wp-json\/wp\/v2\/pages\/1068\/revisions"}],"predecessor-version":[{"id":2848,"href":"https:\/\/pele.de\/du\/wp-json\/wp\/v2\/pages\/1068\/revisions\/2848"}],"wp:featuredmedia":[{"embeddable":true,"href":"https:\/\/pele.de\/du\/wp-json\/wp\/v2\/media\/1106"}],"wp:attachment":[{"href":"https:\/\/pele.de\/du\/wp-json\/wp\/v2\/media?parent=1068"}],"curies":[{"name":"wp","href":"https:\/\/api.w.org\/{rel}","templated":true}]}}