{"id":1127,"date":"2022-06-22T08:49:32","date_gmt":"2022-06-22T06:49:32","guid":{"rendered":"http:\/\/pele.studio-augsburg.de\/?page_id=1127"},"modified":"2025-09-04T16:59:52","modified_gmt":"2025-09-04T14:59:52","slug":"initiativbewerbung","status":"publish","type":"page","link":"https:\/\/pele.de\/du\/initiativbewerbung\/","title":{"rendered":"Initiativbewerbung"},"content":{"rendered":"<style type=\"text\/css\" data-created_by=\"avia_inline_auto\" id=\"style-css-av-l4ntxc7b-1f9bb4190aeacb736a11e2116f14394e\">\n.avia-section.av-l4ntxc7b-1f9bb4190aeacb736a11e2116f14394e .av-parallax .av-parallax-inner{\nbackground-repeat:no-repeat;\nbackground-image:url(https:\/\/pele.de\/wp-content\/uploads\/2022\/06\/pele-zeitarbeit-augsburg-008-scaled.jpg);\nbackground-position:50% 50%;\nbackground-attachment:scroll;\n}\n.avia-section.av-l4ntxc7b-1f9bb4190aeacb736a11e2116f14394e .av-section-color-overlay{\nopacity:0.7;\nbackground-color:#ffffff;\n}\n<\/style>\n<div id='job-highlights'  class='avia-section av-l4ntxc7b-1f9bb4190aeacb736a11e2116f14394e main_color avia-section-default avia-no-border-styling  avia-builder-el-0  el_before_av_section  avia-builder-el-first  vhplus300px avia-full-stretch av-parallax-section avia-bg-style-parallax av-section-color-overlay-active av-minimum-height av-minimum-height-50 av-height-50  container_wrap fullsize'  data-section-bg-repeat='stretch' data-av_minimum_height_pc='50' data-av_min_height_opt='50'><div class='av-parallax' data-avia-parallax-ratio='0.3' ><div class='av-parallax-inner main_color avia-full-stretch'><\/div><\/div><div class=\"av-section-color-overlay-wrap\"><div class=\"av-section-color-overlay\"><\/div><div class='container av-section-cont-open' ><main  role=\"main\" itemprop=\"mainContentOfPage\"  class='template-page content  av-content-full alpha units'><div class='post-entry post-entry-type-page post-entry-1127'><div class='entry-content-wrapper clearfix'>\n\n<style type=\"text\/css\" data-created_by=\"avia_inline_auto\" id=\"style-css-av-l4p86dkt-2940621185a279d439abc820f39d159c\">\n#top .av-special-heading.av-l4p86dkt-2940621185a279d439abc820f39d159c{\npadding-bottom:10px;\n}\nbody .av-special-heading.av-l4p86dkt-2940621185a279d439abc820f39d159c .av-special-heading-tag .heading-char{\nfont-size:25px;\n}\n.av-special-heading.av-l4p86dkt-2940621185a279d439abc820f39d159c .av-subheading{\nfont-size:15px;\n}\n<\/style>\n<div  class='av-special-heading av-l4p86dkt-2940621185a279d439abc820f39d159c av-special-heading-h1  avia-builder-el-1  avia-builder-el-no-sibling  mb-60'><h1 class='av-special-heading-tag'  itemprop=\"headline\"  >Initiativbewerbung<\/h1><div class=\"special-heading-border\"><div class=\"special-heading-inner-border\"><\/div><\/div><\/div>\n\n<\/div><\/div><\/main><!-- close content main element --><\/div><\/div><\/div><div id='breadcrumbs'  class='avia-section av-4uqj7b-d9ef0756775040a7906b2dfb4aca492b main_color avia-section-no-padding avia-no-border-styling  avia-builder-el-2  el_after_av_section  el_before_av_section  breadcrumbs avia-bg-style-scroll av-minimum-height av-minimum-height-custom av-height-custom  container_wrap fullsize'   data-av_minimum_height_px='10'><div class='container av-section-cont-open' style='height:10px'><div class='template-page content  av-content-full alpha units'><div class='post-entry post-entry-type-page post-entry-1127'><div class='entry-content-wrapper clearfix'>\n\n\n<\/div><\/div><\/div><!-- close content main div --><\/div><\/div><div id='av_section_3'  class='avia-section av-6p5fa-ce5f4781b5e29a00b5d91f3295aba11b main_color avia-section-default avia-no-border-styling  avia-builder-el-4  el_after_av_section  el_before_av_section  vhplus300px avia-bg-style-parallax container_wrap fullsize'  ><div class='container av-section-cont-open' ><div class='template-page content  av-content-full alpha units'><div class='post-entry post-entry-type-page post-entry-1127'><div class='entry-content-wrapper clearfix'>\n<section  class='av_textblock_section av-l4p8jab0-3be29660ec955aa9c030722caac19b16'   itemscope=\"itemscope\" itemtype=\"https:\/\/schema.org\/CreativeWork\" ><div class='avia_textblock'  itemprop=\"text\" ><h2>Ergreife die Initiative!<\/h2>\n<p>Finden ohne Suchen: Du verr\u00e4tst uns, was Du richtig gut kannst und was Dich selbst montags voller Elan aus dem Bett springen l\u00e4sst \u2013 wir k\u00fcmmern uns um den passenden Job f\u00fcr Dich! Schicke uns Deine Initiativbewerbung oder mach einen pers\u00f6nlichen Termin bei uns aus. Wir m\u00f6chten Dich und Deine Talente kennenlernen \u2013 und durchforsten dann direkt unser Netzwerk nach Deiner Wunschstelle.<\/p>\n<p><strong>\u00a0<\/strong><\/p>\n<h2><strong>Unser gro\u00dfes Netzwerk ist Deine halbe Anstellung <\/strong><\/h2>\n<p>Jobressourcen nonstop: In puncto Firmenkontakte ist Pele Personal aus Augsburg breit aufgestellt. In unserem <strong>riesigen, branchen\u00fcbergreifenden Netzwerk<\/strong> finden wir gemeinsam den einen Wunsch-Arbeitgeber f\u00fcr Dich. Selbstverst\u00e4ndlich gehen wir dabei durchweg diskret und maximal datensicher vor. Eines musst Du uns zugestehen: den gemeinsamen Freudensprung, wenn Du Deinen Traumjob mit uns gesichert hast.<\/p>\n<\/div><\/section>\n\n<\/div><\/div><\/div><!-- close content main div --><\/div><\/div>\n<style type=\"text\/css\" data-created_by=\"avia_inline_auto\" id=\"style-css-av-l4p9wog9-62782a26797643aa6d9db20b7469403b\">\n.avia-section.av-l4p9wog9-62782a26797643aa6d9db20b7469403b .av-parallax .av-parallax-inner{\nbackground-repeat:no-repeat;\nbackground-image:url(https:\/\/pele.de\/wp-content\/uploads\/2022\/06\/pele-zeitarbeit-augsburg-010.jpg);\nbackground-position:50% 50%;\nbackground-attachment:scroll;\n}\n.avia-section.av-l4p9wog9-62782a26797643aa6d9db20b7469403b .av-section-color-overlay{\nopacity:0.8;\nbackground-color:#ffffff;\n}\n#top .avia-section.av-l4p9wog9-62782a26797643aa6d9db20b7469403b .scroll-down-link{\ncolor:#ff0000;\n}\n#top .avia-section.av-l4p9wog9-62782a26797643aa6d9db20b7469403b .scroll-down-link.avia-svg-icon svg:first-child{\nstroke:#ff0000;\nfill:#ff0000;\n}\n<\/style>\n<div id='initiativbewerbung'  class='avia-section av-l4p9wog9-62782a26797643aa6d9db20b7469403b main_color avia-section-default avia-no-border-styling  avia-builder-el-6  el_after_av_section  el_before_av_section  vhplus300px avia-full-stretch av-parallax-section avia-bg-style-parallax av-section-color-overlay-active av-minimum-height av-minimum-height-50 av-height-50  container_wrap fullsize'  data-section-bg-repeat='stretch' data-av_minimum_height_pc='50' data-av_min_height_opt='50'><div class='av-parallax' data-avia-parallax-ratio='0.3' ><div class='av-parallax-inner main_color avia-full-stretch'><\/div><\/div><div class=\"av-section-color-overlay-wrap\"><div class=\"av-section-color-overlay\"><\/div><a href='#next-section' title='' class='scroll-down-link av-custom-scroll-down-color avia-svg-icon avia-font-svg_entypo-fontello' data-av_svg_icon='down-open-mini' data-av_iconset='svg_entypo-fontello'><svg version=\"1.1\" xmlns=\"http:\/\/www.w3.org\/2000\/svg\" width=\"15\" height=\"32\" viewbox=\"0 0 15 32\" preserveaspectratio=\"xMidYMid meet\" aria-labelledby='av-svg-title-1' aria-describedby='av-svg-desc-1' role=\"graphics-symbol\" aria-hidden=\"true\">\n<title id='av-svg-title-1'>Scroll to next section<\/title>\n<desc id='av-svg-desc-1'>Scroll to next section<\/desc>\n<path d=\"M12.96 12.16q0.704-0.832 1.536 0 0.832 0.704 0 1.536l-6.272 6.144q-0.704 0.704-1.536 0l-6.272-6.144q-0.832-0.832 0-1.536 0.768-0.768 1.6 0l5.44 4.992z\"><\/path>\n<\/svg><\/a><div class='container av-section-cont-open' ><div class='template-page content  av-content-full alpha units'><div class='post-entry post-entry-type-page post-entry-1127'><div class='entry-content-wrapper clearfix'>\n\n<style type=\"text\/css\" data-created_by=\"avia_inline_auto\" id=\"style-css-av-cicaf-0e212993b2504ddd6d6f5c78141a7bc3\">\n#top .av-special-heading.av-cicaf-0e212993b2504ddd6d6f5c78141a7bc3{\npadding-bottom:10px;\n}\nbody .av-special-heading.av-cicaf-0e212993b2504ddd6d6f5c78141a7bc3 .av-special-heading-tag .heading-char{\nfont-size:25px;\n}\n.av-special-heading.av-cicaf-0e212993b2504ddd6d6f5c78141a7bc3 .av-subheading{\nfont-size:15px;\n}\n<\/style>\n<div  class='av-special-heading av-cicaf-0e212993b2504ddd6d6f5c78141a7bc3 av-special-heading-h2  avia-builder-el-7  el_before_av_textblock  avia-builder-el-first'><h2 class='av-special-heading-tag'  itemprop=\"headline\"  >Trau dich! Jetzt initiativ bewerben.<\/h2><div class=\"special-heading-border\"><div class=\"special-heading-inner-border\"><\/div><\/div><\/div>\n<section  class='av_textblock_section av-1y8qtj-b6082fcbd9d00f53c0ae0a29b45daf5a'   itemscope=\"itemscope\" itemtype=\"https:\/\/schema.org\/CreativeWork\" ><div class='avia_textblock'  itemprop=\"text\" ><ul>\n<li>pers\u00f6nliche Begleitung \u00fcber den Bewerbungsprozess hinweg<\/li>\n<li>individuelle Analyse Deiner Talente und W\u00fcnsche<\/li>\n<li>schnelles Job-Matching f\u00fcr Deine ideale Stelle in und um Augsburg<\/li>\n<li>Datensicherheit und Anonymit\u00e4t bei der Jobsuche<\/li>\n<li>riesiges Netzwerk aus potenziellen Arbeitgebern<\/li>\n<\/ul>\n<\/div><\/section>\n\n<\/div><\/div><\/div><!-- close content main div --><\/div><\/div><\/div>\n<style type=\"text\/css\" data-created_by=\"avia_inline_auto\" id=\"style-css-av-7rbni-090598b56592838b311ad1d46059aff0\">\n.avia-section.av-7rbni-090598b56592838b311ad1d46059aff0{\nbackground-color:#ffffff;\nbackground-image:url(https:\/\/pele.de\/wp-content\/uploads\/2025\/07\/fachkraft-lager-pele-zeitarbeit-augsburg-stellenanzeige-03.jpg);\nbackground-repeat:no-repeat;\nbackground-position:50% 50%;\nbackground-attachment:scroll;\n}\n.avia-section.av-7rbni-090598b56592838b311ad1d46059aff0 .av-section-color-overlay{\nopacity:0.9;\nbackground-color:#ffffff;\n}\n<\/style>\n<div id='kontakt'  class='avia-section av-7rbni-090598b56592838b311ad1d46059aff0 main_color avia-section-default avia-no-border-styling  avia-builder-el-9  el_after_av_section  avia-builder-el-last  vhplus300px cta avia-full-stretch avia-bg-style-scroll av-section-color-overlay-active av-minimum-height av-minimum-height-50 av-height-50  container_wrap fullsize'  data-section-bg-repeat='stretch' data-av_minimum_height_pc='50' data-av_min_height_opt='50'><div class=\"av-section-color-overlay-wrap\"><div class=\"av-section-color-overlay\"><\/div><div class='container av-section-cont-open' ><div class='template-page content  av-content-full alpha units'><div class='post-entry post-entry-type-page post-entry-1127'><div class='entry-content-wrapper clearfix'>\n<section  class='av_textblock_section av-l4o3k8es-98c0565f7bc0809f8f85c51a05a7a2fb'   itemscope=\"itemscope\" itemtype=\"https:\/\/schema.org\/CreativeWork\" ><div class='avia_textblock'  itemprop=\"text\" ><p>Bei der Jobsuche m\u00f6chtest Du nichts dem Zufall \u00fcberlassen? Du w\u00fcnscht Dir bei der Stellensuche handfeste Unterst\u00fctzung von erfahrenen Job-Experten aus Augsburg?<\/p>\n<\/div><\/section>","protected":false},"excerpt":{"rendered":"","protected":false},"author":1,"featured_media":1101,"parent":0,"menu_order":0,"comment_status":"closed","ping_status":"closed","template":"","meta":{"inline_featured_image":false,"footnotes":""},"class_list":["post-1127","page","type-page","status-publish","has-post-thumbnail","hentry"],"yoast_head":"<!-- This site is optimized with the Yoast SEO plugin v27.3 - https:\/\/yoast.com\/product\/yoast-seo-wordpress\/ -->\n<title>Initiativbewerbung: Jobsuche mit Pele Personal Augsburg<\/title>\n<meta name=\"description\" content=\"Initiativbewerbung: Jetzt aktiv werden und Traumstelle in Augsburg sichern: Sie stellen sich uns vor, wir finden schnell und treffsicher Ihren Wunschjob\" \/>\n<meta name=\"robots\" content=\"index, follow, max-snippet:-1, max-image-preview:large, max-video-preview:-1\" \/>\n<link rel=\"canonical\" href=\"https:\/\/pele.de\/du\/initiativbewerbung\/\" \/>\n<meta property=\"og:locale\" content=\"de_DE\" \/>\n<meta property=\"og:type\" content=\"article\" \/>\n<meta property=\"og:title\" content=\"Initiativbewerbung: Jobsuche mit Pele Personal Augsburg\" \/>\n<meta property=\"og:description\" content=\"Initiativbewerbung: Jetzt aktiv werden und Traumstelle in Augsburg sichern: Sie stellen sich uns vor, wir finden schnell und treffsicher Ihren Wunschjob\" \/>\n<meta property=\"og:url\" content=\"https:\/\/pele.de\/du\/initiativbewerbung\/\" \/>\n<meta property=\"og:site_name\" content=\"Personaldienstleistung in Augsburg\" \/>\n<meta property=\"article:modified_time\" content=\"2025-09-04T14:59:52+00:00\" \/>\n<meta property=\"og:image\" content=\"https:\/\/pele.de\/wp-content\/uploads\/2022\/06\/pele-zeitarbeit-augsburg-008-1030x687.jpg\" \/>\n\t<meta property=\"og:image:width\" content=\"1030\" \/>\n\t<meta property=\"og:image:height\" content=\"687\" \/>\n\t<meta property=\"og:image:type\" content=\"image\/jpeg\" \/>\n<meta name=\"twitter:card\" content=\"summary_large_image\" \/>\n<meta name=\"twitter:label1\" content=\"Est. reading time\" \/>\n\t<meta name=\"twitter:data1\" content=\"2 minutes\" \/>\n<script type=\"application\/ld+json\" class=\"yoast-schema-graph\">{\"@context\":\"https:\\\/\\\/schema.org\",\"@graph\":[{\"@type\":\"WebPage\",\"@id\":\"https:\\\/\\\/pele.de\\\/initiativbewerbung\\\/\",\"url\":\"https:\\\/\\\/pele.de\\\/initiativbewerbung\\\/\",\"name\":\"Initiativbewerbung: Jobsuche mit Pele Personal Augsburg\",\"isPartOf\":{\"@id\":\"https:\\\/\\\/pele.de\\\/#website\"},\"primaryImageOfPage\":{\"@id\":\"https:\\\/\\\/pele.de\\\/initiativbewerbung\\\/#primaryimage\"},\"image\":{\"@id\":\"https:\\\/\\\/pele.de\\\/initiativbewerbung\\\/#primaryimage\"},\"thumbnailUrl\":\"https:\\\/\\\/pele.de\\\/wp-content\\\/uploads\\\/2022\\\/06\\\/pele-zeitarbeit-augsburg-008-scaled.jpg\",\"datePublished\":\"2022-06-22T06:49:32+00:00\",\"dateModified\":\"2025-09-04T14:59:52+00:00\",\"description\":\"Initiativbewerbung: Jetzt aktiv werden und Traumstelle in Augsburg sichern: Sie stellen sich uns vor, wir finden schnell und treffsicher Ihren Wunschjob\",\"breadcrumb\":{\"@id\":\"https:\\\/\\\/pele.de\\\/initiativbewerbung\\\/#breadcrumb\"},\"inLanguage\":\"de-Du\",\"potentialAction\":[{\"@type\":\"ReadAction\",\"target\":[\"https:\\\/\\\/pele.de\\\/initiativbewerbung\\\/\"]}]},{\"@type\":\"ImageObject\",\"inLanguage\":\"de-Du\",\"@id\":\"https:\\\/\\\/pele.de\\\/initiativbewerbung\\\/#primaryimage\",\"url\":\"https:\\\/\\\/pele.de\\\/wp-content\\\/uploads\\\/2022\\\/06\\\/pele-zeitarbeit-augsburg-008-scaled.jpg\",\"contentUrl\":\"https:\\\/\\\/pele.de\\\/wp-content\\\/uploads\\\/2022\\\/06\\\/pele-zeitarbeit-augsburg-008-scaled.jpg\",\"width\":2560,\"height\":1707},{\"@type\":\"BreadcrumbList\",\"@id\":\"https:\\\/\\\/pele.de\\\/initiativbewerbung\\\/#breadcrumb\",\"itemListElement\":[{\"@type\":\"ListItem\",\"position\":1,\"name\":\"Startseite\",\"item\":\"https:\\\/\\\/pele.de\\\/startseite\\\/\"},{\"@type\":\"ListItem\",\"position\":2,\"name\":\"Initiativbewerbung\"}]},{\"@type\":\"WebSite\",\"@id\":\"https:\\\/\\\/pele.de\\\/#website\",\"url\":\"https:\\\/\\\/pele.de\\\/\",\"name\":\"Personaldienstleistung in Augsburg\",\"description\":\"Personaldienstleistung in Augsburg\",\"publisher\":{\"@id\":\"https:\\\/\\\/pele.de\\\/#organization\"},\"potentialAction\":[{\"@type\":\"SearchAction\",\"target\":{\"@type\":\"EntryPoint\",\"urlTemplate\":\"https:\\\/\\\/pele.de\\\/?s={search_term_string}\"},\"query-input\":{\"@type\":\"PropertyValueSpecification\",\"valueRequired\":true,\"valueName\":\"search_term_string\"}}],\"inLanguage\":\"de-Du\"},{\"@type\":\"Organization\",\"@id\":\"https:\\\/\\\/pele.de\\\/#organization\",\"name\":\"PELE - Personaldienstleistung\",\"url\":\"https:\\\/\\\/pele.de\\\/\",\"logo\":{\"@type\":\"ImageObject\",\"inLanguage\":\"de-Du\",\"@id\":\"https:\\\/\\\/pele.de\\\/#\\\/schema\\\/logo\\\/image\\\/\",\"url\":\"http:\\\/\\\/pele.de\\\/wp-content\\\/uploads\\\/2021\\\/08\\\/logo-pele.svg\",\"contentUrl\":\"http:\\\/\\\/pele.de\\\/wp-content\\\/uploads\\\/2021\\\/08\\\/logo-pele.svg\",\"width\":89,\"height\":80,\"caption\":\"PELE - Personaldienstleistung\"},\"image\":{\"@id\":\"https:\\\/\\\/pele.de\\\/#\\\/schema\\\/logo\\\/image\\\/\"}}]}<\/script>\n<!-- \/ Yoast SEO plugin. -->","yoast_head_json":{"title":"Initiativbewerbung: Jobsuche mit Pele Personal Augsburg","description":"Initiativbewerbung: Jetzt aktiv werden und Traumstelle in Augsburg sichern: Sie stellen sich uns vor, wir finden schnell und treffsicher Ihren Wunschjob","robots":{"index":"index","follow":"follow","max-snippet":"max-snippet:-1","max-image-preview":"max-image-preview:large","max-video-preview":"max-video-preview:-1"},"canonical":"https:\/\/pele.de\/du\/initiativbewerbung\/","og_locale":"de_DE","og_type":"article","og_title":"Initiativbewerbung: Jobsuche mit Pele Personal Augsburg","og_description":"Initiativbewerbung: Jetzt aktiv werden und Traumstelle in Augsburg sichern: Sie stellen sich uns vor, wir finden schnell und treffsicher Ihren Wunschjob","og_url":"https:\/\/pele.de\/du\/initiativbewerbung\/","og_site_name":"Personaldienstleistung in Augsburg","article_modified_time":"2025-09-04T14:59:52+00:00","og_image":[{"width":1030,"height":687,"url":"https:\/\/pele.de\/wp-content\/uploads\/2022\/06\/pele-zeitarbeit-augsburg-008-1030x687.jpg","type":"image\/jpeg"}],"twitter_card":"summary_large_image","twitter_misc":{"Est. reading time":"2 minutes"},"schema":{"@context":"https:\/\/schema.org","@graph":[{"@type":"WebPage","@id":"https:\/\/pele.de\/initiativbewerbung\/","url":"https:\/\/pele.de\/initiativbewerbung\/","name":"Initiativbewerbung: Jobsuche mit Pele Personal Augsburg","isPartOf":{"@id":"https:\/\/pele.de\/#website"},"primaryImageOfPage":{"@id":"https:\/\/pele.de\/initiativbewerbung\/#primaryimage"},"image":{"@id":"https:\/\/pele.de\/initiativbewerbung\/#primaryimage"},"thumbnailUrl":"https:\/\/pele.de\/wp-content\/uploads\/2022\/06\/pele-zeitarbeit-augsburg-008-scaled.jpg","datePublished":"2022-06-22T06:49:32+00:00","dateModified":"2025-09-04T14:59:52+00:00","description":"Initiativbewerbung: Jetzt aktiv werden und Traumstelle in Augsburg sichern: Sie stellen sich uns vor, wir finden schnell und treffsicher Ihren Wunschjob","breadcrumb":{"@id":"https:\/\/pele.de\/initiativbewerbung\/#breadcrumb"},"inLanguage":"de-Du","potentialAction":[{"@type":"ReadAction","target":["https:\/\/pele.de\/initiativbewerbung\/"]}]},{"@type":"ImageObject","inLanguage":"de-Du","@id":"https:\/\/pele.de\/initiativbewerbung\/#primaryimage","url":"https:\/\/pele.de\/wp-content\/uploads\/2022\/06\/pele-zeitarbeit-augsburg-008-scaled.jpg","contentUrl":"https:\/\/pele.de\/wp-content\/uploads\/2022\/06\/pele-zeitarbeit-augsburg-008-scaled.jpg","width":2560,"height":1707},{"@type":"BreadcrumbList","@id":"https:\/\/pele.de\/initiativbewerbung\/#breadcrumb","itemListElement":[{"@type":"ListItem","position":1,"name":"Startseite","item":"https:\/\/pele.de\/startseite\/"},{"@type":"ListItem","position":2,"name":"Initiativbewerbung"}]},{"@type":"WebSite","@id":"https:\/\/pele.de\/#website","url":"https:\/\/pele.de\/","name":"Personaldienstleistung in Augsburg","description":"Personaldienstleistung in Augsburg","publisher":{"@id":"https:\/\/pele.de\/#organization"},"potentialAction":[{"@type":"SearchAction","target":{"@type":"EntryPoint","urlTemplate":"https:\/\/pele.de\/?s={search_term_string}"},"query-input":{"@type":"PropertyValueSpecification","valueRequired":true,"valueName":"search_term_string"}}],"inLanguage":"de-Du"},{"@type":"Organization","@id":"https:\/\/pele.de\/#organization","name":"PELE - Personaldienstleistung","url":"https:\/\/pele.de\/","logo":{"@type":"ImageObject","inLanguage":"de-Du","@id":"https:\/\/pele.de\/#\/schema\/logo\/image\/","url":"http:\/\/pele.de\/wp-content\/uploads\/2021\/08\/logo-pele.svg","contentUrl":"http:\/\/pele.de\/wp-content\/uploads\/2021\/08\/logo-pele.svg","width":89,"height":80,"caption":"PELE - Personaldienstleistung"},"image":{"@id":"https:\/\/pele.de\/#\/schema\/logo\/image\/"}}]}},"_links":{"self":[{"href":"https:\/\/pele.de\/du\/wp-json\/wp\/v2\/pages\/1127","targetHints":{"allow":["GET"]}}],"collection":[{"href":"https:\/\/pele.de\/du\/wp-json\/wp\/v2\/pages"}],"about":[{"href":"https:\/\/pele.de\/du\/wp-json\/wp\/v2\/types\/page"}],"author":[{"embeddable":true,"href":"https:\/\/pele.de\/du\/wp-json\/wp\/v2\/users\/1"}],"replies":[{"embeddable":true,"href":"https:\/\/pele.de\/du\/wp-json\/wp\/v2\/comments?post=1127"}],"version-history":[{"count":4,"href":"https:\/\/pele.de\/du\/wp-json\/wp\/v2\/pages\/1127\/revisions"}],"predecessor-version":[{"id":2850,"href":"https:\/\/pele.de\/du\/wp-json\/wp\/v2\/pages\/1127\/revisions\/2850"}],"wp:featuredmedia":[{"embeddable":true,"href":"https:\/\/pele.de\/du\/wp-json\/wp\/v2\/media\/1101"}],"wp:attachment":[{"href":"https:\/\/pele.de\/du\/wp-json\/wp\/v2\/media?parent=1127"}],"curies":[{"name":"wp","href":"https:\/\/api.w.org\/{rel}","templated":true}]}}