{"id":1151,"date":"2022-06-22T09:56:15","date_gmt":"2022-06-22T07:56:15","guid":{"rendered":"http:\/\/pele.studio-augsburg.de\/?page_id=1151"},"modified":"2025-09-04T17:03:58","modified_gmt":"2025-09-04T15:03:58","slug":"bewerberberatung","status":"publish","type":"page","link":"https:\/\/pele.de\/du\/bewerberberatung\/","title":{"rendered":"Bewerberberatung"},"content":{"rendered":"<style type=\"text\/css\" data-created_by=\"avia_inline_auto\" id=\"style-css-av-l4ntxc7b-dcf4b349ad65ddf94031452fec387f25\">\n.avia-section.av-l4ntxc7b-dcf4b349ad65ddf94031452fec387f25 .av-parallax .av-parallax-inner{\nbackground-repeat:no-repeat;\nbackground-image:url(https:\/\/pele.de\/wp-content\/uploads\/2022\/01\/pele-zeitarbeit-augsburg-001.jpg);\nbackground-position:50% 50%;\nbackground-attachment:scroll;\n}\n.avia-section.av-l4ntxc7b-dcf4b349ad65ddf94031452fec387f25 .av-section-color-overlay{\nopacity:0.7;\nbackground-color:#ffffff;\n}\n<\/style>\n<div id='job-highlights'  class='avia-section av-l4ntxc7b-dcf4b349ad65ddf94031452fec387f25 main_color avia-section-default avia-no-border-styling  avia-builder-el-0  el_before_av_section  avia-builder-el-first  vhplus300px avia-full-stretch av-parallax-section avia-bg-style-parallax av-section-color-overlay-active av-minimum-height av-minimum-height-50 av-height-50  container_wrap fullsize'  data-section-bg-repeat='stretch' data-av_minimum_height_pc='50' data-av_min_height_opt='50'><div class='av-parallax' data-avia-parallax-ratio='0.3' ><div class='av-parallax-inner main_color avia-full-stretch'><\/div><\/div><div class=\"av-section-color-overlay-wrap\"><div class=\"av-section-color-overlay\"><\/div><div class='container av-section-cont-open' ><main  role=\"main\" itemprop=\"mainContentOfPage\"  class='template-page content  av-content-full alpha units'><div class='post-entry post-entry-type-page post-entry-1151'><div class='entry-content-wrapper clearfix'>\n\n<style type=\"text\/css\" data-created_by=\"avia_inline_auto\" id=\"style-css-av-l4p86dkt-2239867fa5716ff56541cd75b0b1d1de\">\n#top .av-special-heading.av-l4p86dkt-2239867fa5716ff56541cd75b0b1d1de{\npadding-bottom:10px;\n}\nbody .av-special-heading.av-l4p86dkt-2239867fa5716ff56541cd75b0b1d1de .av-special-heading-tag .heading-char{\nfont-size:25px;\n}\n.av-special-heading.av-l4p86dkt-2239867fa5716ff56541cd75b0b1d1de .av-subheading{\nfont-size:15px;\n}\n<\/style>\n<div  class='av-special-heading av-l4p86dkt-2239867fa5716ff56541cd75b0b1d1de av-special-heading-h1  avia-builder-el-1  avia-builder-el-no-sibling  mb-60'><h1 class='av-special-heading-tag'  itemprop=\"headline\"  >Bewerberberatung Augsburg<\/h1><div class=\"special-heading-border\"><div class=\"special-heading-inner-border\"><\/div><\/div><\/div>\n\n<\/div><\/div><\/main><!-- close content main element --><\/div><\/div><\/div><div id='breadcrumbs'  class='avia-section av-49ffhb-cb3ce19554335808170a319a0447bc09 main_color avia-section-no-padding avia-no-border-styling  avia-builder-el-2  el_after_av_section  el_before_av_section  breadcrumbs avia-bg-style-scroll av-minimum-height av-minimum-height-custom av-height-custom  container_wrap fullsize'   data-av_minimum_height_px='10'><div class='container av-section-cont-open' style='height:10px'><div class='template-page content  av-content-full alpha units'><div class='post-entry post-entry-type-page post-entry-1151'><div class='entry-content-wrapper clearfix'>\n\n\n<\/div><\/div><\/div><!-- close content main div --><\/div><\/div><div id='einleitung'  class='avia-section av-ma2a4-efeb085e48c0532046efcd685da153e0 main_color avia-section-default avia-no-border-styling  avia-builder-el-4  el_after_av_section  el_before_av_section  vhplus300px avia-bg-style-fixed av-minimum-height av-minimum-height-50 av-height-50  container_wrap fullsize'   data-av_minimum_height_pc='50' data-av_min_height_opt='50'><div class='container av-section-cont-open' ><div class='template-page content  av-content-full alpha units'><div class='post-entry post-entry-type-page post-entry-1151'><div class='entry-content-wrapper clearfix'>\n<section  class='av_textblock_section av-l4nu5rtv-8325978429406ec2cf049a92517cfb3a'   itemscope=\"itemscope\" itemtype=\"https:\/\/schema.org\/CreativeWork\" ><div class='avia_textblock'  itemprop=\"text\" ><h2>Neue Karrierewege in Deine berufliche Zukunft<\/h2>\n<p>Job-Gl\u00fcck in Sicht: In der Arbeit ist die Luft raus? Du findest einfach keinen Job, der Dich erf\u00fcllt? Wir sorgen daf\u00fcr, dass Du Dich k\u00fcnftig schon sonntags auf die neue Arbeitswoche freust! In unserer <strong>Rundum-erfolgreich-Bewerberberatung<\/strong> unterst\u00fctzen wir Dich auf Deinem Weg zum Wunschjob: Die Pele Personal-Jobexperten aus Augsburg definieren Deine Talente, tunen Dein Lebenslauf und machen Dich fit f\u00fcr den Bewerbungsprozess. Nur unterschreiben musst Du dann noch selbst.<\/p>\n<h2>Bewerberberatung for free<\/h2>\n<p>Wir packen Ihre Zukunft an: Kannst Du Dir vorstellen, dass es Jobs gibt, bei denen Urlaub nicht mehr das Wichtigste im Leben ist? Wir wissen, wo sich diese Stellen verstecken \u2013 und vermitteln Dir einen Job, der weit mehr kann, als Deine Rechnungen bezahlen. Daf\u00fcr beraten unsere Personal-Experten Dich <strong>komplett individuell<\/strong> zu allen Fragen rund um die Jobsuche, Bewerbungsmappe und das perfekte Vorstellungsgespr\u00e4ch \u2013 komplett gratis, aber niemals umsonst.<\/p>\n<\/div><\/section>\n\n<\/div><\/div><\/div><!-- close content main div --><\/div><\/div>\n<style type=\"text\/css\" data-created_by=\"avia_inline_auto\" id=\"style-css-av-6p5fa-6f4011fdd7c1563d01b9663ec1409673\">\n.avia-section.av-6p5fa-6f4011fdd7c1563d01b9663ec1409673 .av-parallax .av-parallax-inner{\nbackground-repeat:no-repeat;\nbackground-image:url(https:\/\/pele.de\/wp-content\/uploads\/2022\/06\/pele-zeitarbeit-augsburg-007.jpg);\nbackground-position:50% 50%;\nbackground-attachment:scroll;\n}\n.avia-section.av-6p5fa-6f4011fdd7c1563d01b9663ec1409673 .av-section-color-overlay{\nopacity:0.8;\nbackground-color:#ffffff;\n}\n<\/style>\n<div id='usps'  class='avia-section av-6p5fa-6f4011fdd7c1563d01b9663ec1409673 main_color avia-section-default avia-no-border-styling  avia-builder-el-6  el_after_av_section  el_before_av_button  vhplus300px avia-full-stretch av-parallax-section avia-bg-style-parallax av-section-color-overlay-active av-minimum-height av-minimum-height-50 av-height-50  container_wrap fullsize'  data-section-bg-repeat='stretch' data-av_minimum_height_pc='50' data-av_min_height_opt='50'><div class='av-parallax' data-avia-parallax-ratio='0.3' ><div class='av-parallax-inner main_color avia-full-stretch'><\/div><\/div><div class=\"av-section-color-overlay-wrap\"><div class=\"av-section-color-overlay\"><\/div><div class='container av-section-cont-open' ><div class='template-page content  av-content-full alpha units'><div class='post-entry post-entry-type-page post-entry-1151'><div class='entry-content-wrapper clearfix'>\n\n<style type=\"text\/css\" data-created_by=\"avia_inline_auto\" id=\"style-css-av-l4nvk8t0-c9314bc77dc27ef10b74f30a2453a1a0\">\n#top .av-special-heading.av-l4nvk8t0-c9314bc77dc27ef10b74f30a2453a1a0{\npadding-bottom:10px;\n}\nbody .av-special-heading.av-l4nvk8t0-c9314bc77dc27ef10b74f30a2453a1a0 .av-special-heading-tag .heading-char{\nfont-size:25px;\n}\n.av-special-heading.av-l4nvk8t0-c9314bc77dc27ef10b74f30a2453a1a0 .av-subheading{\nfont-size:15px;\n}\n<\/style>\n<div  class='av-special-heading av-l4nvk8t0-c9314bc77dc27ef10b74f30a2453a1a0 av-special-heading-h2  avia-builder-el-7  el_before_av_textblock  avia-builder-el-first'><h2 class='av-special-heading-tag'  itemprop=\"headline\"  >Bewerberberatung bei Pele Personal Augsburg<\/h2><div class=\"special-heading-border\"><div class=\"special-heading-inner-border\"><\/div><\/div><\/div>\n<section  class='av_textblock_section av-l4nvkplq-d821bcd4a86ec7a6f0093468cbca637d'   itemscope=\"itemscope\" itemtype=\"https:\/\/schema.org\/CreativeWork\" ><div class='avia_textblock'  itemprop=\"text\" ><ul>\n<li>gratis Bewerberberatung in Augsburg<\/li>\n<li>berufliche Klarheit durch professionelle Talentanalyse<\/li>\n<li>praktische Bewerbungshilfe: Gespr\u00e4chs-Coaching und Dokumenten-Tuning<\/li>\n<li>Jobvorschl\u00e4ge f\u00fcr Deine Heimatort und Deine Wunschbranche<\/li>\n<li>Branchen\u00fcbergreifendes Firmennetzwerk mit vielen offenen Positionen<\/li>\n<\/ul>\n<\/div><\/section>\n<\/div><\/div><\/div><!-- close content main div --><\/div><\/div><\/div><div id='after_section_4'  class='main_color av_default_container_wrap container_wrap fullsize'  ><div class='container av-section-cont-open' ><div class='template-page content  av-content-full alpha units'><div class='post-entry post-entry-type-page post-entry-1151'><div class='entry-content-wrapper clearfix'>\n<div  class='avia-button-wrap av-mf5jdupx-d430156942f3353213ae89f2d8f374c5-wrap avia-button-center  avia-builder-el-9  el_after_av_section  avia-builder-el-no-sibling'><a href='https:\/\/pele.de\/du\/initiativbewerbung\/'  class='avia-button av-mf5jdupx-d430156942f3353213ae89f2d8f374c5 av-link-btn avia-icon_select-no avia-size-x-large avia-position-center avia-color-theme-color'   aria-label=\"Jetzt initiativ bewerben\"><span class='avia_iconbox_title' >Jetzt initiativ bewerben<\/span><\/a><\/div>","protected":false},"excerpt":{"rendered":"","protected":false},"author":1,"featured_media":0,"parent":0,"menu_order":0,"comment_status":"closed","ping_status":"closed","template":"","meta":{"inline_featured_image":false,"footnotes":""},"class_list":["post-1151","page","type-page","status-publish","hentry"],"yoast_head":"<!-- This site is optimized with the Yoast SEO plugin v27.3 - https:\/\/yoast.com\/product\/yoast-seo-wordpress\/ -->\n<title>Bewerberberatung Augsburg: Pele Personal<\/title>\n<meta name=\"description\" content=\"Bewerberberatung: Pele Personal Augsburg macht Sie fit f\u00fcr Ihren neuen Job: Vorstellungsgespr\u00e4ch erfolgreich meistern: neue Stelle souver\u00e4n sichern\" \/>\n<meta name=\"robots\" content=\"index, follow, max-snippet:-1, max-image-preview:large, max-video-preview:-1\" \/>\n<link rel=\"canonical\" href=\"https:\/\/pele.de\/du\/bewerberberatung\/\" \/>\n<meta property=\"og:locale\" content=\"de_DE\" \/>\n<meta property=\"og:type\" content=\"article\" \/>\n<meta property=\"og:title\" content=\"Bewerberberatung Augsburg: Pele Personal\" \/>\n<meta property=\"og:description\" content=\"Bewerberberatung: Pele Personal Augsburg macht Sie fit f\u00fcr Ihren neuen Job: Vorstellungsgespr\u00e4ch erfolgreich meistern: neue Stelle souver\u00e4n sichern\" \/>\n<meta property=\"og:url\" content=\"https:\/\/pele.de\/du\/bewerberberatung\/\" \/>\n<meta property=\"og:site_name\" content=\"Personaldienstleistung in Augsburg\" \/>\n<meta property=\"article:modified_time\" content=\"2025-09-04T15:03:58+00:00\" \/>\n<meta name=\"twitter:card\" content=\"summary_large_image\" \/>\n<meta name=\"twitter:label1\" content=\"Est. reading time\" \/>\n\t<meta name=\"twitter:data1\" content=\"2 minutes\" \/>\n<script type=\"application\/ld+json\" class=\"yoast-schema-graph\">{\"@context\":\"https:\\\/\\\/schema.org\",\"@graph\":[{\"@type\":\"WebPage\",\"@id\":\"https:\\\/\\\/pele.de\\\/bewerberberatung\\\/\",\"url\":\"https:\\\/\\\/pele.de\\\/bewerberberatung\\\/\",\"name\":\"Bewerberberatung Augsburg: Pele Personal\",\"isPartOf\":{\"@id\":\"https:\\\/\\\/pele.de\\\/#website\"},\"datePublished\":\"2022-06-22T07:56:15+00:00\",\"dateModified\":\"2025-09-04T15:03:58+00:00\",\"description\":\"Bewerberberatung: Pele Personal Augsburg macht Sie fit f\u00fcr Ihren neuen Job: Vorstellungsgespr\u00e4ch erfolgreich meistern: neue Stelle souver\u00e4n sichern\",\"breadcrumb\":{\"@id\":\"https:\\\/\\\/pele.de\\\/bewerberberatung\\\/#breadcrumb\"},\"inLanguage\":\"de-Du\",\"potentialAction\":[{\"@type\":\"ReadAction\",\"target\":[\"https:\\\/\\\/pele.de\\\/bewerberberatung\\\/\"]}]},{\"@type\":\"BreadcrumbList\",\"@id\":\"https:\\\/\\\/pele.de\\\/bewerberberatung\\\/#breadcrumb\",\"itemListElement\":[{\"@type\":\"ListItem\",\"position\":1,\"name\":\"Startseite\",\"item\":\"https:\\\/\\\/pele.de\\\/startseite\\\/\"},{\"@type\":\"ListItem\",\"position\":2,\"name\":\"Bewerberberatung\"}]},{\"@type\":\"WebSite\",\"@id\":\"https:\\\/\\\/pele.de\\\/#website\",\"url\":\"https:\\\/\\\/pele.de\\\/\",\"name\":\"Personaldienstleistung in Augsburg\",\"description\":\"Personaldienstleistung in Augsburg\",\"publisher\":{\"@id\":\"https:\\\/\\\/pele.de\\\/#organization\"},\"potentialAction\":[{\"@type\":\"SearchAction\",\"target\":{\"@type\":\"EntryPoint\",\"urlTemplate\":\"https:\\\/\\\/pele.de\\\/?s={search_term_string}\"},\"query-input\":{\"@type\":\"PropertyValueSpecification\",\"valueRequired\":true,\"valueName\":\"search_term_string\"}}],\"inLanguage\":\"de-Du\"},{\"@type\":\"Organization\",\"@id\":\"https:\\\/\\\/pele.de\\\/#organization\",\"name\":\"PELE - Personaldienstleistung\",\"url\":\"https:\\\/\\\/pele.de\\\/\",\"logo\":{\"@type\":\"ImageObject\",\"inLanguage\":\"de-Du\",\"@id\":\"https:\\\/\\\/pele.de\\\/#\\\/schema\\\/logo\\\/image\\\/\",\"url\":\"http:\\\/\\\/pele.de\\\/wp-content\\\/uploads\\\/2021\\\/08\\\/logo-pele.svg\",\"contentUrl\":\"http:\\\/\\\/pele.de\\\/wp-content\\\/uploads\\\/2021\\\/08\\\/logo-pele.svg\",\"width\":89,\"height\":80,\"caption\":\"PELE - Personaldienstleistung\"},\"image\":{\"@id\":\"https:\\\/\\\/pele.de\\\/#\\\/schema\\\/logo\\\/image\\\/\"}}]}<\/script>\n<!-- \/ Yoast SEO plugin. -->","yoast_head_json":{"title":"Bewerberberatung Augsburg: Pele Personal","description":"Bewerberberatung: Pele Personal Augsburg macht Sie fit f\u00fcr Ihren neuen Job: Vorstellungsgespr\u00e4ch erfolgreich meistern: neue Stelle souver\u00e4n sichern","robots":{"index":"index","follow":"follow","max-snippet":"max-snippet:-1","max-image-preview":"max-image-preview:large","max-video-preview":"max-video-preview:-1"},"canonical":"https:\/\/pele.de\/du\/bewerberberatung\/","og_locale":"de_DE","og_type":"article","og_title":"Bewerberberatung Augsburg: Pele Personal","og_description":"Bewerberberatung: Pele Personal Augsburg macht Sie fit f\u00fcr Ihren neuen Job: Vorstellungsgespr\u00e4ch erfolgreich meistern: neue Stelle souver\u00e4n sichern","og_url":"https:\/\/pele.de\/du\/bewerberberatung\/","og_site_name":"Personaldienstleistung in Augsburg","article_modified_time":"2025-09-04T15:03:58+00:00","twitter_card":"summary_large_image","twitter_misc":{"Est. reading time":"2 minutes"},"schema":{"@context":"https:\/\/schema.org","@graph":[{"@type":"WebPage","@id":"https:\/\/pele.de\/bewerberberatung\/","url":"https:\/\/pele.de\/bewerberberatung\/","name":"Bewerberberatung Augsburg: Pele Personal","isPartOf":{"@id":"https:\/\/pele.de\/#website"},"datePublished":"2022-06-22T07:56:15+00:00","dateModified":"2025-09-04T15:03:58+00:00","description":"Bewerberberatung: Pele Personal Augsburg macht Sie fit f\u00fcr Ihren neuen Job: Vorstellungsgespr\u00e4ch erfolgreich meistern: neue Stelle souver\u00e4n sichern","breadcrumb":{"@id":"https:\/\/pele.de\/bewerberberatung\/#breadcrumb"},"inLanguage":"de-Du","potentialAction":[{"@type":"ReadAction","target":["https:\/\/pele.de\/bewerberberatung\/"]}]},{"@type":"BreadcrumbList","@id":"https:\/\/pele.de\/bewerberberatung\/#breadcrumb","itemListElement":[{"@type":"ListItem","position":1,"name":"Startseite","item":"https:\/\/pele.de\/startseite\/"},{"@type":"ListItem","position":2,"name":"Bewerberberatung"}]},{"@type":"WebSite","@id":"https:\/\/pele.de\/#website","url":"https:\/\/pele.de\/","name":"Personaldienstleistung in Augsburg","description":"Personaldienstleistung in Augsburg","publisher":{"@id":"https:\/\/pele.de\/#organization"},"potentialAction":[{"@type":"SearchAction","target":{"@type":"EntryPoint","urlTemplate":"https:\/\/pele.de\/?s={search_term_string}"},"query-input":{"@type":"PropertyValueSpecification","valueRequired":true,"valueName":"search_term_string"}}],"inLanguage":"de-Du"},{"@type":"Organization","@id":"https:\/\/pele.de\/#organization","name":"PELE - Personaldienstleistung","url":"https:\/\/pele.de\/","logo":{"@type":"ImageObject","inLanguage":"de-Du","@id":"https:\/\/pele.de\/#\/schema\/logo\/image\/","url":"http:\/\/pele.de\/wp-content\/uploads\/2021\/08\/logo-pele.svg","contentUrl":"http:\/\/pele.de\/wp-content\/uploads\/2021\/08\/logo-pele.svg","width":89,"height":80,"caption":"PELE - Personaldienstleistung"},"image":{"@id":"https:\/\/pele.de\/#\/schema\/logo\/image\/"}}]}},"_links":{"self":[{"href":"https:\/\/pele.de\/du\/wp-json\/wp\/v2\/pages\/1151","targetHints":{"allow":["GET"]}}],"collection":[{"href":"https:\/\/pele.de\/du\/wp-json\/wp\/v2\/pages"}],"about":[{"href":"https:\/\/pele.de\/du\/wp-json\/wp\/v2\/types\/page"}],"author":[{"embeddable":true,"href":"https:\/\/pele.de\/du\/wp-json\/wp\/v2\/users\/1"}],"replies":[{"embeddable":true,"href":"https:\/\/pele.de\/du\/wp-json\/wp\/v2\/comments?post=1151"}],"version-history":[{"count":2,"href":"https:\/\/pele.de\/du\/wp-json\/wp\/v2\/pages\/1151\/revisions"}],"predecessor-version":[{"id":2852,"href":"https:\/\/pele.de\/du\/wp-json\/wp\/v2\/pages\/1151\/revisions\/2852"}],"wp:attachment":[{"href":"https:\/\/pele.de\/du\/wp-json\/wp\/v2\/media?parent=1151"}],"curies":[{"name":"wp","href":"https:\/\/api.w.org\/{rel}","templated":true}]}}