{"id":1169,"date":"2022-06-22T10:40:27","date_gmt":"2022-06-22T08:40:27","guid":{"rendered":"http:\/\/pele.studio-augsburg.de\/?page_id=1169"},"modified":"2025-09-04T17:04:43","modified_gmt":"2025-09-04T15:04:43","slug":"arbeitnehmerueberlassung","status":"publish","type":"page","link":"https:\/\/pele.de\/du\/arbeitnehmerueberlassung\/","title":{"rendered":"Arbeitnehmer\u00fcberlassung"},"content":{"rendered":"<style type=\"text\/css\" data-created_by=\"avia_inline_auto\" id=\"style-css-av-l4ntxc7b-23166b60bae83e84b104cb79c957bd04\">\n.avia-section.av-l4ntxc7b-23166b60bae83e84b104cb79c957bd04 .av-parallax .av-parallax-inner{\nbackground-repeat:no-repeat;\nbackground-image:url(https:\/\/pele.de\/wp-content\/uploads\/2022\/06\/pele-zeitarbeit-augsburg-010.jpg);\nbackground-position:50% 100%;\nbackground-attachment:scroll;\n}\n.avia-section.av-l4ntxc7b-23166b60bae83e84b104cb79c957bd04 .av-section-color-overlay{\nopacity:0.7;\nbackground-color:#ffffff;\n}\n<\/style>\n<div id='job-highlights'  class='avia-section av-l4ntxc7b-23166b60bae83e84b104cb79c957bd04 main_color avia-section-default avia-no-border-styling  avia-builder-el-0  el_before_av_section  avia-builder-el-first  vhplus300px avia-full-stretch av-parallax-section avia-bg-style-parallax av-section-color-overlay-active av-minimum-height av-minimum-height-50 av-height-50  container_wrap fullsize'  data-section-bg-repeat='stretch' data-av_minimum_height_pc='50' data-av_min_height_opt='50'><div class='av-parallax' data-avia-parallax-ratio='0.3' ><div class='av-parallax-inner main_color avia-full-stretch'><\/div><\/div><div class=\"av-section-color-overlay-wrap\"><div class=\"av-section-color-overlay\"><\/div><div class='container av-section-cont-open' ><main  role=\"main\" itemprop=\"mainContentOfPage\"  class='template-page content  av-content-full alpha units'><div class='post-entry post-entry-type-page post-entry-1169'><div class='entry-content-wrapper clearfix'>\n\n<style type=\"text\/css\" data-created_by=\"avia_inline_auto\" id=\"style-css-av-l4p86dkt-71fd9f3d5d907882f5900ec1a1365db3\">\n#top .av-special-heading.av-l4p86dkt-71fd9f3d5d907882f5900ec1a1365db3{\npadding-bottom:10px;\n}\nbody .av-special-heading.av-l4p86dkt-71fd9f3d5d907882f5900ec1a1365db3 .av-special-heading-tag .heading-char{\nfont-size:25px;\n}\n.av-special-heading.av-l4p86dkt-71fd9f3d5d907882f5900ec1a1365db3 .av-subheading{\nfont-size:15px;\n}\n<\/style>\n<div  class='av-special-heading av-l4p86dkt-71fd9f3d5d907882f5900ec1a1365db3 av-special-heading-h1  avia-builder-el-1  avia-builder-el-no-sibling  mb-60'><h1 class='av-special-heading-tag'  itemprop=\"headline\"  >Arbeit\u00ad\u00ad\u00adnehmer\u00ad\u00ad\u00ad\u00fcber\u00ad\u00ad\u00adlas\u00ad\u00adsung<\/h1><div class=\"special-heading-border\"><div class=\"special-heading-inner-border\"><\/div><\/div><\/div>\n\n<\/div><\/div><\/main><!-- close content main element --><\/div><\/div><\/div><div id='breadcrumbs'  class='avia-section av-3u4dj5-19043208b3e5f30d5e150613a1140c92 main_color avia-section-no-padding avia-no-border-styling  avia-builder-el-2  el_after_av_section  el_before_av_section  breadcrumbs avia-bg-style-scroll av-minimum-height av-minimum-height-custom av-height-custom  container_wrap fullsize'   data-av_minimum_height_px='10'><div class='container av-section-cont-open' style='height:10px'><div class='template-page content  av-content-full alpha units'><div class='post-entry post-entry-type-page post-entry-1169'><div class='entry-content-wrapper clearfix'>\n\n\n<\/div><\/div><\/div><!-- close content main div --><\/div><\/div><div id='einleitung'  class='avia-section av-ma2a4-efeb085e48c0532046efcd685da153e0 main_color avia-section-default avia-no-border-styling  avia-builder-el-4  el_after_av_section  el_before_av_section  vhplus300px avia-bg-style-fixed av-minimum-height av-minimum-height-50 av-height-50  container_wrap fullsize'   data-av_minimum_height_pc='50' data-av_min_height_opt='50'><div class='container av-section-cont-open' ><div class='template-page content  av-content-full alpha units'><div class='post-entry post-entry-type-page post-entry-1169'><div class='entry-content-wrapper clearfix'>\n<section  class='av_textblock_section av-3a9zv0-adfb19f13ba897c8d24b935e76ee27c1'   itemscope=\"itemscope\" itemtype=\"https:\/\/schema.org\/CreativeWork\" ><div class='avia_textblock'  itemprop=\"text\" ><h2>Modernste Arbeit\u00ad\u00ad\u00adnehmer\u00ad\u00ad\u00ad\u00fcber\u00ad\u00ad\u00adlas\u00ad\u00adsung<\/h2>\n<p><em>\u201eLeiharbeit als moderne Sklaventreiberei?\u201c<\/em> Nicht mit uns! Denn wir r\u00fccken die ehemals negativ konnotierte Zeitarbeit ins rechte Licht: Wir unterst\u00fctzen Arbeitnehmer und Firmen gleicherma\u00dfen mit den Vorteilen der modernen Arbeitnehmer\u00fcberlassung. Unternehmen aller Branchen versorgen wir maximal flexibel mit bestens ausgebildetem Personal aus unserem Mitarbeiter- und Bewerbungspool. Und er\u00f6ffnen unserem Personal damit wertvolle Karriereerfahrungen.<\/p>\n<h2><strong>Personal.\u00adDienst.\u00adLeistung \u2013 von und mit Pele Personal <\/strong><\/h2>\n<p>Vom motivierten Hilfsarbeiter bis zur top qualifizierten Fachkraft: Ganz gleich, wo gerade ein personeller Engpass herrscht \u2013 in unserem gro\u00dfen Zeitarbeiternetzwerk haben wir das passende Personal f\u00fcr Deine Vakanz. W\u00e4hrend Du Dich dem Tagesgesch\u00e4ft widmest, \u00fcbernehmen wir Dein Recruiting und stellen Dir schnell und zuverl\u00e4ssig Dein Wunschpersonal auf Zeit zur Verf\u00fcgung. M\u00f6chtest Du Deinen neuen Mitarbeiter eines Tages gar nicht mehr missen, kannst Du ihn gerne als Temp to Perm-L\u00f6sung direkt \u00fcbernehmen.<\/p>\n<\/div><\/section>\n\n<\/div><\/div><\/div><!-- close content main div --><\/div><\/div>\n<style type=\"text\/css\" data-created_by=\"avia_inline_auto\" id=\"style-css-av-6p5fa-d3e220d01ee9d5680967020e1c5bd9ea\">\n.avia-section.av-6p5fa-d3e220d01ee9d5680967020e1c5bd9ea .av-parallax .av-parallax-inner{\nbackground-repeat:no-repeat;\nbackground-image:url(https:\/\/pele.de\/wp-content\/uploads\/2022\/01\/pele-zeitarbeit-augsburg-004-1030x687.jpg);\nbackground-position:50% 50%;\nbackground-attachment:scroll;\n}\n.avia-section.av-6p5fa-d3e220d01ee9d5680967020e1c5bd9ea .av-section-color-overlay{\nopacity:0.8;\nbackground-color:#ffffff;\n}\n<\/style>\n<div id='usps'  class='avia-section av-6p5fa-d3e220d01ee9d5680967020e1c5bd9ea main_color avia-section-default avia-no-border-styling  avia-builder-el-6  el_after_av_section  avia-builder-el-last  vhplus300px avia-full-stretch av-parallax-section avia-bg-style-parallax av-section-color-overlay-active av-minimum-height av-minimum-height-50 av-height-50  container_wrap fullsize'  data-section-bg-repeat='stretch' data-av_minimum_height_pc='50' data-av_min_height_opt='50'><div class='av-parallax' data-avia-parallax-ratio='0.3' ><div class='av-parallax-inner main_color avia-full-stretch'><\/div><\/div><div class=\"av-section-color-overlay-wrap\"><div class=\"av-section-color-overlay\"><\/div><div class='container av-section-cont-open' ><div class='template-page content  av-content-full alpha units'><div class='post-entry post-entry-type-page post-entry-1169'><div class='entry-content-wrapper clearfix'>\n\n<style type=\"text\/css\" data-created_by=\"avia_inline_auto\" id=\"style-css-av-l4nvk8t0-fa3eab6a654779cf4282d442d842c835\">\n#top .av-special-heading.av-l4nvk8t0-fa3eab6a654779cf4282d442d842c835{\npadding-bottom:10px;\n}\nbody .av-special-heading.av-l4nvk8t0-fa3eab6a654779cf4282d442d842c835 .av-special-heading-tag .heading-char{\nfont-size:25px;\n}\n.av-special-heading.av-l4nvk8t0-fa3eab6a654779cf4282d442d842c835 .av-subheading{\nfont-size:15px;\n}\n<\/style>\n<div  class='av-special-heading av-l4nvk8t0-fa3eab6a654779cf4282d442d842c835 av-special-heading-h2  avia-builder-el-7  el_before_av_textblock  avia-builder-el-first  hyphens'><h2 class='av-special-heading-tag'  itemprop=\"headline\"  >Arbeit\u00ad\u00ad\u00adnehmer\u00ad\u00ad\u00ad\u00fcber\u00ad\u00ad\u00adlas\u00ad\u00adsung bei Pele Personal Augsburg<\/h2><div class=\"special-heading-border\"><div class=\"special-heading-inner-border\"><\/div><\/div><\/div>\n<section  class='av_textblock_section av-l4nvkplq-d821bcd4a86ec7a6f0093468cbca637d'   itemscope=\"itemscope\" itemtype=\"https:\/\/schema.org\/CreativeWork\" ><div class='avia_textblock'  itemprop=\"text\" ><ul>\n<li>zuverl\u00e4ssige \u00dcbernahme Deines Recruitings<\/li>\n<li>gro\u00dfer, branchen\u00fcbergreifender Kandidaten-Pool<\/li>\n<li>keine Mindestvertragslaufzeiten oder versteckten (Vermittlungs-)Geb\u00fchren<\/li>\n<li>flexibles Temp to Perm m\u00f6glich<\/li>\n<\/ul>\n<\/div><\/section>","protected":false},"excerpt":{"rendered":"","protected":false},"author":1,"featured_media":1133,"parent":0,"menu_order":0,"comment_status":"closed","ping_status":"closed","template":"","meta":{"inline_featured_image":false,"footnotes":""},"class_list":["post-1169","page","type-page","status-publish","has-post-thumbnail","hentry"],"yoast_head":"<!-- This site is optimized with the Yoast SEO plugin v27.3 - https:\/\/yoast.com\/product\/yoast-seo-wordpress\/ -->\n<title>Arbeitnehmer\u00fcberlassung Augsburg: Pele Personal<\/title>\n<meta name=\"description\" content=\"Arbeitnehmer\u00fcberlassung Augsburg: Zeitarbeitsfirma Pele Personal vermittelt flexibel talentierte Mitarbeiter f\u00fcr alle Branchen und Positionen\" \/>\n<meta name=\"robots\" content=\"index, follow, max-snippet:-1, max-image-preview:large, max-video-preview:-1\" \/>\n<link rel=\"canonical\" href=\"https:\/\/pele.de\/du\/arbeitnehmerueberlassung\/\" \/>\n<meta property=\"og:locale\" content=\"de_DE\" \/>\n<meta property=\"og:type\" content=\"article\" \/>\n<meta property=\"og:title\" content=\"Arbeitnehmer\u00fcberlassung Augsburg: Pele Personal\" \/>\n<meta property=\"og:description\" content=\"Arbeitnehmer\u00fcberlassung Augsburg: Zeitarbeitsfirma Pele Personal vermittelt flexibel talentierte Mitarbeiter f\u00fcr alle Branchen und Positionen\" \/>\n<meta property=\"og:url\" content=\"https:\/\/pele.de\/du\/arbeitnehmerueberlassung\/\" \/>\n<meta property=\"og:site_name\" content=\"Personaldienstleistung in Augsburg\" \/>\n<meta property=\"article:modified_time\" content=\"2025-09-04T15:04:43+00:00\" \/>\n<meta property=\"og:image\" content=\"https:\/\/pele.de\/wp-content\/uploads\/2022\/06\/pele-zeitarbeit-augsburg-010.jpg\" \/>\n\t<meta property=\"og:image:width\" content=\"1600\" \/>\n\t<meta property=\"og:image:height\" content=\"1068\" \/>\n\t<meta property=\"og:image:type\" content=\"image\/jpeg\" \/>\n<meta name=\"twitter:card\" content=\"summary_large_image\" \/>\n<meta name=\"twitter:label1\" content=\"Est. reading time\" \/>\n\t<meta name=\"twitter:data1\" content=\"1 minute\" \/>\n<script type=\"application\/ld+json\" class=\"yoast-schema-graph\">{\"@context\":\"https:\\\/\\\/schema.org\",\"@graph\":[{\"@type\":\"WebPage\",\"@id\":\"https:\\\/\\\/pele.de\\\/arbeitnehmerueberlassung\\\/\",\"url\":\"https:\\\/\\\/pele.de\\\/arbeitnehmerueberlassung\\\/\",\"name\":\"Arbeitnehmer\u00fcberlassung Augsburg: Pele Personal\",\"isPartOf\":{\"@id\":\"https:\\\/\\\/pele.de\\\/#website\"},\"primaryImageOfPage\":{\"@id\":\"https:\\\/\\\/pele.de\\\/arbeitnehmerueberlassung\\\/#primaryimage\"},\"image\":{\"@id\":\"https:\\\/\\\/pele.de\\\/arbeitnehmerueberlassung\\\/#primaryimage\"},\"thumbnailUrl\":\"https:\\\/\\\/pele.de\\\/wp-content\\\/uploads\\\/2022\\\/06\\\/pele-zeitarbeit-augsburg-010.jpg\",\"datePublished\":\"2022-06-22T08:40:27+00:00\",\"dateModified\":\"2025-09-04T15:04:43+00:00\",\"description\":\"Arbeitnehmer\u00fcberlassung Augsburg: Zeitarbeitsfirma Pele Personal vermittelt flexibel talentierte Mitarbeiter f\u00fcr alle Branchen und Positionen\",\"breadcrumb\":{\"@id\":\"https:\\\/\\\/pele.de\\\/arbeitnehmerueberlassung\\\/#breadcrumb\"},\"inLanguage\":\"de-Du\",\"potentialAction\":[{\"@type\":\"ReadAction\",\"target\":[\"https:\\\/\\\/pele.de\\\/arbeitnehmerueberlassung\\\/\"]}]},{\"@type\":\"ImageObject\",\"inLanguage\":\"de-Du\",\"@id\":\"https:\\\/\\\/pele.de\\\/arbeitnehmerueberlassung\\\/#primaryimage\",\"url\":\"https:\\\/\\\/pele.de\\\/wp-content\\\/uploads\\\/2022\\\/06\\\/pele-zeitarbeit-augsburg-010.jpg\",\"contentUrl\":\"https:\\\/\\\/pele.de\\\/wp-content\\\/uploads\\\/2022\\\/06\\\/pele-zeitarbeit-augsburg-010.jpg\",\"width\":1600,\"height\":1068,\"caption\":\"407b7882-4f95-4ef1-b53b-e9529c74198e\"},{\"@type\":\"BreadcrumbList\",\"@id\":\"https:\\\/\\\/pele.de\\\/arbeitnehmerueberlassung\\\/#breadcrumb\",\"itemListElement\":[{\"@type\":\"ListItem\",\"position\":1,\"name\":\"Startseite\",\"item\":\"https:\\\/\\\/pele.de\\\/startseite\\\/\"},{\"@type\":\"ListItem\",\"position\":2,\"name\":\"Arbeitnehmer\u00fcberlassung\"}]},{\"@type\":\"WebSite\",\"@id\":\"https:\\\/\\\/pele.de\\\/#website\",\"url\":\"https:\\\/\\\/pele.de\\\/\",\"name\":\"Personaldienstleistung in Augsburg\",\"description\":\"Personaldienstleistung in Augsburg\",\"publisher\":{\"@id\":\"https:\\\/\\\/pele.de\\\/#organization\"},\"potentialAction\":[{\"@type\":\"SearchAction\",\"target\":{\"@type\":\"EntryPoint\",\"urlTemplate\":\"https:\\\/\\\/pele.de\\\/?s={search_term_string}\"},\"query-input\":{\"@type\":\"PropertyValueSpecification\",\"valueRequired\":true,\"valueName\":\"search_term_string\"}}],\"inLanguage\":\"de-Du\"},{\"@type\":\"Organization\",\"@id\":\"https:\\\/\\\/pele.de\\\/#organization\",\"name\":\"PELE - Personaldienstleistung\",\"url\":\"https:\\\/\\\/pele.de\\\/\",\"logo\":{\"@type\":\"ImageObject\",\"inLanguage\":\"de-Du\",\"@id\":\"https:\\\/\\\/pele.de\\\/#\\\/schema\\\/logo\\\/image\\\/\",\"url\":\"http:\\\/\\\/pele.de\\\/wp-content\\\/uploads\\\/2021\\\/08\\\/logo-pele.svg\",\"contentUrl\":\"http:\\\/\\\/pele.de\\\/wp-content\\\/uploads\\\/2021\\\/08\\\/logo-pele.svg\",\"width\":89,\"height\":80,\"caption\":\"PELE - Personaldienstleistung\"},\"image\":{\"@id\":\"https:\\\/\\\/pele.de\\\/#\\\/schema\\\/logo\\\/image\\\/\"}}]}<\/script>\n<!-- \/ Yoast SEO plugin. -->","yoast_head_json":{"title":"Arbeitnehmer\u00fcberlassung Augsburg: Pele Personal","description":"Arbeitnehmer\u00fcberlassung Augsburg: Zeitarbeitsfirma Pele Personal vermittelt flexibel talentierte Mitarbeiter f\u00fcr alle Branchen und Positionen","robots":{"index":"index","follow":"follow","max-snippet":"max-snippet:-1","max-image-preview":"max-image-preview:large","max-video-preview":"max-video-preview:-1"},"canonical":"https:\/\/pele.de\/du\/arbeitnehmerueberlassung\/","og_locale":"de_DE","og_type":"article","og_title":"Arbeitnehmer\u00fcberlassung Augsburg: Pele Personal","og_description":"Arbeitnehmer\u00fcberlassung Augsburg: Zeitarbeitsfirma Pele Personal vermittelt flexibel talentierte Mitarbeiter f\u00fcr alle Branchen und Positionen","og_url":"https:\/\/pele.de\/du\/arbeitnehmerueberlassung\/","og_site_name":"Personaldienstleistung in Augsburg","article_modified_time":"2025-09-04T15:04:43+00:00","og_image":[{"width":1600,"height":1068,"url":"https:\/\/pele.de\/wp-content\/uploads\/2022\/06\/pele-zeitarbeit-augsburg-010.jpg","type":"image\/jpeg"}],"twitter_card":"summary_large_image","twitter_misc":{"Est. reading time":"1 minute"},"schema":{"@context":"https:\/\/schema.org","@graph":[{"@type":"WebPage","@id":"https:\/\/pele.de\/arbeitnehmerueberlassung\/","url":"https:\/\/pele.de\/arbeitnehmerueberlassung\/","name":"Arbeitnehmer\u00fcberlassung Augsburg: Pele Personal","isPartOf":{"@id":"https:\/\/pele.de\/#website"},"primaryImageOfPage":{"@id":"https:\/\/pele.de\/arbeitnehmerueberlassung\/#primaryimage"},"image":{"@id":"https:\/\/pele.de\/arbeitnehmerueberlassung\/#primaryimage"},"thumbnailUrl":"https:\/\/pele.de\/wp-content\/uploads\/2022\/06\/pele-zeitarbeit-augsburg-010.jpg","datePublished":"2022-06-22T08:40:27+00:00","dateModified":"2025-09-04T15:04:43+00:00","description":"Arbeitnehmer\u00fcberlassung Augsburg: Zeitarbeitsfirma Pele Personal vermittelt flexibel talentierte Mitarbeiter f\u00fcr alle Branchen und Positionen","breadcrumb":{"@id":"https:\/\/pele.de\/arbeitnehmerueberlassung\/#breadcrumb"},"inLanguage":"de-Du","potentialAction":[{"@type":"ReadAction","target":["https:\/\/pele.de\/arbeitnehmerueberlassung\/"]}]},{"@type":"ImageObject","inLanguage":"de-Du","@id":"https:\/\/pele.de\/arbeitnehmerueberlassung\/#primaryimage","url":"https:\/\/pele.de\/wp-content\/uploads\/2022\/06\/pele-zeitarbeit-augsburg-010.jpg","contentUrl":"https:\/\/pele.de\/wp-content\/uploads\/2022\/06\/pele-zeitarbeit-augsburg-010.jpg","width":1600,"height":1068,"caption":"407b7882-4f95-4ef1-b53b-e9529c74198e"},{"@type":"BreadcrumbList","@id":"https:\/\/pele.de\/arbeitnehmerueberlassung\/#breadcrumb","itemListElement":[{"@type":"ListItem","position":1,"name":"Startseite","item":"https:\/\/pele.de\/startseite\/"},{"@type":"ListItem","position":2,"name":"Arbeitnehmer\u00fcberlassung"}]},{"@type":"WebSite","@id":"https:\/\/pele.de\/#website","url":"https:\/\/pele.de\/","name":"Personaldienstleistung in Augsburg","description":"Personaldienstleistung in Augsburg","publisher":{"@id":"https:\/\/pele.de\/#organization"},"potentialAction":[{"@type":"SearchAction","target":{"@type":"EntryPoint","urlTemplate":"https:\/\/pele.de\/?s={search_term_string}"},"query-input":{"@type":"PropertyValueSpecification","valueRequired":true,"valueName":"search_term_string"}}],"inLanguage":"de-Du"},{"@type":"Organization","@id":"https:\/\/pele.de\/#organization","name":"PELE - Personaldienstleistung","url":"https:\/\/pele.de\/","logo":{"@type":"ImageObject","inLanguage":"de-Du","@id":"https:\/\/pele.de\/#\/schema\/logo\/image\/","url":"http:\/\/pele.de\/wp-content\/uploads\/2021\/08\/logo-pele.svg","contentUrl":"http:\/\/pele.de\/wp-content\/uploads\/2021\/08\/logo-pele.svg","width":89,"height":80,"caption":"PELE - Personaldienstleistung"},"image":{"@id":"https:\/\/pele.de\/#\/schema\/logo\/image\/"}}]}},"_links":{"self":[{"href":"https:\/\/pele.de\/du\/wp-json\/wp\/v2\/pages\/1169","targetHints":{"allow":["GET"]}}],"collection":[{"href":"https:\/\/pele.de\/du\/wp-json\/wp\/v2\/pages"}],"about":[{"href":"https:\/\/pele.de\/du\/wp-json\/wp\/v2\/types\/page"}],"author":[{"embeddable":true,"href":"https:\/\/pele.de\/du\/wp-json\/wp\/v2\/users\/1"}],"replies":[{"embeddable":true,"href":"https:\/\/pele.de\/du\/wp-json\/wp\/v2\/comments?post=1169"}],"version-history":[{"count":2,"href":"https:\/\/pele.de\/du\/wp-json\/wp\/v2\/pages\/1169\/revisions"}],"predecessor-version":[{"id":2853,"href":"https:\/\/pele.de\/du\/wp-json\/wp\/v2\/pages\/1169\/revisions\/2853"}],"wp:featuredmedia":[{"embeddable":true,"href":"https:\/\/pele.de\/du\/wp-json\/wp\/v2\/media\/1133"}],"wp:attachment":[{"href":"https:\/\/pele.de\/du\/wp-json\/wp\/v2\/media?parent=1169"}],"curies":[{"name":"wp","href":"https:\/\/api.w.org\/{rel}","templated":true}]}}