{"id":1179,"date":"2022-06-22T10:53:53","date_gmt":"2022-06-22T08:53:53","guid":{"rendered":"http:\/\/pele.studio-augsburg.de\/?page_id=1179"},"modified":"2025-09-04T17:05:07","modified_gmt":"2025-09-04T15:05:07","slug":"personalvermittlung","status":"publish","type":"page","link":"https:\/\/pele.de\/du\/personalvermittlung\/","title":{"rendered":"Personalvermittlung"},"content":{"rendered":"<style type=\"text\/css\" data-created_by=\"avia_inline_auto\" id=\"style-css-av-l4ntxc7b-23166b60bae83e84b104cb79c957bd04\">\n.avia-section.av-l4ntxc7b-23166b60bae83e84b104cb79c957bd04 .av-parallax .av-parallax-inner{\nbackground-repeat:no-repeat;\nbackground-image:url(https:\/\/pele.de\/wp-content\/uploads\/2022\/06\/pele-zeitarbeit-augsburg-010.jpg);\nbackground-position:50% 100%;\nbackground-attachment:scroll;\n}\n.avia-section.av-l4ntxc7b-23166b60bae83e84b104cb79c957bd04 .av-section-color-overlay{\nopacity:0.7;\nbackground-color:#ffffff;\n}\n<\/style>\n<div id='job-highlights'  class='avia-section av-l4ntxc7b-23166b60bae83e84b104cb79c957bd04 main_color avia-section-default avia-no-border-styling  avia-builder-el-0  el_before_av_section  avia-builder-el-first  vhplus300px avia-full-stretch av-parallax-section avia-bg-style-parallax av-section-color-overlay-active av-minimum-height av-minimum-height-50 av-height-50  container_wrap fullsize'  data-section-bg-repeat='stretch' data-av_minimum_height_pc='50' data-av_min_height_opt='50'><div class='av-parallax' data-avia-parallax-ratio='0.3' ><div class='av-parallax-inner main_color avia-full-stretch'><\/div><\/div><div class=\"av-section-color-overlay-wrap\"><div class=\"av-section-color-overlay\"><\/div><div class='container av-section-cont-open' ><main  role=\"main\" itemprop=\"mainContentOfPage\"  class='template-page content  av-content-full alpha units'><div class='post-entry post-entry-type-page post-entry-1179'><div class='entry-content-wrapper clearfix'>\n\n<style type=\"text\/css\" data-created_by=\"avia_inline_auto\" id=\"style-css-av-l4p86dkt-bb42b08425cf4f15ca26da241b4fcdaf\">\n#top .av-special-heading.av-l4p86dkt-bb42b08425cf4f15ca26da241b4fcdaf{\npadding-bottom:10px;\n}\nbody .av-special-heading.av-l4p86dkt-bb42b08425cf4f15ca26da241b4fcdaf .av-special-heading-tag .heading-char{\nfont-size:25px;\n}\n.av-special-heading.av-l4p86dkt-bb42b08425cf4f15ca26da241b4fcdaf .av-subheading{\nfont-size:15px;\n}\n<\/style>\n<div  class='av-special-heading av-l4p86dkt-bb42b08425cf4f15ca26da241b4fcdaf av-special-heading-h1  avia-builder-el-1  avia-builder-el-no-sibling  mb-60'><h1 class='av-special-heading-tag'  itemprop=\"headline\"  >Personalvermittlung Augsburg<\/h1><div class=\"special-heading-border\"><div class=\"special-heading-inner-border\"><\/div><\/div><\/div>\n\n<\/div><\/div><\/main><!-- close content main element --><\/div><\/div><\/div><div id='breadcrumbs'  class='avia-section av-3tqfzv-f886ee1c01e2c72c948f7c202fecf067 main_color avia-section-no-padding avia-no-border-styling  avia-builder-el-2  el_after_av_section  el_before_av_section  breadcrumbs avia-bg-style-scroll av-minimum-height av-minimum-height-custom av-height-custom  container_wrap fullsize'   data-av_minimum_height_px='10'><div class='container av-section-cont-open' style='height:10px'><div class='template-page content  av-content-full alpha units'><div class='post-entry post-entry-type-page post-entry-1179'><div class='entry-content-wrapper clearfix'>\n\n\n<\/div><\/div><\/div><!-- close content main div --><\/div><\/div><div id='einleitung'  class='avia-section av-ma2a4-efeb085e48c0532046efcd685da153e0 main_color avia-section-default avia-no-border-styling  avia-builder-el-4  el_after_av_section  el_before_av_section  vhplus300px avia-bg-style-fixed av-minimum-height av-minimum-height-50 av-height-50  container_wrap fullsize'   data-av_minimum_height_pc='50' data-av_min_height_opt='50'><div class='container av-section-cont-open' ><div class='template-page content  av-content-full alpha units'><div class='post-entry post-entry-type-page post-entry-1179'><div class='entry-content-wrapper clearfix'>\n<section  class='av_textblock_section av-3a9zv0-adfb19f13ba897c8d24b935e76ee27c1'   itemscope=\"itemscope\" itemtype=\"https:\/\/schema.org\/CreativeWork\" ><div class='avia_textblock'  itemprop=\"text\" ><h2>Personal in Sicht! M\u00fchelos zum gew\u00fcnschten Personal<\/h2>\n<p>Rundum-Recruiting: von der Stellenausschreibung bis hin zum fertigen Vertrag. Pele Personal aus Augsburg \u00fcbernimmt Deine komplette Personalsuche! Ganz gleich, ob Du auf der Suche nach qualifizierten Fachkr\u00e4ften oder motivierten Produktionshelfern bist: Mit <strong>jahrelanger Recruiting-Erfahrung<\/strong> und einem breiten Bewerber-Netzwerk finden wir exakt die Mitarbeiter, die Deine Vakanz perfekt ausf\u00fcllt. Schnell, treffsicher und zuverl\u00e4ssig.<\/p>\n<h2><strong>Das matcht! Personalvermittlung mit Pele <\/strong><\/h2>\n<p>HR-Knowhow deluxe: Die Pele Personal Recruiting-Experten sind seit vielen Jahren auf dem Arbeitsmarkt zu Hause. Deswegen wissen wir, wo Du die passenden Talente f\u00fcr Deine Firma findest. W\u00e4hrend Du Dich ungest\u00f6rt Deinem Tagesgesch\u00e4ft widmest, k\u00fcmmern sich unsere Personaler um alles rund um Deine Personalbeschaffung: Wir w\u00e4hlen nach Deinen Vorgaben aus unserem Personalpool aus, interviewen, pr\u00fcfen Qualifikationen und stellen Dir eine <strong>auserlesene Vorauswahl<\/strong> vor \u2013 bis zum Perfect Match!<\/p>\n<\/div><\/section>\n\n<\/div><\/div><\/div><!-- close content main div --><\/div><\/div>\n<style type=\"text\/css\" data-created_by=\"avia_inline_auto\" id=\"style-css-av-6p5fa-d3e220d01ee9d5680967020e1c5bd9ea\">\n.avia-section.av-6p5fa-d3e220d01ee9d5680967020e1c5bd9ea .av-parallax .av-parallax-inner{\nbackground-repeat:no-repeat;\nbackground-image:url(https:\/\/pele.de\/wp-content\/uploads\/2022\/01\/pele-zeitarbeit-augsburg-004-1030x687.jpg);\nbackground-position:50% 50%;\nbackground-attachment:scroll;\n}\n.avia-section.av-6p5fa-d3e220d01ee9d5680967020e1c5bd9ea .av-section-color-overlay{\nopacity:0.8;\nbackground-color:#ffffff;\n}\n<\/style>\n<div id='usps'  class='avia-section av-6p5fa-d3e220d01ee9d5680967020e1c5bd9ea main_color avia-section-default avia-no-border-styling  avia-builder-el-6  el_after_av_section  avia-builder-el-last  vhplus300px avia-full-stretch av-parallax-section avia-bg-style-parallax av-section-color-overlay-active av-minimum-height av-minimum-height-50 av-height-50  container_wrap fullsize'  data-section-bg-repeat='stretch' data-av_minimum_height_pc='50' data-av_min_height_opt='50'><div class='av-parallax' data-avia-parallax-ratio='0.3' ><div class='av-parallax-inner main_color avia-full-stretch'><\/div><\/div><div class=\"av-section-color-overlay-wrap\"><div class=\"av-section-color-overlay\"><\/div><div class='container av-section-cont-open' ><div class='template-page content  av-content-full alpha units'><div class='post-entry post-entry-type-page post-entry-1179'><div class='entry-content-wrapper clearfix'>\n\n<style type=\"text\/css\" data-created_by=\"avia_inline_auto\" id=\"style-css-av-l4nvk8t0-b44ae9cc17ff0ce538f4a55ab352aa3f\">\n#top .av-special-heading.av-l4nvk8t0-b44ae9cc17ff0ce538f4a55ab352aa3f{\npadding-bottom:10px;\n}\nbody .av-special-heading.av-l4nvk8t0-b44ae9cc17ff0ce538f4a55ab352aa3f .av-special-heading-tag .heading-char{\nfont-size:25px;\n}\n.av-special-heading.av-l4nvk8t0-b44ae9cc17ff0ce538f4a55ab352aa3f .av-subheading{\nfont-size:15px;\n}\n<\/style>\n<div  class='av-special-heading av-l4nvk8t0-b44ae9cc17ff0ce538f4a55ab352aa3f av-special-heading-h2  avia-builder-el-7  el_before_av_textblock  avia-builder-el-first'><h2 class='av-special-heading-tag'  itemprop=\"headline\"  >Personalvermittlung mit Pele Personal Augsburg<\/h2><div class=\"special-heading-border\"><div class=\"special-heading-inner-border\"><\/div><\/div><\/div>\n<section  class='av_textblock_section av-l4nvkplq-d821bcd4a86ec7a6f0093468cbca637d'   itemscope=\"itemscope\" itemtype=\"https:\/\/schema.org\/CreativeWork\" ><div class='avia_textblock'  itemprop=\"text\" ><ul>\n<li>360-Grad-Recruitment: von der Ausschreibung bis zum Vertragsabschluss<\/li>\n<li>langj\u00e4hrige fundierte Personalmanagement-Expertise<\/li>\n<li>individueller Beratungsservice z.\u00a0B. zu Vertragsthemen<\/li>\n<li>M\u00f6glichkeit zur Stellenausschreibung auf unserer\/n Stellenb\u00f6rse(n) (Stichwort \u201eMultiposting\u201c)<\/li>\n<li>breites, branchen\u00fcbergreifendes Firmennetzwerk als Mitarbeiterressource<\/li>\n<\/ul>\n<\/div><\/section>","protected":false},"excerpt":{"rendered":"","protected":false},"author":1,"featured_media":1183,"parent":0,"menu_order":0,"comment_status":"closed","ping_status":"closed","template":"","meta":{"inline_featured_image":false,"footnotes":""},"class_list":["post-1179","page","type-page","status-publish","has-post-thumbnail","hentry"],"yoast_head":"<!-- This site is optimized with the Yoast SEO plugin v27.3 - https:\/\/yoast.com\/product\/yoast-seo-wordpress\/ -->\n<title>Personalvermittlung Augsburg: Pele Personal<\/title>\n<meta name=\"description\" content=\"Personalvermittlung: Die Augsburger Headhunter \u00fcbernehmen Ihr komplettes Recruiting: schnell zum optimalen Personal f\u00fcr Ihre Vakanz und f\u00fcr jede Branche\" \/>\n<meta name=\"robots\" content=\"index, follow, max-snippet:-1, max-image-preview:large, max-video-preview:-1\" \/>\n<link rel=\"canonical\" href=\"https:\/\/pele.de\/du\/personalvermittlung\/\" \/>\n<meta property=\"og:locale\" content=\"de_DE\" \/>\n<meta property=\"og:type\" content=\"article\" \/>\n<meta property=\"og:title\" content=\"Personalvermittlung Augsburg: Pele Personal\" \/>\n<meta property=\"og:description\" content=\"Personalvermittlung: Die Augsburger Headhunter \u00fcbernehmen Ihr komplettes Recruiting: schnell zum optimalen Personal f\u00fcr Ihre Vakanz und f\u00fcr jede Branche\" \/>\n<meta property=\"og:url\" content=\"https:\/\/pele.de\/du\/personalvermittlung\/\" \/>\n<meta property=\"og:site_name\" content=\"Personaldienstleistung in Augsburg\" \/>\n<meta property=\"article:modified_time\" content=\"2025-09-04T15:05:07+00:00\" \/>\n<meta property=\"og:image\" content=\"https:\/\/pele.de\/wp-content\/uploads\/2022\/06\/pele-zeitarbeit-augsburg-011.jpg\" \/>\n\t<meta property=\"og:image:width\" content=\"1600\" \/>\n\t<meta property=\"og:image:height\" content=\"1067\" \/>\n\t<meta property=\"og:image:type\" content=\"image\/jpeg\" \/>\n<meta name=\"twitter:card\" content=\"summary_large_image\" \/>\n<meta name=\"twitter:label1\" content=\"Est. reading time\" \/>\n\t<meta name=\"twitter:data1\" content=\"2 minutes\" \/>\n<script type=\"application\/ld+json\" class=\"yoast-schema-graph\">{\"@context\":\"https:\\\/\\\/schema.org\",\"@graph\":[{\"@type\":\"WebPage\",\"@id\":\"https:\\\/\\\/pele.de\\\/personalvermittlung\\\/\",\"url\":\"https:\\\/\\\/pele.de\\\/personalvermittlung\\\/\",\"name\":\"Personalvermittlung Augsburg: Pele Personal\",\"isPartOf\":{\"@id\":\"https:\\\/\\\/pele.de\\\/#website\"},\"primaryImageOfPage\":{\"@id\":\"https:\\\/\\\/pele.de\\\/personalvermittlung\\\/#primaryimage\"},\"image\":{\"@id\":\"https:\\\/\\\/pele.de\\\/personalvermittlung\\\/#primaryimage\"},\"thumbnailUrl\":\"https:\\\/\\\/pele.de\\\/wp-content\\\/uploads\\\/2022\\\/06\\\/pele-zeitarbeit-augsburg-011.jpg\",\"datePublished\":\"2022-06-22T08:53:53+00:00\",\"dateModified\":\"2025-09-04T15:05:07+00:00\",\"description\":\"Personalvermittlung: Die Augsburger Headhunter \u00fcbernehmen Ihr komplettes Recruiting: schnell zum optimalen Personal f\u00fcr Ihre Vakanz und f\u00fcr jede Branche\",\"breadcrumb\":{\"@id\":\"https:\\\/\\\/pele.de\\\/personalvermittlung\\\/#breadcrumb\"},\"inLanguage\":\"de-Du\",\"potentialAction\":[{\"@type\":\"ReadAction\",\"target\":[\"https:\\\/\\\/pele.de\\\/personalvermittlung\\\/\"]}]},{\"@type\":\"ImageObject\",\"inLanguage\":\"de-Du\",\"@id\":\"https:\\\/\\\/pele.de\\\/personalvermittlung\\\/#primaryimage\",\"url\":\"https:\\\/\\\/pele.de\\\/wp-content\\\/uploads\\\/2022\\\/06\\\/pele-zeitarbeit-augsburg-011.jpg\",\"contentUrl\":\"https:\\\/\\\/pele.de\\\/wp-content\\\/uploads\\\/2022\\\/06\\\/pele-zeitarbeit-augsburg-011.jpg\",\"width\":1600,\"height\":1067},{\"@type\":\"BreadcrumbList\",\"@id\":\"https:\\\/\\\/pele.de\\\/personalvermittlung\\\/#breadcrumb\",\"itemListElement\":[{\"@type\":\"ListItem\",\"position\":1,\"name\":\"Startseite\",\"item\":\"https:\\\/\\\/pele.de\\\/startseite\\\/\"},{\"@type\":\"ListItem\",\"position\":2,\"name\":\"Personalvermittlung\"}]},{\"@type\":\"WebSite\",\"@id\":\"https:\\\/\\\/pele.de\\\/#website\",\"url\":\"https:\\\/\\\/pele.de\\\/\",\"name\":\"Personaldienstleistung in Augsburg\",\"description\":\"Personaldienstleistung in Augsburg\",\"publisher\":{\"@id\":\"https:\\\/\\\/pele.de\\\/#organization\"},\"potentialAction\":[{\"@type\":\"SearchAction\",\"target\":{\"@type\":\"EntryPoint\",\"urlTemplate\":\"https:\\\/\\\/pele.de\\\/?s={search_term_string}\"},\"query-input\":{\"@type\":\"PropertyValueSpecification\",\"valueRequired\":true,\"valueName\":\"search_term_string\"}}],\"inLanguage\":\"de-Du\"},{\"@type\":\"Organization\",\"@id\":\"https:\\\/\\\/pele.de\\\/#organization\",\"name\":\"PELE - Personaldienstleistung\",\"url\":\"https:\\\/\\\/pele.de\\\/\",\"logo\":{\"@type\":\"ImageObject\",\"inLanguage\":\"de-Du\",\"@id\":\"https:\\\/\\\/pele.de\\\/#\\\/schema\\\/logo\\\/image\\\/\",\"url\":\"http:\\\/\\\/pele.de\\\/wp-content\\\/uploads\\\/2021\\\/08\\\/logo-pele.svg\",\"contentUrl\":\"http:\\\/\\\/pele.de\\\/wp-content\\\/uploads\\\/2021\\\/08\\\/logo-pele.svg\",\"width\":89,\"height\":80,\"caption\":\"PELE - Personaldienstleistung\"},\"image\":{\"@id\":\"https:\\\/\\\/pele.de\\\/#\\\/schema\\\/logo\\\/image\\\/\"}}]}<\/script>\n<!-- \/ Yoast SEO plugin. -->","yoast_head_json":{"title":"Personalvermittlung Augsburg: Pele Personal","description":"Personalvermittlung: Die Augsburger Headhunter \u00fcbernehmen Ihr komplettes Recruiting: schnell zum optimalen Personal f\u00fcr Ihre Vakanz und f\u00fcr jede Branche","robots":{"index":"index","follow":"follow","max-snippet":"max-snippet:-1","max-image-preview":"max-image-preview:large","max-video-preview":"max-video-preview:-1"},"canonical":"https:\/\/pele.de\/du\/personalvermittlung\/","og_locale":"de_DE","og_type":"article","og_title":"Personalvermittlung Augsburg: Pele Personal","og_description":"Personalvermittlung: Die Augsburger Headhunter \u00fcbernehmen Ihr komplettes Recruiting: schnell zum optimalen Personal f\u00fcr Ihre Vakanz und f\u00fcr jede Branche","og_url":"https:\/\/pele.de\/du\/personalvermittlung\/","og_site_name":"Personaldienstleistung in Augsburg","article_modified_time":"2025-09-04T15:05:07+00:00","og_image":[{"width":1600,"height":1067,"url":"https:\/\/pele.de\/wp-content\/uploads\/2022\/06\/pele-zeitarbeit-augsburg-011.jpg","type":"image\/jpeg"}],"twitter_card":"summary_large_image","twitter_misc":{"Est. reading time":"2 minutes"},"schema":{"@context":"https:\/\/schema.org","@graph":[{"@type":"WebPage","@id":"https:\/\/pele.de\/personalvermittlung\/","url":"https:\/\/pele.de\/personalvermittlung\/","name":"Personalvermittlung Augsburg: Pele Personal","isPartOf":{"@id":"https:\/\/pele.de\/#website"},"primaryImageOfPage":{"@id":"https:\/\/pele.de\/personalvermittlung\/#primaryimage"},"image":{"@id":"https:\/\/pele.de\/personalvermittlung\/#primaryimage"},"thumbnailUrl":"https:\/\/pele.de\/wp-content\/uploads\/2022\/06\/pele-zeitarbeit-augsburg-011.jpg","datePublished":"2022-06-22T08:53:53+00:00","dateModified":"2025-09-04T15:05:07+00:00","description":"Personalvermittlung: Die Augsburger Headhunter \u00fcbernehmen Ihr komplettes Recruiting: schnell zum optimalen Personal f\u00fcr Ihre Vakanz und f\u00fcr jede Branche","breadcrumb":{"@id":"https:\/\/pele.de\/personalvermittlung\/#breadcrumb"},"inLanguage":"de-Du","potentialAction":[{"@type":"ReadAction","target":["https:\/\/pele.de\/personalvermittlung\/"]}]},{"@type":"ImageObject","inLanguage":"de-Du","@id":"https:\/\/pele.de\/personalvermittlung\/#primaryimage","url":"https:\/\/pele.de\/wp-content\/uploads\/2022\/06\/pele-zeitarbeit-augsburg-011.jpg","contentUrl":"https:\/\/pele.de\/wp-content\/uploads\/2022\/06\/pele-zeitarbeit-augsburg-011.jpg","width":1600,"height":1067},{"@type":"BreadcrumbList","@id":"https:\/\/pele.de\/personalvermittlung\/#breadcrumb","itemListElement":[{"@type":"ListItem","position":1,"name":"Startseite","item":"https:\/\/pele.de\/startseite\/"},{"@type":"ListItem","position":2,"name":"Personalvermittlung"}]},{"@type":"WebSite","@id":"https:\/\/pele.de\/#website","url":"https:\/\/pele.de\/","name":"Personaldienstleistung in Augsburg","description":"Personaldienstleistung in Augsburg","publisher":{"@id":"https:\/\/pele.de\/#organization"},"potentialAction":[{"@type":"SearchAction","target":{"@type":"EntryPoint","urlTemplate":"https:\/\/pele.de\/?s={search_term_string}"},"query-input":{"@type":"PropertyValueSpecification","valueRequired":true,"valueName":"search_term_string"}}],"inLanguage":"de-Du"},{"@type":"Organization","@id":"https:\/\/pele.de\/#organization","name":"PELE - Personaldienstleistung","url":"https:\/\/pele.de\/","logo":{"@type":"ImageObject","inLanguage":"de-Du","@id":"https:\/\/pele.de\/#\/schema\/logo\/image\/","url":"http:\/\/pele.de\/wp-content\/uploads\/2021\/08\/logo-pele.svg","contentUrl":"http:\/\/pele.de\/wp-content\/uploads\/2021\/08\/logo-pele.svg","width":89,"height":80,"caption":"PELE - Personaldienstleistung"},"image":{"@id":"https:\/\/pele.de\/#\/schema\/logo\/image\/"}}]}},"_links":{"self":[{"href":"https:\/\/pele.de\/du\/wp-json\/wp\/v2\/pages\/1179","targetHints":{"allow":["GET"]}}],"collection":[{"href":"https:\/\/pele.de\/du\/wp-json\/wp\/v2\/pages"}],"about":[{"href":"https:\/\/pele.de\/du\/wp-json\/wp\/v2\/types\/page"}],"author":[{"embeddable":true,"href":"https:\/\/pele.de\/du\/wp-json\/wp\/v2\/users\/1"}],"replies":[{"embeddable":true,"href":"https:\/\/pele.de\/du\/wp-json\/wp\/v2\/comments?post=1179"}],"version-history":[{"count":2,"href":"https:\/\/pele.de\/du\/wp-json\/wp\/v2\/pages\/1179\/revisions"}],"predecessor-version":[{"id":2854,"href":"https:\/\/pele.de\/du\/wp-json\/wp\/v2\/pages\/1179\/revisions\/2854"}],"wp:featuredmedia":[{"embeddable":true,"href":"https:\/\/pele.de\/du\/wp-json\/wp\/v2\/media\/1183"}],"wp:attachment":[{"href":"https:\/\/pele.de\/du\/wp-json\/wp\/v2\/media?parent=1179"}],"curies":[{"name":"wp","href":"https:\/\/api.w.org\/{rel}","templated":true}]}}