{"id":1185,"date":"2022-06-22T11:06:03","date_gmt":"2022-06-22T09:06:03","guid":{"rendered":"http:\/\/pele.studio-augsburg.de\/?page_id=1185"},"modified":"2025-09-04T17:05:25","modified_gmt":"2025-09-04T15:05:25","slug":"temp-to-perm","status":"publish","type":"page","link":"https:\/\/pele.de\/du\/temp-to-perm\/","title":{"rendered":"Temp to Perm"},"content":{"rendered":"<style type=\"text\/css\" data-created_by=\"avia_inline_auto\" id=\"style-css-av-l4ntxc7b-d0ad2c28e5e090c63316d0fdae0666d7\">\n.avia-section.av-l4ntxc7b-d0ad2c28e5e090c63316d0fdae0666d7 .av-parallax .av-parallax-inner{\nbackground-repeat:no-repeat;\nbackground-image:url(https:\/\/pele.de\/wp-content\/uploads\/2022\/06\/pele-zeitarbeit-augsburg-23.jpg);\nbackground-position:50% 100%;\nbackground-attachment:scroll;\n}\n.avia-section.av-l4ntxc7b-d0ad2c28e5e090c63316d0fdae0666d7 .av-section-color-overlay{\nopacity:0.7;\nbackground-color:#ffffff;\n}\n<\/style>\n<div id='job-highlights'  class='avia-section av-l4ntxc7b-d0ad2c28e5e090c63316d0fdae0666d7 main_color avia-section-default avia-no-border-styling  avia-builder-el-0  el_before_av_section  avia-builder-el-first  vhplus300px avia-full-stretch av-parallax-section avia-bg-style-parallax av-section-color-overlay-active av-minimum-height av-minimum-height-50 av-height-50  container_wrap fullsize'  data-section-bg-repeat='stretch' data-av_minimum_height_pc='50' data-av_min_height_opt='50'><div class='av-parallax' data-avia-parallax-ratio='0.3' ><div class='av-parallax-inner main_color avia-full-stretch'><\/div><\/div><div class=\"av-section-color-overlay-wrap\"><div class=\"av-section-color-overlay\"><\/div><div class='container av-section-cont-open' ><main  role=\"main\" itemprop=\"mainContentOfPage\"  class='template-page content  av-content-full alpha units'><div class='post-entry post-entry-type-page post-entry-1185'><div class='entry-content-wrapper clearfix'>\n\n<style type=\"text\/css\" data-created_by=\"avia_inline_auto\" id=\"style-css-av-l4p86dkt-0c769f45426a92ede81ec8f546b8553b\">\n#top .av-special-heading.av-l4p86dkt-0c769f45426a92ede81ec8f546b8553b{\npadding-bottom:10px;\n}\nbody .av-special-heading.av-l4p86dkt-0c769f45426a92ede81ec8f546b8553b .av-special-heading-tag .heading-char{\nfont-size:25px;\n}\n.av-special-heading.av-l4p86dkt-0c769f45426a92ede81ec8f546b8553b .av-subheading{\nfont-size:15px;\n}\n<\/style>\n<div  class='av-special-heading av-l4p86dkt-0c769f45426a92ede81ec8f546b8553b av-special-heading-h1  avia-builder-el-1  avia-builder-el-no-sibling  mb-60'><h1 class='av-special-heading-tag'  itemprop=\"headline\"  >Temp to Perm<\/h1><div class=\"special-heading-border\"><div class=\"special-heading-inner-border\"><\/div><\/div><\/div>\n\n<\/div><\/div><\/main><!-- close content main element --><\/div><\/div><\/div><div id='breadcrumbs'  class='avia-section av-42t39d-e38f5f187b534cbb8de251be7e22c3dd main_color avia-section-no-padding avia-no-border-styling  avia-builder-el-2  el_after_av_section  el_before_av_section  breadcrumbs avia-bg-style-scroll av-minimum-height av-minimum-height-custom av-height-custom  container_wrap fullsize'   data-av_minimum_height_px='10'><div class='container av-section-cont-open' style='height:10px'><div class='template-page content  av-content-full alpha units'><div class='post-entry post-entry-type-page post-entry-1185'><div class='entry-content-wrapper clearfix'>\n\n\n<\/div><\/div><\/div><!-- close content main div --><\/div><\/div><div id='einleitung'  class='avia-section av-ma2a4-efeb085e48c0532046efcd685da153e0 main_color avia-section-default avia-no-border-styling  avia-builder-el-4  el_after_av_section  el_before_av_section  vhplus300px avia-bg-style-fixed av-minimum-height av-minimum-height-50 av-height-50  container_wrap fullsize'   data-av_minimum_height_pc='50' data-av_min_height_opt='50'><div class='container av-section-cont-open' ><div class='template-page content  av-content-full alpha units'><div class='post-entry post-entry-type-page post-entry-1185'><div class='entry-content-wrapper clearfix'>\n<section  class='av_textblock_section av-3a9zv0-adfb19f13ba897c8d24b935e76ee27c1'   itemscope=\"itemscope\" itemtype=\"https:\/\/schema.org\/CreativeWork\" ><div class='avia_textblock'  itemprop=\"text\" ><h2>Personalplanung mit Perspektive<\/h2>\n<p>Du w\u00fcnscht Dir eine Personalplanung mit Weitblick? Du m\u00f6chtest maximale Flexibilit\u00e4t bei allen Mitarbeiterentscheidungen? Dann ist Temp-to-Perm wie f\u00fcr Dich gemacht: Denn Temp-to-perm bedeutet Personalvermittlung mit vorgeschalteter Arbeitnehmer\u00fcberlassung (\u2794\u00a0 \u201etempor\u00e4r zu permanent\u201c). Dein Vorteil liegt auf der Hand: Du entscheiden ganz einfach selbst, ob und wann aus einem\u00a0externen Mitarbeiter ein fest angestelltes Team-Mitglied wird.<\/p>\n<h2>Temp to Perm: Win-win f\u00fcr alle<\/h2>\n<p>Vom Einsteiger zum Aufsteiger: Die anf\u00e4ngliche Arbeitnehmer\u00fcberlassung in Sachen Temp-to-Perm er\u00f6ffnet Arbeitgebern wie Arbeitnehmern gleicherma\u00dfen ausf\u00fchrlich Zeit und Raum zum gegenseitigen Beschnuppern und Erfahrungen sammeln. Sollten sich alle Parteien schlussendlich gut riechen k\u00f6nnen, wird aus der vor\u00fcbergehenden \u00dcberlassung im Nullkommanichts eine langfristige Zusammenarbeit.<\/p>\n<\/div><\/section>\n\n<\/div><\/div><\/div><!-- close content main div --><\/div><\/div>\n<style type=\"text\/css\" data-created_by=\"avia_inline_auto\" id=\"style-css-av-6p5fa-af294d580301dbe0e872267dcdef1ee9\">\n.avia-section.av-6p5fa-af294d580301dbe0e872267dcdef1ee9 .av-parallax .av-parallax-inner{\nbackground-repeat:no-repeat;\nbackground-image:url(https:\/\/pele.de\/wp-content\/uploads\/2022\/06\/pele-zeitarbeit-augsburg-005.jpg);\nbackground-position:50% 50%;\nbackground-attachment:scroll;\n}\n.avia-section.av-6p5fa-af294d580301dbe0e872267dcdef1ee9 .av-section-color-overlay{\nopacity:0.8;\nbackground-color:#ffffff;\n}\n<\/style>\n<div id='usps'  class='avia-section av-6p5fa-af294d580301dbe0e872267dcdef1ee9 main_color avia-section-default avia-no-border-styling  avia-builder-el-6  el_after_av_section  avia-builder-el-last  vhplus300px avia-full-stretch av-parallax-section avia-bg-style-parallax av-section-color-overlay-active av-minimum-height av-minimum-height-50 av-height-50  container_wrap fullsize'  data-section-bg-repeat='stretch' data-av_minimum_height_pc='50' data-av_min_height_opt='50'><div class='av-parallax' data-avia-parallax-ratio='0.3' ><div class='av-parallax-inner main_color avia-full-stretch'><\/div><\/div><div class=\"av-section-color-overlay-wrap\"><div class=\"av-section-color-overlay\"><\/div><div class='container av-section-cont-open' ><div class='template-page content  av-content-full alpha units'><div class='post-entry post-entry-type-page post-entry-1185'><div class='entry-content-wrapper clearfix'>\n\n<style type=\"text\/css\" data-created_by=\"avia_inline_auto\" id=\"style-css-av-l4nvk8t0-be81933c3327fb4411dd975fe254f0e4\">\n#top .av-special-heading.av-l4nvk8t0-be81933c3327fb4411dd975fe254f0e4{\npadding-bottom:10px;\n}\nbody .av-special-heading.av-l4nvk8t0-be81933c3327fb4411dd975fe254f0e4 .av-special-heading-tag .heading-char{\nfont-size:25px;\n}\n.av-special-heading.av-l4nvk8t0-be81933c3327fb4411dd975fe254f0e4 .av-subheading{\nfont-size:15px;\n}\n<\/style>\n<div  class='av-special-heading av-l4nvk8t0-be81933c3327fb4411dd975fe254f0e4 av-special-heading-h2  avia-builder-el-7  el_before_av_textblock  avia-builder-el-first'><h2 class='av-special-heading-tag'  itemprop=\"headline\"  >Temp to Perm bei Pele Personal Augsburg<\/h2><div class=\"special-heading-border\"><div class=\"special-heading-inner-border\"><\/div><\/div><\/div>\n<section  class='av_textblock_section av-l4nvkplq-d821bcd4a86ec7a6f0093468cbca637d'   itemscope=\"itemscope\" itemtype=\"https:\/\/schema.org\/CreativeWork\" ><div class='avia_textblock'  itemprop=\"text\" ><ul>\n<li>smarte Kombi aus\u00a0flexibler \u00dcberlassung zu darauffolgender Personalvermittlung<\/li>\n<li>M\u00f6glichkeit zur risikofreien Probezeit mit nachhaltiger \u00dcbernahmeperspektive<\/li>\n<li>wertvoller Wissensaufbau des neuen Mitarbeiters in der Temp-Zeit<\/li>\n<li>fachm\u00e4nnisches Bewerbermanagement und treffsichere Kandidatenauswahl<\/li>\n<li>maximale Flexibilit\u00e4t und Effizienz in Sachen Personalplanung<\/li>\n<li>Entlastung Ihrer Personaler durch unsere erfahrenen Recruiter<\/li>\n<li>Anrechnung des \u00dcberlassungszeitraumes auf das Vermittlungshonorar \u2013 je l\u00e4nger die \u00dcberlassung, desto niedriger das Honorar!<\/li>\n<li>Sanfte Austauschm\u00f6glichkeiten, bis der\/die Richtige gefunden ist\u2026<\/li>\n<\/ul>\n<\/div><\/section>","protected":false},"excerpt":{"rendered":"","protected":false},"author":1,"featured_media":1187,"parent":0,"menu_order":0,"comment_status":"closed","ping_status":"closed","template":"","meta":{"inline_featured_image":false,"footnotes":""},"class_list":["post-1185","page","type-page","status-publish","has-post-thumbnail","hentry"],"yoast_head":"<!-- This site is optimized with the Yoast SEO plugin v27.3 - https:\/\/yoast.com\/product\/yoast-seo-wordpress\/ -->\n<title>Temp to Perm Augsburg: Pele Personal<\/title>\n<meta name=\"description\" content=\"Temp to Perm: Pele Personal erm\u00f6glicht Unternehmen aller Branchen Zeitarbeiter ausf\u00fchrlich kennenzulernen: mit Option zur Festanstellung\" \/>\n<meta name=\"robots\" content=\"index, follow, max-snippet:-1, max-image-preview:large, max-video-preview:-1\" \/>\n<link rel=\"canonical\" href=\"https:\/\/pele.de\/du\/temp-to-perm\/\" \/>\n<meta property=\"og:locale\" content=\"de_DE\" \/>\n<meta property=\"og:type\" content=\"article\" \/>\n<meta property=\"og:title\" content=\"Temp to Perm Augsburg: Pele Personal\" \/>\n<meta property=\"og:description\" content=\"Temp to Perm: Pele Personal erm\u00f6glicht Unternehmen aller Branchen Zeitarbeiter ausf\u00fchrlich kennenzulernen: mit Option zur Festanstellung\" \/>\n<meta property=\"og:url\" content=\"https:\/\/pele.de\/du\/temp-to-perm\/\" \/>\n<meta property=\"og:site_name\" content=\"Personaldienstleistung in Augsburg\" \/>\n<meta property=\"article:modified_time\" content=\"2025-09-04T15:05:25+00:00\" \/>\n<meta property=\"og:image\" content=\"https:\/\/pele.de\/wp-content\/uploads\/2022\/06\/pele-zeitarbeit-augsburg-23.jpg\" \/>\n\t<meta property=\"og:image:width\" content=\"1600\" \/>\n\t<meta property=\"og:image:height\" content=\"1068\" \/>\n\t<meta property=\"og:image:type\" content=\"image\/jpeg\" \/>\n<meta name=\"twitter:card\" content=\"summary_large_image\" \/>\n<meta name=\"twitter:label1\" content=\"Est. reading time\" \/>\n\t<meta name=\"twitter:data1\" content=\"2 minutes\" \/>\n<script type=\"application\/ld+json\" class=\"yoast-schema-graph\">{\"@context\":\"https:\\\/\\\/schema.org\",\"@graph\":[{\"@type\":\"WebPage\",\"@id\":\"https:\\\/\\\/pele.de\\\/temp-to-perm\\\/\",\"url\":\"https:\\\/\\\/pele.de\\\/temp-to-perm\\\/\",\"name\":\"Temp to Perm Augsburg: Pele Personal\",\"isPartOf\":{\"@id\":\"https:\\\/\\\/pele.de\\\/#website\"},\"primaryImageOfPage\":{\"@id\":\"https:\\\/\\\/pele.de\\\/temp-to-perm\\\/#primaryimage\"},\"image\":{\"@id\":\"https:\\\/\\\/pele.de\\\/temp-to-perm\\\/#primaryimage\"},\"thumbnailUrl\":\"https:\\\/\\\/pele.de\\\/wp-content\\\/uploads\\\/2022\\\/06\\\/pele-zeitarbeit-augsburg-23.jpg\",\"datePublished\":\"2022-06-22T09:06:03+00:00\",\"dateModified\":\"2025-09-04T15:05:25+00:00\",\"description\":\"Temp to Perm: Pele Personal erm\u00f6glicht Unternehmen aller Branchen Zeitarbeiter ausf\u00fchrlich kennenzulernen: mit Option zur Festanstellung\",\"breadcrumb\":{\"@id\":\"https:\\\/\\\/pele.de\\\/temp-to-perm\\\/#breadcrumb\"},\"inLanguage\":\"de-Du\",\"potentialAction\":[{\"@type\":\"ReadAction\",\"target\":[\"https:\\\/\\\/pele.de\\\/temp-to-perm\\\/\"]}]},{\"@type\":\"ImageObject\",\"inLanguage\":\"de-Du\",\"@id\":\"https:\\\/\\\/pele.de\\\/temp-to-perm\\\/#primaryimage\",\"url\":\"https:\\\/\\\/pele.de\\\/wp-content\\\/uploads\\\/2022\\\/06\\\/pele-zeitarbeit-augsburg-23.jpg\",\"contentUrl\":\"https:\\\/\\\/pele.de\\\/wp-content\\\/uploads\\\/2022\\\/06\\\/pele-zeitarbeit-augsburg-23.jpg\",\"width\":1600,\"height\":1068},{\"@type\":\"BreadcrumbList\",\"@id\":\"https:\\\/\\\/pele.de\\\/temp-to-perm\\\/#breadcrumb\",\"itemListElement\":[{\"@type\":\"ListItem\",\"position\":1,\"name\":\"Startseite\",\"item\":\"https:\\\/\\\/pele.de\\\/startseite\\\/\"},{\"@type\":\"ListItem\",\"position\":2,\"name\":\"Temp to Perm\"}]},{\"@type\":\"WebSite\",\"@id\":\"https:\\\/\\\/pele.de\\\/#website\",\"url\":\"https:\\\/\\\/pele.de\\\/\",\"name\":\"Personaldienstleistung in Augsburg\",\"description\":\"Personaldienstleistung in Augsburg\",\"publisher\":{\"@id\":\"https:\\\/\\\/pele.de\\\/#organization\"},\"potentialAction\":[{\"@type\":\"SearchAction\",\"target\":{\"@type\":\"EntryPoint\",\"urlTemplate\":\"https:\\\/\\\/pele.de\\\/?s={search_term_string}\"},\"query-input\":{\"@type\":\"PropertyValueSpecification\",\"valueRequired\":true,\"valueName\":\"search_term_string\"}}],\"inLanguage\":\"de-Du\"},{\"@type\":\"Organization\",\"@id\":\"https:\\\/\\\/pele.de\\\/#organization\",\"name\":\"PELE - Personaldienstleistung\",\"url\":\"https:\\\/\\\/pele.de\\\/\",\"logo\":{\"@type\":\"ImageObject\",\"inLanguage\":\"de-Du\",\"@id\":\"https:\\\/\\\/pele.de\\\/#\\\/schema\\\/logo\\\/image\\\/\",\"url\":\"http:\\\/\\\/pele.de\\\/wp-content\\\/uploads\\\/2021\\\/08\\\/logo-pele.svg\",\"contentUrl\":\"http:\\\/\\\/pele.de\\\/wp-content\\\/uploads\\\/2021\\\/08\\\/logo-pele.svg\",\"width\":89,\"height\":80,\"caption\":\"PELE - Personaldienstleistung\"},\"image\":{\"@id\":\"https:\\\/\\\/pele.de\\\/#\\\/schema\\\/logo\\\/image\\\/\"}}]}<\/script>\n<!-- \/ Yoast SEO plugin. -->","yoast_head_json":{"title":"Temp to Perm Augsburg: Pele Personal","description":"Temp to Perm: Pele Personal erm\u00f6glicht Unternehmen aller Branchen Zeitarbeiter ausf\u00fchrlich kennenzulernen: mit Option zur Festanstellung","robots":{"index":"index","follow":"follow","max-snippet":"max-snippet:-1","max-image-preview":"max-image-preview:large","max-video-preview":"max-video-preview:-1"},"canonical":"https:\/\/pele.de\/du\/temp-to-perm\/","og_locale":"de_DE","og_type":"article","og_title":"Temp to Perm Augsburg: Pele Personal","og_description":"Temp to Perm: Pele Personal erm\u00f6glicht Unternehmen aller Branchen Zeitarbeiter ausf\u00fchrlich kennenzulernen: mit Option zur Festanstellung","og_url":"https:\/\/pele.de\/du\/temp-to-perm\/","og_site_name":"Personaldienstleistung in Augsburg","article_modified_time":"2025-09-04T15:05:25+00:00","og_image":[{"width":1600,"height":1068,"url":"https:\/\/pele.de\/wp-content\/uploads\/2022\/06\/pele-zeitarbeit-augsburg-23.jpg","type":"image\/jpeg"}],"twitter_card":"summary_large_image","twitter_misc":{"Est. reading time":"2 minutes"},"schema":{"@context":"https:\/\/schema.org","@graph":[{"@type":"WebPage","@id":"https:\/\/pele.de\/temp-to-perm\/","url":"https:\/\/pele.de\/temp-to-perm\/","name":"Temp to Perm Augsburg: Pele Personal","isPartOf":{"@id":"https:\/\/pele.de\/#website"},"primaryImageOfPage":{"@id":"https:\/\/pele.de\/temp-to-perm\/#primaryimage"},"image":{"@id":"https:\/\/pele.de\/temp-to-perm\/#primaryimage"},"thumbnailUrl":"https:\/\/pele.de\/wp-content\/uploads\/2022\/06\/pele-zeitarbeit-augsburg-23.jpg","datePublished":"2022-06-22T09:06:03+00:00","dateModified":"2025-09-04T15:05:25+00:00","description":"Temp to Perm: Pele Personal erm\u00f6glicht Unternehmen aller Branchen Zeitarbeiter ausf\u00fchrlich kennenzulernen: mit Option zur Festanstellung","breadcrumb":{"@id":"https:\/\/pele.de\/temp-to-perm\/#breadcrumb"},"inLanguage":"de-Du","potentialAction":[{"@type":"ReadAction","target":["https:\/\/pele.de\/temp-to-perm\/"]}]},{"@type":"ImageObject","inLanguage":"de-Du","@id":"https:\/\/pele.de\/temp-to-perm\/#primaryimage","url":"https:\/\/pele.de\/wp-content\/uploads\/2022\/06\/pele-zeitarbeit-augsburg-23.jpg","contentUrl":"https:\/\/pele.de\/wp-content\/uploads\/2022\/06\/pele-zeitarbeit-augsburg-23.jpg","width":1600,"height":1068},{"@type":"BreadcrumbList","@id":"https:\/\/pele.de\/temp-to-perm\/#breadcrumb","itemListElement":[{"@type":"ListItem","position":1,"name":"Startseite","item":"https:\/\/pele.de\/startseite\/"},{"@type":"ListItem","position":2,"name":"Temp to Perm"}]},{"@type":"WebSite","@id":"https:\/\/pele.de\/#website","url":"https:\/\/pele.de\/","name":"Personaldienstleistung in Augsburg","description":"Personaldienstleistung in Augsburg","publisher":{"@id":"https:\/\/pele.de\/#organization"},"potentialAction":[{"@type":"SearchAction","target":{"@type":"EntryPoint","urlTemplate":"https:\/\/pele.de\/?s={search_term_string}"},"query-input":{"@type":"PropertyValueSpecification","valueRequired":true,"valueName":"search_term_string"}}],"inLanguage":"de-Du"},{"@type":"Organization","@id":"https:\/\/pele.de\/#organization","name":"PELE - Personaldienstleistung","url":"https:\/\/pele.de\/","logo":{"@type":"ImageObject","inLanguage":"de-Du","@id":"https:\/\/pele.de\/#\/schema\/logo\/image\/","url":"http:\/\/pele.de\/wp-content\/uploads\/2021\/08\/logo-pele.svg","contentUrl":"http:\/\/pele.de\/wp-content\/uploads\/2021\/08\/logo-pele.svg","width":89,"height":80,"caption":"PELE - Personaldienstleistung"},"image":{"@id":"https:\/\/pele.de\/#\/schema\/logo\/image\/"}}]}},"_links":{"self":[{"href":"https:\/\/pele.de\/du\/wp-json\/wp\/v2\/pages\/1185","targetHints":{"allow":["GET"]}}],"collection":[{"href":"https:\/\/pele.de\/du\/wp-json\/wp\/v2\/pages"}],"about":[{"href":"https:\/\/pele.de\/du\/wp-json\/wp\/v2\/types\/page"}],"author":[{"embeddable":true,"href":"https:\/\/pele.de\/du\/wp-json\/wp\/v2\/users\/1"}],"replies":[{"embeddable":true,"href":"https:\/\/pele.de\/du\/wp-json\/wp\/v2\/comments?post=1185"}],"version-history":[{"count":2,"href":"https:\/\/pele.de\/du\/wp-json\/wp\/v2\/pages\/1185\/revisions"}],"predecessor-version":[{"id":2855,"href":"https:\/\/pele.de\/du\/wp-json\/wp\/v2\/pages\/1185\/revisions\/2855"}],"wp:featuredmedia":[{"embeddable":true,"href":"https:\/\/pele.de\/du\/wp-json\/wp\/v2\/media\/1187"}],"wp:attachment":[{"href":"https:\/\/pele.de\/du\/wp-json\/wp\/v2\/media?parent=1185"}],"curies":[{"name":"wp","href":"https:\/\/api.w.org\/{rel}","templated":true}]}}