{"id":1190,"date":"2022-06-22T11:18:29","date_gmt":"2022-06-22T09:18:29","guid":{"rendered":"http:\/\/pele.studio-augsburg.de\/?page_id=1190"},"modified":"2025-09-04T17:05:45","modified_gmt":"2025-09-04T15:05:45","slug":"personal-outsourcing","status":"publish","type":"page","link":"https:\/\/pele.de\/du\/personal-outsourcing\/","title":{"rendered":"Personal-Outsourcing"},"content":{"rendered":"<style type=\"text\/css\" data-created_by=\"avia_inline_auto\" id=\"style-css-av-l4ntxc7b-093c1ef60e9399b9f7fa532540675a66\">\n.avia-section.av-l4ntxc7b-093c1ef60e9399b9f7fa532540675a66 .av-parallax .av-parallax-inner{\nbackground-repeat:no-repeat;\nbackground-image:url(https:\/\/pele.de\/wp-content\/uploads\/2022\/06\/pele-zeitarbeit-augsburg-30.jpg);\nbackground-position:50% 100%;\nbackground-attachment:scroll;\n}\n.avia-section.av-l4ntxc7b-093c1ef60e9399b9f7fa532540675a66 .av-section-color-overlay{\nopacity:0.7;\nbackground-color:#ffffff;\n}\n<\/style>\n<div id='job-highlights'  class='avia-section av-l4ntxc7b-093c1ef60e9399b9f7fa532540675a66 main_color avia-section-default avia-no-border-styling  avia-builder-el-0  el_before_av_section  avia-builder-el-first  vhplus300px avia-full-stretch av-parallax-section avia-bg-style-parallax av-section-color-overlay-active av-minimum-height av-minimum-height-50 av-height-50  container_wrap fullsize'  data-section-bg-repeat='stretch' data-av_minimum_height_pc='50' data-av_min_height_opt='50'><div class='av-parallax' data-avia-parallax-ratio='0.3' ><div class='av-parallax-inner main_color avia-full-stretch'><\/div><\/div><div class=\"av-section-color-overlay-wrap\"><div class=\"av-section-color-overlay\"><\/div><div class='container av-section-cont-open' ><main  role=\"main\" itemprop=\"mainContentOfPage\"  class='template-page content  av-content-full alpha units'><div class='post-entry post-entry-type-page post-entry-1190'><div class='entry-content-wrapper clearfix'>\n\n<style type=\"text\/css\" data-created_by=\"avia_inline_auto\" id=\"style-css-av-l4p86dkt-4816df45776ca77191bf56fcc58576ab\">\n#top .av-special-heading.av-l4p86dkt-4816df45776ca77191bf56fcc58576ab{\npadding-bottom:10px;\n}\nbody .av-special-heading.av-l4p86dkt-4816df45776ca77191bf56fcc58576ab .av-special-heading-tag .heading-char{\nfont-size:25px;\n}\n.av-special-heading.av-l4p86dkt-4816df45776ca77191bf56fcc58576ab .av-subheading{\nfont-size:15px;\n}\n<\/style>\n<div  class='av-special-heading av-l4p86dkt-4816df45776ca77191bf56fcc58576ab av-special-heading-h1  avia-builder-el-1  avia-builder-el-no-sibling  mb-60'><h1 class='av-special-heading-tag'  itemprop=\"headline\"  >Personal-Outsourcing Augsburg<\/h1><div class=\"special-heading-border\"><div class=\"special-heading-inner-border\"><\/div><\/div><\/div>\n\n<\/div><\/div><\/main><!-- close content main element --><\/div><\/div><\/div><div id='breadcrumbs'  class='avia-section av-3zp7hi-15be467b6d2f50ae03affdd2bb886432 main_color avia-section-no-padding avia-no-border-styling  avia-builder-el-2  el_after_av_section  el_before_av_section  breadcrumbs avia-bg-style-scroll av-minimum-height av-minimum-height-custom av-height-custom  container_wrap fullsize'   data-av_minimum_height_px='10'><div class='container av-section-cont-open' style='height:10px'><div class='template-page content  av-content-full alpha units'><div class='post-entry post-entry-type-page post-entry-1190'><div class='entry-content-wrapper clearfix'>\n\n\n<\/div><\/div><\/div><!-- close content main div --><\/div><\/div><div id='einleitung'  class='avia-section av-ma2a4-efeb085e48c0532046efcd685da153e0 main_color avia-section-default avia-no-border-styling  avia-builder-el-4  el_after_av_section  el_before_av_section  vhplus300px avia-bg-style-fixed av-minimum-height av-minimum-height-50 av-height-50  container_wrap fullsize'   data-av_minimum_height_pc='50' data-av_min_height_opt='50'><div class='container av-section-cont-open' ><div class='template-page content  av-content-full alpha units'><div class='post-entry post-entry-type-page post-entry-1190'><div class='entry-content-wrapper clearfix'>\n<section  class='av_textblock_section av-3a9zv0-adfb19f13ba897c8d24b935e76ee27c1'   itemscope=\"itemscope\" itemtype=\"https:\/\/schema.org\/CreativeWork\" ><div class='avia_textblock'  itemprop=\"text\" ><h2>Personal Outsourcing f\u00fcr jede Branche<\/h2>\n<p>Pfortendienst, Lagerbereich oder Telefonservice: Hast auch Du Bereiche in Deinem Unternehmen, die zu viel Organisationsaufwand oder Personal beanspruchen? M\u00f6chtest Du die Verantwortung daf\u00fcr ganz bequem outsourcen? Erledigen wir: Wir erarbeiten Dein pers\u00f6nliches Konzept zur Auslagerung einzelner Gesch\u00e4ftsbereiche und setzen alles professionell um. Und er\u00f6ffnen Dir damit neue unternehmerische Spielr\u00e4ume.<\/p>\n<h2>Deine verl\u00e4ngerte Werkbank, <strong>wenn\u2019s<\/strong> ums Personal geht<\/h2>\n<p>Geht nicht, gibt\u2019s nicht! Wir machen Schluss mit dem Kopfzerbrechen \u00fcber knifflige Arbeitsbereiche und finden Personall\u00f6sungen, die so einzigartig sind wie Dein Unternehmen. Denn Pele Personal aus Augsburg ist spezialisiert auf <strong>Personal Outsourcing nach Ma\u00df.<\/strong> Aus unserem Talentpool stellen wir Dein Team zusammen und k\u00fcmmern uns um die fachgerechte Auftragsabwicklung. Nebenbei entlasten wir damit Deine Stammbelegschaft und steigern Deine Wettbewerbsf\u00e4higkeit.<\/p>\n<\/div><\/section>\n\n<\/div><\/div><\/div><!-- close content main div --><\/div><\/div>\n<style type=\"text\/css\" data-created_by=\"avia_inline_auto\" id=\"style-css-av-6p5fa-40c8f951f344bc775512702c34f8c91e\">\n.avia-section.av-6p5fa-40c8f951f344bc775512702c34f8c91e .av-parallax .av-parallax-inner{\nbackground-repeat:no-repeat;\nbackground-image:url(https:\/\/pele.de\/wp-content\/uploads\/2022\/06\/pele-zeitarbeit-augsburg-21.jpg);\nbackground-position:50% 50%;\nbackground-attachment:scroll;\n}\n.avia-section.av-6p5fa-40c8f951f344bc775512702c34f8c91e .av-section-color-overlay{\nopacity:0.8;\nbackground-color:#ffffff;\n}\n<\/style>\n<div id='usps'  class='avia-section av-6p5fa-40c8f951f344bc775512702c34f8c91e main_color avia-section-default avia-no-border-styling  avia-builder-el-6  el_after_av_section  avia-builder-el-last  vhplus300px avia-full-stretch av-parallax-section avia-bg-style-parallax av-section-color-overlay-active av-minimum-height av-minimum-height-50 av-height-50  container_wrap fullsize'  data-section-bg-repeat='stretch' data-av_minimum_height_pc='50' data-av_min_height_opt='50'><div class='av-parallax' data-avia-parallax-ratio='0.3' ><div class='av-parallax-inner main_color avia-full-stretch'><\/div><\/div><div class=\"av-section-color-overlay-wrap\"><div class=\"av-section-color-overlay\"><\/div><div class='container av-section-cont-open' ><div class='template-page content  av-content-full alpha units'><div class='post-entry post-entry-type-page post-entry-1190'><div class='entry-content-wrapper clearfix'>\n\n<style type=\"text\/css\" data-created_by=\"avia_inline_auto\" id=\"style-css-av-l4nvk8t0-e2e8e814f3e1bf5af22fb7ad6bcbc544\">\n#top .av-special-heading.av-l4nvk8t0-e2e8e814f3e1bf5af22fb7ad6bcbc544{\npadding-bottom:10px;\n}\nbody .av-special-heading.av-l4nvk8t0-e2e8e814f3e1bf5af22fb7ad6bcbc544 .av-special-heading-tag .heading-char{\nfont-size:25px;\n}\n.av-special-heading.av-l4nvk8t0-e2e8e814f3e1bf5af22fb7ad6bcbc544 .av-subheading{\nfont-size:15px;\n}\n<\/style>\n<div  class='av-special-heading av-l4nvk8t0-e2e8e814f3e1bf5af22fb7ad6bcbc544 av-special-heading-h2  avia-builder-el-7  el_before_av_textblock  avia-builder-el-first'><h2 class='av-special-heading-tag'  itemprop=\"headline\"  >Personal Outsourcing mit Pele Personal Augsburg<\/h2><div class=\"special-heading-border\"><div class=\"special-heading-inner-border\"><\/div><\/div><\/div>\n<section  class='av_textblock_section av-l4nvkplq-d821bcd4a86ec7a6f0093468cbca637d'   itemscope=\"itemscope\" itemtype=\"https:\/\/schema.org\/CreativeWork\" ><div class='avia_textblock'  itemprop=\"text\" ><ul>\n<li>individuelle Auslagerung einzelner Arbeitsprozesse oder -bereiche<\/li>\n<li>Personal Outsourcing f\u00fcr alle Kompetenzfelder<\/li>\n<li>pr\u00e4zise Dienstleistungsabstimmung auf Deine internen Erfordernisse<\/li>\n<li>Entlastung Deiner Belegschaft und Deiner Personalabteilung<\/li>\n<li>Steigerung der Wettbewerbsf\u00e4higkeit durch Aufgaben-Outsourcing<\/li>\n<\/ul>\n<\/div><\/section>","protected":false},"excerpt":{"rendered":"","protected":false},"author":1,"featured_media":1191,"parent":0,"menu_order":0,"comment_status":"closed","ping_status":"closed","template":"","meta":{"inline_featured_image":false,"footnotes":""},"class_list":["post-1190","page","type-page","status-publish","has-post-thumbnail","hentry"],"yoast_head":"<!-- This site is optimized with the Yoast SEO plugin v27.3 - https:\/\/yoast.com\/product\/yoast-seo-wordpress\/ -->\n<title>Personal Outsourcing Augsburg: Pele Personal<\/title>\n<meta name=\"description\" content=\"Personal Outsourcing Augsburg: Gesch\u00e4ftsbereiche smart auslagern an erfahrenen Personaldienstleister: personelle Entlastung, flexible Vereinbarungen\" \/>\n<meta name=\"robots\" content=\"index, follow, max-snippet:-1, max-image-preview:large, max-video-preview:-1\" \/>\n<link rel=\"canonical\" href=\"https:\/\/pele.de\/du\/personal-outsourcing\/\" \/>\n<meta property=\"og:locale\" content=\"de_DE\" \/>\n<meta property=\"og:type\" content=\"article\" \/>\n<meta property=\"og:title\" content=\"Personal Outsourcing Augsburg: Pele Personal\" \/>\n<meta property=\"og:description\" content=\"Personal Outsourcing Augsburg: Gesch\u00e4ftsbereiche smart auslagern an erfahrenen Personaldienstleister: personelle Entlastung, flexible Vereinbarungen\" \/>\n<meta property=\"og:url\" content=\"https:\/\/pele.de\/du\/personal-outsourcing\/\" \/>\n<meta property=\"og:site_name\" content=\"Personaldienstleistung in Augsburg\" \/>\n<meta property=\"article:modified_time\" content=\"2025-09-04T15:05:45+00:00\" \/>\n<meta property=\"og:image\" content=\"https:\/\/pele.de\/wp-content\/uploads\/2022\/06\/pele-zeitarbeit-augsburg-30.jpg\" \/>\n\t<meta property=\"og:image:width\" content=\"1600\" \/>\n\t<meta property=\"og:image:height\" content=\"1068\" \/>\n\t<meta property=\"og:image:type\" content=\"image\/jpeg\" \/>\n<meta name=\"twitter:card\" content=\"summary_large_image\" \/>\n<meta name=\"twitter:label1\" content=\"Est. reading time\" \/>\n\t<meta name=\"twitter:data1\" content=\"2 minutes\" \/>\n<script type=\"application\/ld+json\" class=\"yoast-schema-graph\">{\"@context\":\"https:\\\/\\\/schema.org\",\"@graph\":[{\"@type\":\"WebPage\",\"@id\":\"https:\\\/\\\/pele.de\\\/personal-outsourcing\\\/\",\"url\":\"https:\\\/\\\/pele.de\\\/personal-outsourcing\\\/\",\"name\":\"Personal Outsourcing Augsburg: Pele Personal\",\"isPartOf\":{\"@id\":\"https:\\\/\\\/pele.de\\\/#website\"},\"primaryImageOfPage\":{\"@id\":\"https:\\\/\\\/pele.de\\\/personal-outsourcing\\\/#primaryimage\"},\"image\":{\"@id\":\"https:\\\/\\\/pele.de\\\/personal-outsourcing\\\/#primaryimage\"},\"thumbnailUrl\":\"https:\\\/\\\/pele.de\\\/wp-content\\\/uploads\\\/2022\\\/06\\\/pele-zeitarbeit-augsburg-30.jpg\",\"datePublished\":\"2022-06-22T09:18:29+00:00\",\"dateModified\":\"2025-09-04T15:05:45+00:00\",\"description\":\"Personal Outsourcing Augsburg: Gesch\u00e4ftsbereiche smart auslagern an erfahrenen Personaldienstleister: personelle Entlastung, flexible Vereinbarungen\",\"breadcrumb\":{\"@id\":\"https:\\\/\\\/pele.de\\\/personal-outsourcing\\\/#breadcrumb\"},\"inLanguage\":\"de-Du\",\"potentialAction\":[{\"@type\":\"ReadAction\",\"target\":[\"https:\\\/\\\/pele.de\\\/personal-outsourcing\\\/\"]}]},{\"@type\":\"ImageObject\",\"inLanguage\":\"de-Du\",\"@id\":\"https:\\\/\\\/pele.de\\\/personal-outsourcing\\\/#primaryimage\",\"url\":\"https:\\\/\\\/pele.de\\\/wp-content\\\/uploads\\\/2022\\\/06\\\/pele-zeitarbeit-augsburg-30.jpg\",\"contentUrl\":\"https:\\\/\\\/pele.de\\\/wp-content\\\/uploads\\\/2022\\\/06\\\/pele-zeitarbeit-augsburg-30.jpg\",\"width\":1600,\"height\":1068},{\"@type\":\"BreadcrumbList\",\"@id\":\"https:\\\/\\\/pele.de\\\/personal-outsourcing\\\/#breadcrumb\",\"itemListElement\":[{\"@type\":\"ListItem\",\"position\":1,\"name\":\"Startseite\",\"item\":\"https:\\\/\\\/pele.de\\\/startseite\\\/\"},{\"@type\":\"ListItem\",\"position\":2,\"name\":\"Personal-Outsourcing\"}]},{\"@type\":\"WebSite\",\"@id\":\"https:\\\/\\\/pele.de\\\/#website\",\"url\":\"https:\\\/\\\/pele.de\\\/\",\"name\":\"Personaldienstleistung in Augsburg\",\"description\":\"Personaldienstleistung in Augsburg\",\"publisher\":{\"@id\":\"https:\\\/\\\/pele.de\\\/#organization\"},\"potentialAction\":[{\"@type\":\"SearchAction\",\"target\":{\"@type\":\"EntryPoint\",\"urlTemplate\":\"https:\\\/\\\/pele.de\\\/?s={search_term_string}\"},\"query-input\":{\"@type\":\"PropertyValueSpecification\",\"valueRequired\":true,\"valueName\":\"search_term_string\"}}],\"inLanguage\":\"de-Du\"},{\"@type\":\"Organization\",\"@id\":\"https:\\\/\\\/pele.de\\\/#organization\",\"name\":\"PELE - Personaldienstleistung\",\"url\":\"https:\\\/\\\/pele.de\\\/\",\"logo\":{\"@type\":\"ImageObject\",\"inLanguage\":\"de-Du\",\"@id\":\"https:\\\/\\\/pele.de\\\/#\\\/schema\\\/logo\\\/image\\\/\",\"url\":\"http:\\\/\\\/pele.de\\\/wp-content\\\/uploads\\\/2021\\\/08\\\/logo-pele.svg\",\"contentUrl\":\"http:\\\/\\\/pele.de\\\/wp-content\\\/uploads\\\/2021\\\/08\\\/logo-pele.svg\",\"width\":89,\"height\":80,\"caption\":\"PELE - Personaldienstleistung\"},\"image\":{\"@id\":\"https:\\\/\\\/pele.de\\\/#\\\/schema\\\/logo\\\/image\\\/\"}}]}<\/script>\n<!-- \/ Yoast SEO plugin. -->","yoast_head_json":{"title":"Personal Outsourcing Augsburg: Pele Personal","description":"Personal Outsourcing Augsburg: Gesch\u00e4ftsbereiche smart auslagern an erfahrenen Personaldienstleister: personelle Entlastung, flexible Vereinbarungen","robots":{"index":"index","follow":"follow","max-snippet":"max-snippet:-1","max-image-preview":"max-image-preview:large","max-video-preview":"max-video-preview:-1"},"canonical":"https:\/\/pele.de\/du\/personal-outsourcing\/","og_locale":"de_DE","og_type":"article","og_title":"Personal Outsourcing Augsburg: Pele Personal","og_description":"Personal Outsourcing Augsburg: Gesch\u00e4ftsbereiche smart auslagern an erfahrenen Personaldienstleister: personelle Entlastung, flexible Vereinbarungen","og_url":"https:\/\/pele.de\/du\/personal-outsourcing\/","og_site_name":"Personaldienstleistung in Augsburg","article_modified_time":"2025-09-04T15:05:45+00:00","og_image":[{"width":1600,"height":1068,"url":"https:\/\/pele.de\/wp-content\/uploads\/2022\/06\/pele-zeitarbeit-augsburg-30.jpg","type":"image\/jpeg"}],"twitter_card":"summary_large_image","twitter_misc":{"Est. reading time":"2 minutes"},"schema":{"@context":"https:\/\/schema.org","@graph":[{"@type":"WebPage","@id":"https:\/\/pele.de\/personal-outsourcing\/","url":"https:\/\/pele.de\/personal-outsourcing\/","name":"Personal Outsourcing Augsburg: Pele Personal","isPartOf":{"@id":"https:\/\/pele.de\/#website"},"primaryImageOfPage":{"@id":"https:\/\/pele.de\/personal-outsourcing\/#primaryimage"},"image":{"@id":"https:\/\/pele.de\/personal-outsourcing\/#primaryimage"},"thumbnailUrl":"https:\/\/pele.de\/wp-content\/uploads\/2022\/06\/pele-zeitarbeit-augsburg-30.jpg","datePublished":"2022-06-22T09:18:29+00:00","dateModified":"2025-09-04T15:05:45+00:00","description":"Personal Outsourcing Augsburg: Gesch\u00e4ftsbereiche smart auslagern an erfahrenen Personaldienstleister: personelle Entlastung, flexible Vereinbarungen","breadcrumb":{"@id":"https:\/\/pele.de\/personal-outsourcing\/#breadcrumb"},"inLanguage":"de-Du","potentialAction":[{"@type":"ReadAction","target":["https:\/\/pele.de\/personal-outsourcing\/"]}]},{"@type":"ImageObject","inLanguage":"de-Du","@id":"https:\/\/pele.de\/personal-outsourcing\/#primaryimage","url":"https:\/\/pele.de\/wp-content\/uploads\/2022\/06\/pele-zeitarbeit-augsburg-30.jpg","contentUrl":"https:\/\/pele.de\/wp-content\/uploads\/2022\/06\/pele-zeitarbeit-augsburg-30.jpg","width":1600,"height":1068},{"@type":"BreadcrumbList","@id":"https:\/\/pele.de\/personal-outsourcing\/#breadcrumb","itemListElement":[{"@type":"ListItem","position":1,"name":"Startseite","item":"https:\/\/pele.de\/startseite\/"},{"@type":"ListItem","position":2,"name":"Personal-Outsourcing"}]},{"@type":"WebSite","@id":"https:\/\/pele.de\/#website","url":"https:\/\/pele.de\/","name":"Personaldienstleistung in Augsburg","description":"Personaldienstleistung in Augsburg","publisher":{"@id":"https:\/\/pele.de\/#organization"},"potentialAction":[{"@type":"SearchAction","target":{"@type":"EntryPoint","urlTemplate":"https:\/\/pele.de\/?s={search_term_string}"},"query-input":{"@type":"PropertyValueSpecification","valueRequired":true,"valueName":"search_term_string"}}],"inLanguage":"de-Du"},{"@type":"Organization","@id":"https:\/\/pele.de\/#organization","name":"PELE - Personaldienstleistung","url":"https:\/\/pele.de\/","logo":{"@type":"ImageObject","inLanguage":"de-Du","@id":"https:\/\/pele.de\/#\/schema\/logo\/image\/","url":"http:\/\/pele.de\/wp-content\/uploads\/2021\/08\/logo-pele.svg","contentUrl":"http:\/\/pele.de\/wp-content\/uploads\/2021\/08\/logo-pele.svg","width":89,"height":80,"caption":"PELE - Personaldienstleistung"},"image":{"@id":"https:\/\/pele.de\/#\/schema\/logo\/image\/"}}]}},"_links":{"self":[{"href":"https:\/\/pele.de\/du\/wp-json\/wp\/v2\/pages\/1190","targetHints":{"allow":["GET"]}}],"collection":[{"href":"https:\/\/pele.de\/du\/wp-json\/wp\/v2\/pages"}],"about":[{"href":"https:\/\/pele.de\/du\/wp-json\/wp\/v2\/types\/page"}],"author":[{"embeddable":true,"href":"https:\/\/pele.de\/du\/wp-json\/wp\/v2\/users\/1"}],"replies":[{"embeddable":true,"href":"https:\/\/pele.de\/du\/wp-json\/wp\/v2\/comments?post=1190"}],"version-history":[{"count":2,"href":"https:\/\/pele.de\/du\/wp-json\/wp\/v2\/pages\/1190\/revisions"}],"predecessor-version":[{"id":2856,"href":"https:\/\/pele.de\/du\/wp-json\/wp\/v2\/pages\/1190\/revisions\/2856"}],"wp:featuredmedia":[{"embeddable":true,"href":"https:\/\/pele.de\/du\/wp-json\/wp\/v2\/media\/1191"}],"wp:attachment":[{"href":"https:\/\/pele.de\/du\/wp-json\/wp\/v2\/media?parent=1190"}],"curies":[{"name":"wp","href":"https:\/\/api.w.org\/{rel}","templated":true}]}}