{"id":1194,"date":"2022-06-22T11:21:58","date_gmt":"2022-06-22T09:21:58","guid":{"rendered":"http:\/\/pele.studio-augsburg.de\/?page_id=1194"},"modified":"2025-09-04T17:06:05","modified_gmt":"2025-09-04T15:06:05","slug":"on-site-management","status":"publish","type":"page","link":"https:\/\/pele.de\/du\/on-site-management\/","title":{"rendered":"On-Site-Management \/ Master-Vendor"},"content":{"rendered":"<style type=\"text\/css\" data-created_by=\"avia_inline_auto\" id=\"style-css-av-l4ntxc7b-21792375078cf1108c9933841cc32628\">\n.avia-section.av-l4ntxc7b-21792375078cf1108c9933841cc32628 .av-parallax .av-parallax-inner{\nbackground-repeat:no-repeat;\nbackground-image:url(https:\/\/pele.de\/wp-content\/uploads\/2022\/06\/pele-zeitarbeit-augsburg-32.jpg);\nbackground-position:50% 100%;\nbackground-attachment:scroll;\n}\n.avia-section.av-l4ntxc7b-21792375078cf1108c9933841cc32628 .av-section-color-overlay{\nopacity:0.7;\nbackground-color:#ffffff;\n}\n<\/style>\n<div id='job-highlights'  class='avia-section av-l4ntxc7b-21792375078cf1108c9933841cc32628 main_color avia-section-default avia-no-border-styling  avia-builder-el-0  el_before_av_section  avia-builder-el-first  vhplus300px avia-full-stretch av-parallax-section avia-bg-style-parallax av-section-color-overlay-active av-minimum-height av-minimum-height-50 av-height-50  container_wrap fullsize'  data-section-bg-repeat='stretch' data-av_minimum_height_pc='50' data-av_min_height_opt='50'><div class='av-parallax' data-avia-parallax-ratio='0.3' ><div class='av-parallax-inner main_color avia-full-stretch'><\/div><\/div><div class=\"av-section-color-overlay-wrap\"><div class=\"av-section-color-overlay\"><\/div><div class='container av-section-cont-open' ><main  role=\"main\" itemprop=\"mainContentOfPage\"  class='template-page content  av-content-full alpha units'><div class='post-entry post-entry-type-page post-entry-1194'><div class='entry-content-wrapper clearfix'>\n\n<style type=\"text\/css\" data-created_by=\"avia_inline_auto\" id=\"style-css-av-l4p86dkt-4f173085c849072c55267201eb7ce7b1\">\n#top .av-special-heading.av-l4p86dkt-4f173085c849072c55267201eb7ce7b1{\npadding-bottom:10px;\n}\nbody .av-special-heading.av-l4p86dkt-4f173085c849072c55267201eb7ce7b1 .av-special-heading-tag .heading-char{\nfont-size:25px;\n}\n.av-special-heading.av-l4p86dkt-4f173085c849072c55267201eb7ce7b1 .av-subheading{\nfont-size:15px;\n}\n<\/style>\n<div  class='av-special-heading av-l4p86dkt-4f173085c849072c55267201eb7ce7b1 av-special-heading-h1  avia-builder-el-1  avia-builder-el-no-sibling  mb-60'><h1 class='av-special-heading-tag'  itemprop=\"headline\"  >On-Site-Management \/ Master-Vendor Augsburg<\/h1><div class=\"special-heading-border\"><div class=\"special-heading-inner-border\"><\/div><\/div><\/div>\n\n<\/div><\/div><\/main><!-- close content main element --><\/div><\/div><\/div><div id='breadcrumbs'  class='avia-section av-3o8tt6-a7f50beec85db16ad7cacfbb395d14ff main_color avia-section-no-padding avia-no-border-styling  avia-builder-el-2  el_after_av_section  el_before_av_section  breadcrumbs avia-bg-style-scroll av-minimum-height av-minimum-height-custom av-height-custom  container_wrap fullsize'   data-av_minimum_height_px='10'><div class='container av-section-cont-open' style='height:10px'><div class='template-page content  av-content-full alpha units'><div class='post-entry post-entry-type-page post-entry-1194'><div class='entry-content-wrapper clearfix'>\n\n\n<\/div><\/div><\/div><!-- close content main div --><\/div><\/div><div id='einleitung'  class='avia-section av-ma2a4-efeb085e48c0532046efcd685da153e0 main_color avia-section-default avia-no-border-styling  avia-builder-el-4  el_after_av_section  el_before_av_section  vhplus300px avia-bg-style-fixed av-minimum-height av-minimum-height-50 av-height-50  container_wrap fullsize'   data-av_minimum_height_pc='50' data-av_min_height_opt='50'><div class='container av-section-cont-open' ><div class='template-page content  av-content-full alpha units'><div class='post-entry post-entry-type-page post-entry-1194'><div class='entry-content-wrapper clearfix'>\n<section  class='av_textblock_section av-3a9zv0-adfb19f13ba897c8d24b935e76ee27c1'   itemscope=\"itemscope\" itemtype=\"https:\/\/schema.org\/CreativeWork\" ><div class='avia_textblock'  itemprop=\"text\" ><h2>Komplettes Onsite-Management Deiner externen Mitarbeiter<\/h2>\n<p>Alles live und vor Ort und aus einer Hand: Die Koordinierung Deiner entliehenen Mitarbeiter frisst zu viel Zeit? Pele Personal aus Augsburg \u00fcbernimmt direkt bei Dir vor Ort und\/oder vom eigenen B\u00fcro aus das <strong>komplette Management Deiner Mitarbeiter auf Zeit.<\/strong> Unser Onsite-Manager ist durch seine Pr\u00e4senz in Deinem Unternehmen in Firmenabl\u00e4ufe integriert, kann Prozesse damit optimieren, Deinen Mitarbeiterbedarf exakt ermitteln, geeignete Fachkr\u00e4fte mit gemeinsam ausgew\u00e4hlten Co-Lieferanten rekrutieren und Dir Zeit bei der Einarbeitung einsparen.<\/p>\n<h2><strong>Mit dem Master-Vendor-Konzept von Pele beh\u00e4ltst Du den \u00dcberblick <\/strong><\/h2>\n<p>Pele, Dein Zeitarbeitskoordinator: Bist Du ein Unternehmen, das einen besonders hohen Bedarf an Zeitarbeitern hat? Oder Auftragsschwankungen unterworfen ist? Deckst Du Deinen Personalbedarf \u00fcber unterschiedliche Dienstleister? Damit Du bei alledem den \u00dcberblick beh\u00e4ltst und keine Zeit mit Personal-Koordination verschwendest, stellen wir Dir einen <strong>HR-Profi<\/strong> zur Seite: Im Pele-Master-Vendor-Projekt werden f\u00fcr Dich all Deine Personaldienstleister koordiniert. Das treibt Dein Tagesgesch\u00e4ft voran.<\/p>\n<\/div><\/section>\n\n<\/div><\/div><\/div><!-- close content main div --><\/div><\/div>\n<style type=\"text\/css\" data-created_by=\"avia_inline_auto\" id=\"style-css-av-6p5fa-ef769595e99d6656f62be50aa45a98e8\">\n.avia-section.av-6p5fa-ef769595e99d6656f62be50aa45a98e8 .av-parallax .av-parallax-inner{\nbackground-repeat:no-repeat;\nbackground-image:url(https:\/\/pele.de\/wp-content\/uploads\/2022\/06\/pele-zeitarbeit-augsburg-37.jpg);\nbackground-position:50% 50%;\nbackground-attachment:scroll;\n}\n.avia-section.av-6p5fa-ef769595e99d6656f62be50aa45a98e8 .av-section-color-overlay{\nopacity:0.8;\nbackground-color:#ffffff;\n}\n<\/style>\n<div id='usps'  class='avia-section av-6p5fa-ef769595e99d6656f62be50aa45a98e8 main_color avia-section-default avia-no-border-styling  avia-builder-el-6  el_after_av_section  avia-builder-el-last  vhplus300px avia-full-stretch av-parallax-section avia-bg-style-parallax av-section-color-overlay-active av-minimum-height av-minimum-height-50 av-height-50  container_wrap fullsize'  data-section-bg-repeat='stretch' data-av_minimum_height_pc='50' data-av_min_height_opt='50'><div class='av-parallax' data-avia-parallax-ratio='0.3' ><div class='av-parallax-inner main_color avia-full-stretch'><\/div><\/div><div class=\"av-section-color-overlay-wrap\"><div class=\"av-section-color-overlay\"><\/div><div class='container av-section-cont-open' ><div class='template-page content  av-content-full alpha units'><div class='post-entry post-entry-type-page post-entry-1194'><div class='entry-content-wrapper clearfix'>\n\n<style type=\"text\/css\" data-created_by=\"avia_inline_auto\" id=\"style-css-av-l4nvk8t0-b6490c59469a091fba94447718a8f5ca\">\n#top .av-special-heading.av-l4nvk8t0-b6490c59469a091fba94447718a8f5ca{\npadding-bottom:10px;\n}\nbody .av-special-heading.av-l4nvk8t0-b6490c59469a091fba94447718a8f5ca .av-special-heading-tag .heading-char{\nfont-size:25px;\n}\n.av-special-heading.av-l4nvk8t0-b6490c59469a091fba94447718a8f5ca .av-subheading{\nfont-size:15px;\n}\n<\/style>\n<div  class='av-special-heading av-l4nvk8t0-b6490c59469a091fba94447718a8f5ca av-special-heading-h2  avia-builder-el-7  el_before_av_textblock  avia-builder-el-first'><h2 class='av-special-heading-tag'  itemprop=\"headline\"  >Onsite-Management \/ Master-Vendor mit Pele Personal Augsburg<\/h2><div class=\"special-heading-border\"><div class=\"special-heading-inner-border\"><\/div><\/div><\/div>\n<section  class='av_textblock_section av-l4nvkplq-d821bcd4a86ec7a6f0093468cbca637d'   itemscope=\"itemscope\" itemtype=\"https:\/\/schema.org\/CreativeWork\" ><div class='avia_textblock'  itemprop=\"text\" ><ul>\n<li>Ein pers\u00f6nlicher Ansprechpartner f\u00fcr Deine externen Personal-Angelegenheiten vor Ort<\/li>\n<li>Entlastung Deiner Personalabteilung in Sachen Zeitarbeits-management<\/li>\n<li>schnellere Personalverf\u00fcgbarkeit durch Zugriff auf den Kandidatenpool mehrerer Dienstleister<\/li>\n<li>langj\u00e4hrige Recruiting und Koordinations-Erfahrung<\/li>\n<\/ul>\n<\/div><\/section>","protected":false},"excerpt":{"rendered":"","protected":false},"author":1,"featured_media":1196,"parent":0,"menu_order":0,"comment_status":"closed","ping_status":"closed","template":"","meta":{"inline_featured_image":false,"footnotes":""},"class_list":["post-1194","page","type-page","status-publish","has-post-thumbnail","hentry"],"yoast_head":"<!-- This site is optimized with the Yoast SEO plugin v27.3 - https:\/\/yoast.com\/product\/yoast-seo-wordpress\/ -->\n<title>Onsite Management: Pele Personal Augsburg<\/title>\n<meta name=\"description\" content=\"Onsite Management: professionelle \u00dcbernahme Ihres Zeitarbeiter-Managements durch Pele Personal Augsburg: Hier erfahrenen Master Vendor buchen!\" \/>\n<meta name=\"robots\" content=\"index, follow, max-snippet:-1, max-image-preview:large, max-video-preview:-1\" \/>\n<link rel=\"canonical\" href=\"https:\/\/pele.de\/du\/on-site-management\/\" \/>\n<meta property=\"og:locale\" content=\"de_DE\" \/>\n<meta property=\"og:type\" content=\"article\" \/>\n<meta property=\"og:title\" content=\"Onsite Management: Pele Personal Augsburg\" \/>\n<meta property=\"og:description\" content=\"Onsite Management: professionelle \u00dcbernahme Ihres Zeitarbeiter-Managements durch Pele Personal Augsburg: Hier erfahrenen Master Vendor buchen!\" \/>\n<meta property=\"og:url\" content=\"https:\/\/pele.de\/du\/on-site-management\/\" \/>\n<meta property=\"og:site_name\" content=\"Personaldienstleistung in Augsburg\" \/>\n<meta property=\"article:modified_time\" content=\"2025-09-04T15:06:05+00:00\" \/>\n<meta property=\"og:image\" content=\"https:\/\/pele.de\/wp-content\/uploads\/2022\/06\/pele-zeitarbeit-augsburg-32.jpg\" \/>\n\t<meta property=\"og:image:width\" content=\"1600\" \/>\n\t<meta property=\"og:image:height\" content=\"1068\" \/>\n\t<meta property=\"og:image:type\" content=\"image\/jpeg\" \/>\n<meta name=\"twitter:card\" content=\"summary_large_image\" \/>\n<script type=\"application\/ld+json\" class=\"yoast-schema-graph\">{\"@context\":\"https:\\\/\\\/schema.org\",\"@graph\":[{\"@type\":\"WebPage\",\"@id\":\"https:\\\/\\\/pele.de\\\/on-site-management\\\/\",\"url\":\"https:\\\/\\\/pele.de\\\/on-site-management\\\/\",\"name\":\"Onsite Management: Pele Personal Augsburg\",\"isPartOf\":{\"@id\":\"https:\\\/\\\/pele.de\\\/#website\"},\"primaryImageOfPage\":{\"@id\":\"https:\\\/\\\/pele.de\\\/on-site-management\\\/#primaryimage\"},\"image\":{\"@id\":\"https:\\\/\\\/pele.de\\\/on-site-management\\\/#primaryimage\"},\"thumbnailUrl\":\"https:\\\/\\\/pele.de\\\/wp-content\\\/uploads\\\/2022\\\/06\\\/pele-zeitarbeit-augsburg-32.jpg\",\"datePublished\":\"2022-06-22T09:21:58+00:00\",\"dateModified\":\"2025-09-04T15:06:05+00:00\",\"description\":\"Onsite Management: professionelle \u00dcbernahme Ihres Zeitarbeiter-Managements durch Pele Personal Augsburg: Hier erfahrenen Master Vendor buchen!\",\"breadcrumb\":{\"@id\":\"https:\\\/\\\/pele.de\\\/on-site-management\\\/#breadcrumb\"},\"inLanguage\":\"de-Du\",\"potentialAction\":[{\"@type\":\"ReadAction\",\"target\":[\"https:\\\/\\\/pele.de\\\/on-site-management\\\/\"]}]},{\"@type\":\"ImageObject\",\"inLanguage\":\"de-Du\",\"@id\":\"https:\\\/\\\/pele.de\\\/on-site-management\\\/#primaryimage\",\"url\":\"https:\\\/\\\/pele.de\\\/wp-content\\\/uploads\\\/2022\\\/06\\\/pele-zeitarbeit-augsburg-32.jpg\",\"contentUrl\":\"https:\\\/\\\/pele.de\\\/wp-content\\\/uploads\\\/2022\\\/06\\\/pele-zeitarbeit-augsburg-32.jpg\",\"width\":1600,\"height\":1068},{\"@type\":\"BreadcrumbList\",\"@id\":\"https:\\\/\\\/pele.de\\\/on-site-management\\\/#breadcrumb\",\"itemListElement\":[{\"@type\":\"ListItem\",\"position\":1,\"name\":\"Startseite\",\"item\":\"https:\\\/\\\/pele.de\\\/startseite\\\/\"},{\"@type\":\"ListItem\",\"position\":2,\"name\":\"On-Site-Management \\\/ Master-Vendor\"}]},{\"@type\":\"WebSite\",\"@id\":\"https:\\\/\\\/pele.de\\\/#website\",\"url\":\"https:\\\/\\\/pele.de\\\/\",\"name\":\"Personaldienstleistung in Augsburg\",\"description\":\"Personaldienstleistung in Augsburg\",\"publisher\":{\"@id\":\"https:\\\/\\\/pele.de\\\/#organization\"},\"potentialAction\":[{\"@type\":\"SearchAction\",\"target\":{\"@type\":\"EntryPoint\",\"urlTemplate\":\"https:\\\/\\\/pele.de\\\/?s={search_term_string}\"},\"query-input\":{\"@type\":\"PropertyValueSpecification\",\"valueRequired\":true,\"valueName\":\"search_term_string\"}}],\"inLanguage\":\"de-Du\"},{\"@type\":\"Organization\",\"@id\":\"https:\\\/\\\/pele.de\\\/#organization\",\"name\":\"PELE - Personaldienstleistung\",\"url\":\"https:\\\/\\\/pele.de\\\/\",\"logo\":{\"@type\":\"ImageObject\",\"inLanguage\":\"de-Du\",\"@id\":\"https:\\\/\\\/pele.de\\\/#\\\/schema\\\/logo\\\/image\\\/\",\"url\":\"http:\\\/\\\/pele.de\\\/wp-content\\\/uploads\\\/2021\\\/08\\\/logo-pele.svg\",\"contentUrl\":\"http:\\\/\\\/pele.de\\\/wp-content\\\/uploads\\\/2021\\\/08\\\/logo-pele.svg\",\"width\":89,\"height\":80,\"caption\":\"PELE - Personaldienstleistung\"},\"image\":{\"@id\":\"https:\\\/\\\/pele.de\\\/#\\\/schema\\\/logo\\\/image\\\/\"}}]}<\/script>\n<!-- \/ Yoast SEO plugin. -->","yoast_head_json":{"title":"Onsite Management: Pele Personal Augsburg","description":"Onsite Management: professionelle \u00dcbernahme Ihres Zeitarbeiter-Managements durch Pele Personal Augsburg: Hier erfahrenen Master Vendor buchen!","robots":{"index":"index","follow":"follow","max-snippet":"max-snippet:-1","max-image-preview":"max-image-preview:large","max-video-preview":"max-video-preview:-1"},"canonical":"https:\/\/pele.de\/du\/on-site-management\/","og_locale":"de_DE","og_type":"article","og_title":"Onsite Management: Pele Personal Augsburg","og_description":"Onsite Management: professionelle \u00dcbernahme Ihres Zeitarbeiter-Managements durch Pele Personal Augsburg: Hier erfahrenen Master Vendor buchen!","og_url":"https:\/\/pele.de\/du\/on-site-management\/","og_site_name":"Personaldienstleistung in Augsburg","article_modified_time":"2025-09-04T15:06:05+00:00","og_image":[{"width":1600,"height":1068,"url":"https:\/\/pele.de\/wp-content\/uploads\/2022\/06\/pele-zeitarbeit-augsburg-32.jpg","type":"image\/jpeg"}],"twitter_card":"summary_large_image","schema":{"@context":"https:\/\/schema.org","@graph":[{"@type":"WebPage","@id":"https:\/\/pele.de\/on-site-management\/","url":"https:\/\/pele.de\/on-site-management\/","name":"Onsite Management: Pele Personal Augsburg","isPartOf":{"@id":"https:\/\/pele.de\/#website"},"primaryImageOfPage":{"@id":"https:\/\/pele.de\/on-site-management\/#primaryimage"},"image":{"@id":"https:\/\/pele.de\/on-site-management\/#primaryimage"},"thumbnailUrl":"https:\/\/pele.de\/wp-content\/uploads\/2022\/06\/pele-zeitarbeit-augsburg-32.jpg","datePublished":"2022-06-22T09:21:58+00:00","dateModified":"2025-09-04T15:06:05+00:00","description":"Onsite Management: professionelle \u00dcbernahme Ihres Zeitarbeiter-Managements durch Pele Personal Augsburg: Hier erfahrenen Master Vendor buchen!","breadcrumb":{"@id":"https:\/\/pele.de\/on-site-management\/#breadcrumb"},"inLanguage":"de-Du","potentialAction":[{"@type":"ReadAction","target":["https:\/\/pele.de\/on-site-management\/"]}]},{"@type":"ImageObject","inLanguage":"de-Du","@id":"https:\/\/pele.de\/on-site-management\/#primaryimage","url":"https:\/\/pele.de\/wp-content\/uploads\/2022\/06\/pele-zeitarbeit-augsburg-32.jpg","contentUrl":"https:\/\/pele.de\/wp-content\/uploads\/2022\/06\/pele-zeitarbeit-augsburg-32.jpg","width":1600,"height":1068},{"@type":"BreadcrumbList","@id":"https:\/\/pele.de\/on-site-management\/#breadcrumb","itemListElement":[{"@type":"ListItem","position":1,"name":"Startseite","item":"https:\/\/pele.de\/startseite\/"},{"@type":"ListItem","position":2,"name":"On-Site-Management \/ Master-Vendor"}]},{"@type":"WebSite","@id":"https:\/\/pele.de\/#website","url":"https:\/\/pele.de\/","name":"Personaldienstleistung in Augsburg","description":"Personaldienstleistung in Augsburg","publisher":{"@id":"https:\/\/pele.de\/#organization"},"potentialAction":[{"@type":"SearchAction","target":{"@type":"EntryPoint","urlTemplate":"https:\/\/pele.de\/?s={search_term_string}"},"query-input":{"@type":"PropertyValueSpecification","valueRequired":true,"valueName":"search_term_string"}}],"inLanguage":"de-Du"},{"@type":"Organization","@id":"https:\/\/pele.de\/#organization","name":"PELE - Personaldienstleistung","url":"https:\/\/pele.de\/","logo":{"@type":"ImageObject","inLanguage":"de-Du","@id":"https:\/\/pele.de\/#\/schema\/logo\/image\/","url":"http:\/\/pele.de\/wp-content\/uploads\/2021\/08\/logo-pele.svg","contentUrl":"http:\/\/pele.de\/wp-content\/uploads\/2021\/08\/logo-pele.svg","width":89,"height":80,"caption":"PELE - Personaldienstleistung"},"image":{"@id":"https:\/\/pele.de\/#\/schema\/logo\/image\/"}}]}},"_links":{"self":[{"href":"https:\/\/pele.de\/du\/wp-json\/wp\/v2\/pages\/1194","targetHints":{"allow":["GET"]}}],"collection":[{"href":"https:\/\/pele.de\/du\/wp-json\/wp\/v2\/pages"}],"about":[{"href":"https:\/\/pele.de\/du\/wp-json\/wp\/v2\/types\/page"}],"author":[{"embeddable":true,"href":"https:\/\/pele.de\/du\/wp-json\/wp\/v2\/users\/1"}],"replies":[{"embeddable":true,"href":"https:\/\/pele.de\/du\/wp-json\/wp\/v2\/comments?post=1194"}],"version-history":[{"count":2,"href":"https:\/\/pele.de\/du\/wp-json\/wp\/v2\/pages\/1194\/revisions"}],"predecessor-version":[{"id":2857,"href":"https:\/\/pele.de\/du\/wp-json\/wp\/v2\/pages\/1194\/revisions\/2857"}],"wp:featuredmedia":[{"embeddable":true,"href":"https:\/\/pele.de\/du\/wp-json\/wp\/v2\/media\/1196"}],"wp:attachment":[{"href":"https:\/\/pele.de\/du\/wp-json\/wp\/v2\/media?parent=1194"}],"curies":[{"name":"wp","href":"https:\/\/api.w.org\/{rel}","templated":true}]}}