{"id":1212,"date":"2022-06-22T12:21:18","date_gmt":"2022-06-22T10:21:18","guid":{"rendered":"http:\/\/pele.studio-augsburg.de\/?page_id=1212"},"modified":"2025-09-04T17:07:54","modified_gmt":"2025-09-04T15:07:54","slug":"bescheinigungen-zertifikate","status":"publish","type":"page","link":"https:\/\/pele.de\/du\/bescheinigungen-zertifikate\/","title":{"rendered":"Zertifizierungen und Mitgliedschaften"},"content":{"rendered":"<style type=\"text\/css\" data-created_by=\"avia_inline_auto\" id=\"style-css-av-kycs8g0t-cb43fd15ae6c06d73d22a3cca07294a4\">\n.avia-section.av-kycs8g0t-cb43fd15ae6c06d73d22a3cca07294a4 .av-parallax .av-parallax-inner{\nbackground-repeat:no-repeat;\nbackground-image:url(https:\/\/pele.de\/wp-content\/uploads\/2022\/06\/pele-zeitarbeit-augsburg-35.jpg);\nbackground-position:50% 50%;\nbackground-attachment:scroll;\n}\n.avia-section.av-kycs8g0t-cb43fd15ae6c06d73d22a3cca07294a4 .av-section-color-overlay{\nopacity:0.8;\nbackground-color:#ffffff;\n}\n<\/style>\n<div id='av_section_1'  class='avia-section av-kycs8g0t-cb43fd15ae6c06d73d22a3cca07294a4 main_color avia-section-default avia-no-border-styling  avia-builder-el-0  el_before_av_section  avia-builder-el-first  vhplus300px av-parallax-section avia-bg-style-parallax av-section-color-overlay-active av-minimum-height av-minimum-height-50 av-height-50  container_wrap fullsize'  data-section-bg-repeat='no-repeat' data-av_minimum_height_pc='50' data-av_min_height_opt='50'><div class='av-parallax' data-avia-parallax-ratio='0.3' ><div class='av-parallax-inner main_color avia-full-stretch'><\/div><\/div><div class=\"av-section-color-overlay-wrap\"><div class=\"av-section-color-overlay\"><\/div><div class='container av-section-cont-open' ><main  role=\"main\" itemprop=\"mainContentOfPage\"  class='template-page content  av-content-full alpha units'><div class='post-entry post-entry-type-page post-entry-1212'><div class='entry-content-wrapper clearfix'>\n\n<style type=\"text\/css\" data-created_by=\"avia_inline_auto\" id=\"style-css-av-kycs8zrg-c7f3f03a394efd83d76bfd4963efa168\">\n#top .av-special-heading.av-kycs8zrg-c7f3f03a394efd83d76bfd4963efa168{\npadding-bottom:10px;\n}\nbody .av-special-heading.av-kycs8zrg-c7f3f03a394efd83d76bfd4963efa168 .av-special-heading-tag .heading-char{\nfont-size:25px;\n}\n.av-special-heading.av-kycs8zrg-c7f3f03a394efd83d76bfd4963efa168 .av-subheading{\nfont-size:15px;\n}\n<\/style>\n<div  class='av-special-heading av-kycs8zrg-c7f3f03a394efd83d76bfd4963efa168 av-special-heading-h1 custom-color-heading  avia-builder-el-1  avia-builder-el-no-sibling'><h1 class='av-special-heading-tag'  itemprop=\"headline\"  >Zertifizierungen und Mitgliedschaften<\/h1><div class=\"special-heading-border\"><div class=\"special-heading-inner-border\"><\/div><\/div><\/div>\n\n<\/div><\/div><\/main><!-- close content main element --><\/div><\/div><\/div><div id='breadcrumbs'  class='avia-section av-eyfng-1778e21a91d93a041b688d2a81aad277 main_color avia-section-no-padding avia-no-border-styling  avia-builder-el-2  el_after_av_section  el_before_av_one_full  breadcrumbs avia-bg-style-scroll av-minimum-height av-minimum-height-custom av-height-custom  container_wrap fullsize'   data-av_minimum_height_px='10'><div class='container av-section-cont-open' style='height:10px'><div class='template-page content  av-content-full alpha units'><div class='post-entry post-entry-type-page post-entry-1212'><div class='entry-content-wrapper clearfix'>\n\n<\/div><\/div><\/div><!-- close content main div --><\/div><\/div><div id='after_section_2'  class='main_color av_default_container_wrap container_wrap fullsize'  ><div class='container av-section-cont-open' ><div class='template-page content  av-content-full alpha units'><div class='post-entry post-entry-type-page post-entry-1212'><div class='entry-content-wrapper clearfix'>\n<div  class='flex_column av-bks2c-2f04555243964fa3aef42dc8d86b1f6a av_one_full  avia-builder-el-4  el_after_av_section  el_before_av_one_third  avia-builder-el-first  first flex_column_div'     ><section  class='av_textblock_section av-kycsdm6b-996821002bb3165b90fc2e20dedf8112'   itemscope=\"itemscope\" itemtype=\"https:\/\/schema.org\/CreativeWork\" ><div class='avia_textblock'  itemprop=\"text\" ><h2>Zertifizierte Personaldienstleistungen<\/h2>\n<p>Ausgezeichnete Qualit\u00e4t: Die Zufriedenheit unserer Kunden, die Sicherheit unserer Mitarbeiter, Gesetzeskonformit\u00e4t und ein faires Miteinander haben bei Pele Personal aus Augsburg oberste Priorit\u00e4t. Und weil wir diese Punkte wirklich wichtig nehmen, findest Du im Folgenden alle Zertifizierungen schwarz auf wei\u00df zum Nachlesen:<\/p>\n<\/div><\/section><\/div>\n<div  class='flex_column av-du3j8-63273019bd9fc9be7655bc2423dbba4c av_one_third  avia-builder-el-6  el_after_av_one_full  el_before_av_one_third  first flex_column_div  column-top-margin'     ><section  class='av_textblock_section av-38hhfw-e2100c120d1705dc47b1f5444bd54497'   itemscope=\"itemscope\" itemtype=\"https:\/\/schema.org\/CreativeWork\" ><div class='avia_textblock'  itemprop=\"text\" ><h3>AMS Zertifikat der VBG<\/h3>\n<p>Arbeitsschutz mit System (AMS): Wirksamer und systematischer Arbeitsschutz bei Pele Personal mit Brief und Siegel: Mit Sicherheit mehr Sicherheit.<\/p>\n<\/div><\/section><br \/>\n<div  class='hr av-6gnkzw-6048ab49341436900c60e9b21af7e461 hr-default  avia-builder-el-8  el_after_av_textblock  el_before_av_image'><span class='hr-inner'><span class=\"hr-inner-style\"><\/span><\/span><\/div><br \/>\n\n<style type=\"text\/css\" data-created_by=\"avia_inline_auto\" id=\"style-css-av-62fr2k-7244b1859599a885465f9d94a28266c9\">\n.avia-image-container.av-62fr2k-7244b1859599a885465f9d94a28266c9 img.avia_image{\nbox-shadow:none;\n}\n.avia-image-container.av-62fr2k-7244b1859599a885465f9d94a28266c9 .av-image-caption-overlay-center{\ncolor:#ffffff;\n}\n<\/style>\n<div  class='avia-image-container av-62fr2k-7244b1859599a885465f9d94a28266c9 av-styling- avia_animated_image av-animated-when-visible-95 bottom-to-top avia-align-center  avia-builder-el-9  el_after_av_hr  avia-builder-el-last  mt-60'   itemprop=\"image\" itemscope=\"itemscope\" itemtype=\"https:\/\/schema.org\/ImageObject\" ><div class=\"avia-image-container-inner\"><div class=\"avia-image-overlay-wrap\"><img decoding=\"async\" fetchpriority=\"high\" class='wp-image- avia-img-lazy-loading-not- avia_image' src=\"http:\/\/pele.de\/wp-content\/uploads\/2024\/07\/AMS-VBG-2026.svg\" alt='' title=''   itemprop=\"thumbnailUrl\"  \/><\/div><\/div><\/div><\/p><\/div>\n<div  class='flex_column av-h5wx7-f7a5ab53c67b790a86a3b5107198750f av_one_third  avia-builder-el-10  el_after_av_one_third  el_before_av_one_third  flex_column_div  column-top-margin'     ><section  class='av_textblock_section av-l4pfvje0-1b11001fffabbc32d54312673b802f91'   itemscope=\"itemscope\" itemtype=\"https:\/\/schema.org\/CreativeWork\" ><div class='avia_textblock'  itemprop=\"text\" ><h3>GVP-Tarifvertrag<\/h3>\n<p>F\u00fcr beste Zeitarbeitsvoraussetzungen: Unsere Mitgliedschaft bei der GVP (Gesamtverband der Personaldienstleister e.V.) sichert s\u00e4mtliche Standards f\u00fcr unser Leihpersonal.<\/p>\n<\/div><\/section><br \/>\n<div  class='hr av-4vagv0-c6150719e279d09531170dd8b46d204b hr-default  avia-builder-el-12  el_after_av_textblock  el_before_av_image'><span class='hr-inner'><span class=\"hr-inner-style\"><\/span><\/span><\/div><br \/>\n\n<style type=\"text\/css\" data-created_by=\"avia_inline_auto\" id=\"style-css-av-hmgfw-988fa9fa3a3050051142992d39278c16\">\n.avia-image-container.av-hmgfw-988fa9fa3a3050051142992d39278c16 img.avia_image{\nbox-shadow:none;\n}\n.avia-image-container.av-hmgfw-988fa9fa3a3050051142992d39278c16 .av-image-caption-overlay-center{\ncolor:#ffffff;\n}\n<\/style>\n<div  class='avia-image-container av-hmgfw-988fa9fa3a3050051142992d39278c16 av-styling- avia_animated_image av-animated-when-visible-95 bottom-to-top avia-align-center  avia-builder-el-13  el_after_av_hr  avia-builder-el-last  mt-60'   itemprop=\"image\" itemscope=\"itemscope\" itemtype=\"https:\/\/schema.org\/ImageObject\" ><div class=\"avia-image-container-inner\"><div class=\"avia-image-overlay-wrap\"><img decoding=\"async\" fetchpriority=\"high\" class='wp-image-2208 avia-img-lazy-loading-not-2208 avia_image' src=\"https:\/\/pele.de\/wp-content\/uploads\/2024\/07\/logo-GVP.svg\" alt='' title='logo-GVP'  height=\"246\" width=\"300\"  itemprop=\"thumbnailUrl\"  \/><\/div><\/div><\/div><\/p><\/div>\n<div  class='flex_column av-t6c1v-dd2db56cd9e3fc5b418188b40a1d89ae av_one_third  avia-builder-el-14  el_after_av_one_third  avia-builder-el-last  flex_column_div  column-top-margin'     ><section  class='av_textblock_section av-l4pfxwjg-38e850e17e4734e4fe1979a5fdfcc478'   itemscope=\"itemscope\" itemtype=\"https:\/\/schema.org\/CreativeWork\" ><div class='avia_textblock'  itemprop=\"text\" ><h3>A\u00dc-Erlaubnis<\/h3>\n<p>Zeitarbeit mit Sicherheit: Die Bundesagentur f\u00fcr Arbeit hat uns die unbefristete Erlaubnis zur Arbeitnehmer\u00fcberlassung ausgestellt:<\/p>\n<\/div><\/section><br \/>\n<div  class='hr av-2immn0-813c9532dbf0f75497c9b62da4b57c1c hr-default  avia-builder-el-16  el_after_av_textblock  el_before_av_image'><span class='hr-inner'><span class=\"hr-inner-style\"><\/span><\/span><\/div><br \/>\n\n<style type=\"text\/css\" data-created_by=\"avia_inline_auto\" id=\"style-css-av-1vl5j0-97e7fbfe4d10f5b52732dce7f57afe7f\">\n@keyframes av_boxShadowEffect_av-1vl5j0-97e7fbfe4d10f5b52732dce7f57afe7f {\n0%   { box-shadow:  0 0 0 0 ; opacity: 1; }\n100% { box-shadow:  0 0 10px 0 ; opacity: 1; }\n}\n.avia-image-container.av-1vl5j0-97e7fbfe4d10f5b52732dce7f57afe7f img.avia_image{\nbox-shadow: 0 0 10px 0 ;\n}\n.avia-image-container.av-1vl5j0-97e7fbfe4d10f5b52732dce7f57afe7f .av-image-caption-overlay-center{\ncolor:#ffffff;\n}\n<\/style>\n<div  class='avia-image-container av-1vl5j0-97e7fbfe4d10f5b52732dce7f57afe7f av-styling- avia_animated_image av-animated-when-visible-95 bottom-to-top avia-align-center  avia-builder-el-17  el_after_av_hr  avia-builder-el-last  mt-60 av-img-box-shadow av-box-shadow-not-animated'   itemprop=\"image\" itemscope=\"itemscope\" itemtype=\"https:\/\/schema.org\/ImageObject\" ><div class=\"avia-image-container-inner\"><div class=\"avia-image-overlay-wrap\"><img decoding=\"async\" fetchpriority=\"high\" class='wp-image-2221 avia-img-lazy-loading-not-2221 avia_image shadow-not-animated' src=\"https:\/\/pele.de\/wp-content\/uploads\/2024\/07\/Erlaubnis-Arbeitnehmerueberlassung-GmbH.svg\" alt='' title='Erlaubnis Arbeitnehmeru\u0308berlassung GmbH'  height=\"1030\" width=\"725\"  itemprop=\"thumbnailUrl\"  \/><\/div><\/div><\/div><\/p><\/div>","protected":false},"excerpt":{"rendered":"","protected":false},"author":1,"featured_media":276,"parent":0,"menu_order":0,"comment_status":"closed","ping_status":"closed","template":"","meta":{"inline_featured_image":false,"footnotes":""},"class_list":["post-1212","page","type-page","status-publish","has-post-thumbnail","hentry"],"yoast_head":"<!-- This site is optimized with the Yoast SEO plugin v27.3 - https:\/\/yoast.com\/product\/yoast-seo-wordpress\/ -->\n<title>Pele Personal Augsburg: Zertifizierungen, Mitgliedschaften<\/title>\n<meta name=\"description\" content=\"Pele Personal Augsburg: zertifizierte Personaldienstleistungsqualit\u00e4t: Mitgliedschaften, Zertifikate der Personalagentur: AMS, IGZ, A\u00dc-Erlaubnis\" \/>\n<meta name=\"robots\" content=\"index, follow, max-snippet:-1, max-image-preview:large, max-video-preview:-1\" \/>\n<link rel=\"canonical\" href=\"https:\/\/pele.de\/du\/bescheinigungen-zertifikate\/\" \/>\n<meta property=\"og:locale\" content=\"de_DE\" \/>\n<meta property=\"og:type\" content=\"article\" \/>\n<meta property=\"og:title\" content=\"Pele Personal Augsburg: Zertifizierungen, Mitgliedschaften\" \/>\n<meta property=\"og:description\" content=\"Pele Personal Augsburg: zertifizierte Personaldienstleistungsqualit\u00e4t: Mitgliedschaften, Zertifikate der Personalagentur: AMS, IGZ, A\u00dc-Erlaubnis\" \/>\n<meta property=\"og:url\" content=\"https:\/\/pele.de\/du\/bescheinigungen-zertifikate\/\" \/>\n<meta property=\"og:site_name\" content=\"Personaldienstleistung in Augsburg\" \/>\n<meta property=\"article:modified_time\" content=\"2025-09-04T15:07:54+00:00\" \/>\n<meta name=\"twitter:card\" content=\"summary_large_image\" \/>\n<meta name=\"twitter:label1\" content=\"Est. reading time\" \/>\n\t<meta name=\"twitter:data1\" content=\"1 minute\" \/>\n<script type=\"application\/ld+json\" class=\"yoast-schema-graph\">{\"@context\":\"https:\\\/\\\/schema.org\",\"@graph\":[{\"@type\":\"WebPage\",\"@id\":\"https:\\\/\\\/pele.de\\\/bescheinigungen-zertifikate\\\/\",\"url\":\"https:\\\/\\\/pele.de\\\/bescheinigungen-zertifikate\\\/\",\"name\":\"Pele Personal Augsburg: Zertifizierungen, Mitgliedschaften\",\"isPartOf\":{\"@id\":\"https:\\\/\\\/pele.de\\\/#website\"},\"primaryImageOfPage\":{\"@id\":\"https:\\\/\\\/pele.de\\\/bescheinigungen-zertifikate\\\/#primaryimage\"},\"image\":{\"@id\":\"https:\\\/\\\/pele.de\\\/bescheinigungen-zertifikate\\\/#primaryimage\"},\"thumbnailUrl\":\"https:\\\/\\\/pele.de\\\/wp-content\\\/uploads\\\/2022\\\/01\\\/pdf-download-icon.svg\",\"datePublished\":\"2022-06-22T10:21:18+00:00\",\"dateModified\":\"2025-09-04T15:07:54+00:00\",\"description\":\"Pele Personal Augsburg: zertifizierte Personaldienstleistungsqualit\u00e4t: Mitgliedschaften, Zertifikate der Personalagentur: AMS, IGZ, A\u00dc-Erlaubnis\",\"breadcrumb\":{\"@id\":\"https:\\\/\\\/pele.de\\\/bescheinigungen-zertifikate\\\/#breadcrumb\"},\"inLanguage\":\"de-Du\",\"potentialAction\":[{\"@type\":\"ReadAction\",\"target\":[\"https:\\\/\\\/pele.de\\\/bescheinigungen-zertifikate\\\/\"]}]},{\"@type\":\"ImageObject\",\"inLanguage\":\"de-Du\",\"@id\":\"https:\\\/\\\/pele.de\\\/bescheinigungen-zertifikate\\\/#primaryimage\",\"url\":\"https:\\\/\\\/pele.de\\\/wp-content\\\/uploads\\\/2022\\\/01\\\/pdf-download-icon.svg\",\"contentUrl\":\"https:\\\/\\\/pele.de\\\/wp-content\\\/uploads\\\/2022\\\/01\\\/pdf-download-icon.svg\",\"width\":514,\"height\":282},{\"@type\":\"BreadcrumbList\",\"@id\":\"https:\\\/\\\/pele.de\\\/bescheinigungen-zertifikate\\\/#breadcrumb\",\"itemListElement\":[{\"@type\":\"ListItem\",\"position\":1,\"name\":\"Startseite\",\"item\":\"https:\\\/\\\/pele.de\\\/startseite\\\/\"},{\"@type\":\"ListItem\",\"position\":2,\"name\":\"Zertifizierungen und Mitgliedschaften\"}]},{\"@type\":\"WebSite\",\"@id\":\"https:\\\/\\\/pele.de\\\/#website\",\"url\":\"https:\\\/\\\/pele.de\\\/\",\"name\":\"Personaldienstleistung in Augsburg\",\"description\":\"Personaldienstleistung in Augsburg\",\"publisher\":{\"@id\":\"https:\\\/\\\/pele.de\\\/#organization\"},\"potentialAction\":[{\"@type\":\"SearchAction\",\"target\":{\"@type\":\"EntryPoint\",\"urlTemplate\":\"https:\\\/\\\/pele.de\\\/?s={search_term_string}\"},\"query-input\":{\"@type\":\"PropertyValueSpecification\",\"valueRequired\":true,\"valueName\":\"search_term_string\"}}],\"inLanguage\":\"de-Du\"},{\"@type\":\"Organization\",\"@id\":\"https:\\\/\\\/pele.de\\\/#organization\",\"name\":\"PELE - Personaldienstleistung\",\"url\":\"https:\\\/\\\/pele.de\\\/\",\"logo\":{\"@type\":\"ImageObject\",\"inLanguage\":\"de-Du\",\"@id\":\"https:\\\/\\\/pele.de\\\/#\\\/schema\\\/logo\\\/image\\\/\",\"url\":\"http:\\\/\\\/pele.de\\\/wp-content\\\/uploads\\\/2021\\\/08\\\/logo-pele.svg\",\"contentUrl\":\"http:\\\/\\\/pele.de\\\/wp-content\\\/uploads\\\/2021\\\/08\\\/logo-pele.svg\",\"width\":89,\"height\":80,\"caption\":\"PELE - Personaldienstleistung\"},\"image\":{\"@id\":\"https:\\\/\\\/pele.de\\\/#\\\/schema\\\/logo\\\/image\\\/\"}}]}<\/script>\n<!-- \/ Yoast SEO plugin. -->","yoast_head_json":{"title":"Pele Personal Augsburg: Zertifizierungen, Mitgliedschaften","description":"Pele Personal Augsburg: zertifizierte Personaldienstleistungsqualit\u00e4t: Mitgliedschaften, Zertifikate der Personalagentur: AMS, IGZ, A\u00dc-Erlaubnis","robots":{"index":"index","follow":"follow","max-snippet":"max-snippet:-1","max-image-preview":"max-image-preview:large","max-video-preview":"max-video-preview:-1"},"canonical":"https:\/\/pele.de\/du\/bescheinigungen-zertifikate\/","og_locale":"de_DE","og_type":"article","og_title":"Pele Personal Augsburg: Zertifizierungen, Mitgliedschaften","og_description":"Pele Personal Augsburg: zertifizierte Personaldienstleistungsqualit\u00e4t: Mitgliedschaften, Zertifikate der Personalagentur: AMS, IGZ, A\u00dc-Erlaubnis","og_url":"https:\/\/pele.de\/du\/bescheinigungen-zertifikate\/","og_site_name":"Personaldienstleistung in Augsburg","article_modified_time":"2025-09-04T15:07:54+00:00","twitter_card":"summary_large_image","twitter_misc":{"Est. reading time":"1 minute"},"schema":{"@context":"https:\/\/schema.org","@graph":[{"@type":"WebPage","@id":"https:\/\/pele.de\/bescheinigungen-zertifikate\/","url":"https:\/\/pele.de\/bescheinigungen-zertifikate\/","name":"Pele Personal Augsburg: Zertifizierungen, Mitgliedschaften","isPartOf":{"@id":"https:\/\/pele.de\/#website"},"primaryImageOfPage":{"@id":"https:\/\/pele.de\/bescheinigungen-zertifikate\/#primaryimage"},"image":{"@id":"https:\/\/pele.de\/bescheinigungen-zertifikate\/#primaryimage"},"thumbnailUrl":"https:\/\/pele.de\/wp-content\/uploads\/2022\/01\/pdf-download-icon.svg","datePublished":"2022-06-22T10:21:18+00:00","dateModified":"2025-09-04T15:07:54+00:00","description":"Pele Personal Augsburg: zertifizierte Personaldienstleistungsqualit\u00e4t: Mitgliedschaften, Zertifikate der Personalagentur: AMS, IGZ, A\u00dc-Erlaubnis","breadcrumb":{"@id":"https:\/\/pele.de\/bescheinigungen-zertifikate\/#breadcrumb"},"inLanguage":"de-Du","potentialAction":[{"@type":"ReadAction","target":["https:\/\/pele.de\/bescheinigungen-zertifikate\/"]}]},{"@type":"ImageObject","inLanguage":"de-Du","@id":"https:\/\/pele.de\/bescheinigungen-zertifikate\/#primaryimage","url":"https:\/\/pele.de\/wp-content\/uploads\/2022\/01\/pdf-download-icon.svg","contentUrl":"https:\/\/pele.de\/wp-content\/uploads\/2022\/01\/pdf-download-icon.svg","width":514,"height":282},{"@type":"BreadcrumbList","@id":"https:\/\/pele.de\/bescheinigungen-zertifikate\/#breadcrumb","itemListElement":[{"@type":"ListItem","position":1,"name":"Startseite","item":"https:\/\/pele.de\/startseite\/"},{"@type":"ListItem","position":2,"name":"Zertifizierungen und Mitgliedschaften"}]},{"@type":"WebSite","@id":"https:\/\/pele.de\/#website","url":"https:\/\/pele.de\/","name":"Personaldienstleistung in Augsburg","description":"Personaldienstleistung in Augsburg","publisher":{"@id":"https:\/\/pele.de\/#organization"},"potentialAction":[{"@type":"SearchAction","target":{"@type":"EntryPoint","urlTemplate":"https:\/\/pele.de\/?s={search_term_string}"},"query-input":{"@type":"PropertyValueSpecification","valueRequired":true,"valueName":"search_term_string"}}],"inLanguage":"de-Du"},{"@type":"Organization","@id":"https:\/\/pele.de\/#organization","name":"PELE - Personaldienstleistung","url":"https:\/\/pele.de\/","logo":{"@type":"ImageObject","inLanguage":"de-Du","@id":"https:\/\/pele.de\/#\/schema\/logo\/image\/","url":"http:\/\/pele.de\/wp-content\/uploads\/2021\/08\/logo-pele.svg","contentUrl":"http:\/\/pele.de\/wp-content\/uploads\/2021\/08\/logo-pele.svg","width":89,"height":80,"caption":"PELE - Personaldienstleistung"},"image":{"@id":"https:\/\/pele.de\/#\/schema\/logo\/image\/"}}]}},"_links":{"self":[{"href":"https:\/\/pele.de\/du\/wp-json\/wp\/v2\/pages\/1212","targetHints":{"allow":["GET"]}}],"collection":[{"href":"https:\/\/pele.de\/du\/wp-json\/wp\/v2\/pages"}],"about":[{"href":"https:\/\/pele.de\/du\/wp-json\/wp\/v2\/types\/page"}],"author":[{"embeddable":true,"href":"https:\/\/pele.de\/du\/wp-json\/wp\/v2\/users\/1"}],"replies":[{"embeddable":true,"href":"https:\/\/pele.de\/du\/wp-json\/wp\/v2\/comments?post=1212"}],"version-history":[{"count":13,"href":"https:\/\/pele.de\/du\/wp-json\/wp\/v2\/pages\/1212\/revisions"}],"predecessor-version":[{"id":2861,"href":"https:\/\/pele.de\/du\/wp-json\/wp\/v2\/pages\/1212\/revisions\/2861"}],"wp:featuredmedia":[{"embeddable":true,"href":"https:\/\/pele.de\/du\/wp-json\/wp\/v2\/media\/276"}],"wp:attachment":[{"href":"https:\/\/pele.de\/du\/wp-json\/wp\/v2\/media?parent=1212"}],"curies":[{"name":"wp","href":"https:\/\/api.w.org\/{rel}","templated":true}]}}