{"id":1215,"date":"2022-06-22T12:28:20","date_gmt":"2022-06-22T10:28:20","guid":{"rendered":"http:\/\/pele.studio-augsburg.de\/?page_id=1215"},"modified":"2025-09-04T17:08:14","modified_gmt":"2025-09-04T15:08:14","slug":"referenzen","status":"publish","type":"page","link":"https:\/\/pele.de\/du\/referenzen\/","title":{"rendered":"Referenzen von Pele Personal Augsburg"},"content":{"rendered":"<style type=\"text\/css\" data-created_by=\"avia_inline_auto\" id=\"style-css-av-l4ntxc7b-23166b60bae83e84b104cb79c957bd04\">\n.avia-section.av-l4ntxc7b-23166b60bae83e84b104cb79c957bd04 .av-parallax .av-parallax-inner{\nbackground-repeat:no-repeat;\nbackground-image:url(https:\/\/pele.de\/wp-content\/uploads\/2022\/06\/pele-zeitarbeit-augsburg-010.jpg);\nbackground-position:50% 100%;\nbackground-attachment:scroll;\n}\n.avia-section.av-l4ntxc7b-23166b60bae83e84b104cb79c957bd04 .av-section-color-overlay{\nopacity:0.7;\nbackground-color:#ffffff;\n}\n<\/style>\n<div id='job-highlights'  class='avia-section av-l4ntxc7b-23166b60bae83e84b104cb79c957bd04 main_color avia-section-default avia-no-border-styling  avia-builder-el-0  el_before_av_section  avia-builder-el-first  vhplus300px avia-full-stretch av-parallax-section avia-bg-style-parallax av-section-color-overlay-active av-minimum-height av-minimum-height-50 av-height-50  container_wrap fullsize'  data-section-bg-repeat='stretch' data-av_minimum_height_pc='50' data-av_min_height_opt='50'><div class='av-parallax' data-avia-parallax-ratio='0.3' ><div class='av-parallax-inner main_color avia-full-stretch'><\/div><\/div><div class=\"av-section-color-overlay-wrap\"><div class=\"av-section-color-overlay\"><\/div><div class='container av-section-cont-open' ><main  role=\"main\" itemprop=\"mainContentOfPage\"  class='template-page content  av-content-full alpha units'><div class='post-entry post-entry-type-page post-entry-1215'><div class='entry-content-wrapper clearfix'>\n\n<style type=\"text\/css\" data-created_by=\"avia_inline_auto\" id=\"style-css-av-l4p86dkt-9374be3c7f686a93cd92a2edfb1e5b0c\">\n#top .av-special-heading.av-l4p86dkt-9374be3c7f686a93cd92a2edfb1e5b0c{\npadding-bottom:10px;\n}\nbody .av-special-heading.av-l4p86dkt-9374be3c7f686a93cd92a2edfb1e5b0c .av-special-heading-tag .heading-char{\nfont-size:25px;\n}\n.av-special-heading.av-l4p86dkt-9374be3c7f686a93cd92a2edfb1e5b0c .av-subheading{\nfont-size:15px;\n}\n<\/style>\n<div  class='av-special-heading av-l4p86dkt-9374be3c7f686a93cd92a2edfb1e5b0c av-special-heading-h1  avia-builder-el-1  avia-builder-el-no-sibling  mb-60'><h1 class='av-special-heading-tag'  itemprop=\"headline\"  >Referenzen von Pele Personal Augsburg<\/h1><div class=\"special-heading-border\"><div class=\"special-heading-inner-border\"><\/div><\/div><\/div>\n\n<\/div><\/div><\/main><!-- close content main element --><\/div><\/div><\/div><div id='breadcrumbs'  class='avia-section av-gs0rj-b76613f99154125e4041cccb0d19419b main_color avia-section-no-padding avia-no-border-styling  avia-builder-el-2  el_after_av_section  el_before_av_section  breadcrumbs avia-bg-style-scroll av-minimum-height av-minimum-height-custom av-height-custom  container_wrap fullsize'   data-av_minimum_height_px='10'><div class='container av-section-cont-open' style='height:10px'><div class='template-page content  av-content-full alpha units'><div class='post-entry post-entry-type-page post-entry-1215'><div class='entry-content-wrapper clearfix'>\n\n\n<\/div><\/div><\/div><!-- close content main div --><\/div><\/div><div id='referenzen'  class='avia-section av-ma2a4-d2e483b8e184b55079ed9653d158b2ba main_color avia-section-default avia-no-border-styling  avia-builder-el-4  el_after_av_section  avia-builder-el-last  vhplus300px avia-bg-style-fixed av-minimum-height av-minimum-height-50 av-height-50  container_wrap fullsize'   data-av_minimum_height_pc='50' data-av_min_height_opt='50'><div class='container av-section-cont-open' ><div class='template-page content  av-content-full alpha units'><div class='post-entry post-entry-type-page post-entry-1215'><div class='entry-content-wrapper clearfix'>\n<section  class='av_textblock_section av-3a9zv0-adfb19f13ba897c8d24b935e76ee27c1'   itemscope=\"itemscope\" itemtype=\"https:\/\/schema.org\/CreativeWork\" ><div class='avia_textblock'  itemprop=\"text\" ><h2>Unsere Partner: Zusammen sind wir stark!<\/h2>\n<p>Gemeinsam Gro\u00dfes erreichen: Zu unseren zufriedenen Kunden und Netzwerkpartnern z\u00e4hlen allen voran Firmen aus dem (Sonder-)Maschinenbau, dem (Sonder-)Fahrzeugbau, der Wehrtechnik, der Kunststoff-, Chemie-, der Luft- und Raumfahrtbranche, der Industrie und dem Handwerk.<\/p>\n<p>Genauso k\u00fcmmern wir uns aber auch um Anfragen aus dem Bereich Handel und Dienstleistungen. Immer ein gro\u00dfer Vorteil f\u00fcr Dich: Wir lieben es, \u00fcber den Tellerrand zu schauen um Ziele zu erreichen. Und nat\u00fcrlich freuen wir uns auch \u00fcber jeden einzelnen, neuen Kontakt. Also kontakte uns gerne!<\/p>\n<\/div><\/section>\n\n<style type=\"text\/css\" data-created_by=\"avia_inline_auto\" id=\"style-css-av-l4pgcpry-95237c31def6d4e64e0e76592ffdf1f8\">\n#top .avia-logo-element-container.av-l4pgcpry-95237c31def6d4e64e0e76592ffdf1f8 .slide-entry{\npadding:15px 15px 15px 15px;\n}\n#top .avia-logo-element-container.av-l4pgcpry-95237c31def6d4e64e0e76592ffdf1f8 img{\nborder-radius:0 0 0 0;\nbox-shadow:none;\n}\n<\/style>\n<div  class='avia-logo-element-container av-l4pgcpry-95237c31def6d4e64e0e76592ffdf1f8 avia-logo-slider avia-content-slider avia-smallarrow-slider avia-content-slider-active noHover avia-content-slider-even  avia-builder-el-6  el_after_av_textblock  avia-builder-el-last  av-slideshow-ui av-control-minimal av-control-minimal-dark av-no-slider-navigation av-slideshow-autoplay av-loop-endless av-loop-manual-endless avia-content-slider1' data-slideshow-options=\"{&quot;animation&quot;:&quot;slide&quot;,&quot;autoplay&quot;:true,&quot;loop_autoplay&quot;:&quot;endless&quot;,&quot;interval&quot;:5,&quot;loop_manual&quot;:&quot;manual-endless&quot;,&quot;autoplay_stopper&quot;:false,&quot;noNavigation&quot;:false,&quot;bg_slider&quot;:false,&quot;keep_padding&quot;:&quot;&quot;,&quot;hoverpause&quot;:false,&quot;show_slide_delay&quot;:0}\"><div class='avia-smallarrow-slider-heading  no-logo-slider-heading'><div class='new-special-heading'>&nbsp;<\/div><\/div><div class=\"avia-content-slider-inner\"><div class=\"slide-entry-wrap\"><div  class='slide-entry av-6k1yv3-5874b159e26e2187594f786a14bea6a8 flex_column no_margin av_one_fourth real-thumbnail post-entry slide-entry-overview slide-loop-1 slide-parity-odd  first'><img decoding=\"async\" fetchpriority=\"high\" width=\"398\" height=\"73\" src=\"https:\/\/pele.de\/wp-content\/uploads\/2022\/11\/Airbus_Logo_2017.svg\" class=\"wp-image-1827 avia-img-lazy-loading-not-1827 attachment-no scaling size-no scaling\" alt=\"\" \/><\/div><div  class='slide-entry av-f2if2n-0c1f3ca44aada27431a0c34ac8d03a36 flex_column no_margin av_one_fourth real-thumbnail post-entry slide-entry-overview slide-loop-2 slide-parity-even'><img decoding=\"async\" fetchpriority=\"high\" width=\"1024\" height=\"175\" src=\"https:\/\/pele.de\/wp-content\/uploads\/2022\/06\/Kuka-logo.svg\" class=\"wp-image-1048 avia-img-lazy-loading-not-1048 attachment-no scaling size-no scaling\" alt=\"\" \/><\/div><div  class='slide-entry av-3wyeen-1c800ffe2e5c8d85919c14a2ac00854f flex_column no_margin av_one_fourth real-thumbnail post-entry slide-entry-overview slide-loop-3 slide-parity-odd'><img decoding=\"async\" fetchpriority=\"high\" width=\"250\" height=\"71\" src=\"https:\/\/pele.de\/wp-content\/uploads\/2022\/11\/VEIT-Logo.svg\" class=\"wp-image-1829 avia-img-lazy-loading-not-1829 attachment-no scaling size-no scaling\" alt=\"\" \/><\/div><div  class='slide-entry av-2hewkf-2256763493bff9d37554102dc9b662cd flex_column no_margin av_one_fourth real-thumbnail post-entry slide-entry-overview slide-loop-4 slide-parity-even post-entry-last'><img decoding=\"async\" fetchpriority=\"high\" width=\"600\" height=\"162\" src=\"https:\/\/pele.de\/wp-content\/uploads\/2022\/10\/krauss-maffei-wegmann-kmw-logo-vector.svg\" class=\"wp-image-1828 avia-img-lazy-loading-not-1828 attachment-no scaling size-no scaling\" alt=\"\" \/><\/div><\/div><\/div><\/div>","protected":false},"excerpt":{"rendered":"","protected":false},"author":1,"featured_media":1196,"parent":0,"menu_order":0,"comment_status":"closed","ping_status":"closed","template":"","meta":{"inline_featured_image":false,"footnotes":""},"class_list":["post-1215","page","type-page","status-publish","has-post-thumbnail","hentry"],"yoast_head":"<!-- This site is optimized with the Yoast SEO plugin v27.3 - https:\/\/yoast.com\/product\/yoast-seo-wordpress\/ -->\n<title>Pele Personal Augsburg: Unsere Referenzen<\/title>\n<meta name=\"description\" content=\"Pele Personal aus Augsburg: Referenzen: \u00dcberblick \u00fcber zufriedene Kunden und langj\u00e4hrige Partner aus unserem erfolgreichen Firmennetzwerk\" \/>\n<meta name=\"robots\" content=\"index, follow, max-snippet:-1, max-image-preview:large, max-video-preview:-1\" \/>\n<link rel=\"canonical\" href=\"https:\/\/pele.de\/du\/referenzen\/\" \/>\n<meta property=\"og:locale\" content=\"de_DE\" \/>\n<meta property=\"og:type\" content=\"article\" \/>\n<meta property=\"og:title\" content=\"Pele Personal Augsburg: Unsere Referenzen\" \/>\n<meta property=\"og:description\" content=\"Pele Personal aus Augsburg: Referenzen: \u00dcberblick \u00fcber zufriedene Kunden und langj\u00e4hrige Partner aus unserem erfolgreichen Firmennetzwerk\" \/>\n<meta property=\"og:url\" content=\"https:\/\/pele.de\/du\/referenzen\/\" \/>\n<meta property=\"og:site_name\" content=\"Personaldienstleistung in Augsburg\" \/>\n<meta property=\"article:modified_time\" content=\"2025-09-04T15:08:14+00:00\" \/>\n<meta property=\"og:image\" content=\"https:\/\/pele.de\/wp-content\/uploads\/2022\/06\/pele-zeitarbeit-augsburg-32.jpg\" \/>\n\t<meta property=\"og:image:width\" content=\"1600\" \/>\n\t<meta property=\"og:image:height\" content=\"1068\" \/>\n\t<meta property=\"og:image:type\" content=\"image\/jpeg\" \/>\n<meta name=\"twitter:card\" content=\"summary_large_image\" \/>\n<script type=\"application\/ld+json\" class=\"yoast-schema-graph\">{\"@context\":\"https:\\\/\\\/schema.org\",\"@graph\":[{\"@type\":\"WebPage\",\"@id\":\"https:\\\/\\\/pele.de\\\/referenzen\\\/\",\"url\":\"https:\\\/\\\/pele.de\\\/referenzen\\\/\",\"name\":\"Pele Personal Augsburg: Unsere Referenzen\",\"isPartOf\":{\"@id\":\"https:\\\/\\\/pele.de\\\/#website\"},\"primaryImageOfPage\":{\"@id\":\"https:\\\/\\\/pele.de\\\/referenzen\\\/#primaryimage\"},\"image\":{\"@id\":\"https:\\\/\\\/pele.de\\\/referenzen\\\/#primaryimage\"},\"thumbnailUrl\":\"https:\\\/\\\/pele.de\\\/wp-content\\\/uploads\\\/2022\\\/06\\\/pele-zeitarbeit-augsburg-32.jpg\",\"datePublished\":\"2022-06-22T10:28:20+00:00\",\"dateModified\":\"2025-09-04T15:08:14+00:00\",\"description\":\"Pele Personal aus Augsburg: Referenzen: \u00dcberblick \u00fcber zufriedene Kunden und langj\u00e4hrige Partner aus unserem erfolgreichen Firmennetzwerk\",\"breadcrumb\":{\"@id\":\"https:\\\/\\\/pele.de\\\/referenzen\\\/#breadcrumb\"},\"inLanguage\":\"de-Du\",\"potentialAction\":[{\"@type\":\"ReadAction\",\"target\":[\"https:\\\/\\\/pele.de\\\/referenzen\\\/\"]}]},{\"@type\":\"ImageObject\",\"inLanguage\":\"de-Du\",\"@id\":\"https:\\\/\\\/pele.de\\\/referenzen\\\/#primaryimage\",\"url\":\"https:\\\/\\\/pele.de\\\/wp-content\\\/uploads\\\/2022\\\/06\\\/pele-zeitarbeit-augsburg-32.jpg\",\"contentUrl\":\"https:\\\/\\\/pele.de\\\/wp-content\\\/uploads\\\/2022\\\/06\\\/pele-zeitarbeit-augsburg-32.jpg\",\"width\":1600,\"height\":1068},{\"@type\":\"BreadcrumbList\",\"@id\":\"https:\\\/\\\/pele.de\\\/referenzen\\\/#breadcrumb\",\"itemListElement\":[{\"@type\":\"ListItem\",\"position\":1,\"name\":\"Startseite\",\"item\":\"https:\\\/\\\/pele.de\\\/startseite\\\/\"},{\"@type\":\"ListItem\",\"position\":2,\"name\":\"Referenzen von Pele Personal Augsburg\"}]},{\"@type\":\"WebSite\",\"@id\":\"https:\\\/\\\/pele.de\\\/#website\",\"url\":\"https:\\\/\\\/pele.de\\\/\",\"name\":\"Personaldienstleistung in Augsburg\",\"description\":\"Personaldienstleistung in Augsburg\",\"publisher\":{\"@id\":\"https:\\\/\\\/pele.de\\\/#organization\"},\"potentialAction\":[{\"@type\":\"SearchAction\",\"target\":{\"@type\":\"EntryPoint\",\"urlTemplate\":\"https:\\\/\\\/pele.de\\\/?s={search_term_string}\"},\"query-input\":{\"@type\":\"PropertyValueSpecification\",\"valueRequired\":true,\"valueName\":\"search_term_string\"}}],\"inLanguage\":\"de-Du\"},{\"@type\":\"Organization\",\"@id\":\"https:\\\/\\\/pele.de\\\/#organization\",\"name\":\"PELE - Personaldienstleistung\",\"url\":\"https:\\\/\\\/pele.de\\\/\",\"logo\":{\"@type\":\"ImageObject\",\"inLanguage\":\"de-Du\",\"@id\":\"https:\\\/\\\/pele.de\\\/#\\\/schema\\\/logo\\\/image\\\/\",\"url\":\"http:\\\/\\\/pele.de\\\/wp-content\\\/uploads\\\/2021\\\/08\\\/logo-pele.svg\",\"contentUrl\":\"http:\\\/\\\/pele.de\\\/wp-content\\\/uploads\\\/2021\\\/08\\\/logo-pele.svg\",\"width\":89,\"height\":80,\"caption\":\"PELE - Personaldienstleistung\"},\"image\":{\"@id\":\"https:\\\/\\\/pele.de\\\/#\\\/schema\\\/logo\\\/image\\\/\"}}]}<\/script>\n<!-- \/ Yoast SEO plugin. -->","yoast_head_json":{"title":"Pele Personal Augsburg: Unsere Referenzen","description":"Pele Personal aus Augsburg: Referenzen: \u00dcberblick \u00fcber zufriedene Kunden und langj\u00e4hrige Partner aus unserem erfolgreichen Firmennetzwerk","robots":{"index":"index","follow":"follow","max-snippet":"max-snippet:-1","max-image-preview":"max-image-preview:large","max-video-preview":"max-video-preview:-1"},"canonical":"https:\/\/pele.de\/du\/referenzen\/","og_locale":"de_DE","og_type":"article","og_title":"Pele Personal Augsburg: Unsere Referenzen","og_description":"Pele Personal aus Augsburg: Referenzen: \u00dcberblick \u00fcber zufriedene Kunden und langj\u00e4hrige Partner aus unserem erfolgreichen Firmennetzwerk","og_url":"https:\/\/pele.de\/du\/referenzen\/","og_site_name":"Personaldienstleistung in Augsburg","article_modified_time":"2025-09-04T15:08:14+00:00","og_image":[{"width":1600,"height":1068,"url":"https:\/\/pele.de\/wp-content\/uploads\/2022\/06\/pele-zeitarbeit-augsburg-32.jpg","type":"image\/jpeg"}],"twitter_card":"summary_large_image","schema":{"@context":"https:\/\/schema.org","@graph":[{"@type":"WebPage","@id":"https:\/\/pele.de\/referenzen\/","url":"https:\/\/pele.de\/referenzen\/","name":"Pele Personal Augsburg: Unsere Referenzen","isPartOf":{"@id":"https:\/\/pele.de\/#website"},"primaryImageOfPage":{"@id":"https:\/\/pele.de\/referenzen\/#primaryimage"},"image":{"@id":"https:\/\/pele.de\/referenzen\/#primaryimage"},"thumbnailUrl":"https:\/\/pele.de\/wp-content\/uploads\/2022\/06\/pele-zeitarbeit-augsburg-32.jpg","datePublished":"2022-06-22T10:28:20+00:00","dateModified":"2025-09-04T15:08:14+00:00","description":"Pele Personal aus Augsburg: Referenzen: \u00dcberblick \u00fcber zufriedene Kunden und langj\u00e4hrige Partner aus unserem erfolgreichen Firmennetzwerk","breadcrumb":{"@id":"https:\/\/pele.de\/referenzen\/#breadcrumb"},"inLanguage":"de-Du","potentialAction":[{"@type":"ReadAction","target":["https:\/\/pele.de\/referenzen\/"]}]},{"@type":"ImageObject","inLanguage":"de-Du","@id":"https:\/\/pele.de\/referenzen\/#primaryimage","url":"https:\/\/pele.de\/wp-content\/uploads\/2022\/06\/pele-zeitarbeit-augsburg-32.jpg","contentUrl":"https:\/\/pele.de\/wp-content\/uploads\/2022\/06\/pele-zeitarbeit-augsburg-32.jpg","width":1600,"height":1068},{"@type":"BreadcrumbList","@id":"https:\/\/pele.de\/referenzen\/#breadcrumb","itemListElement":[{"@type":"ListItem","position":1,"name":"Startseite","item":"https:\/\/pele.de\/startseite\/"},{"@type":"ListItem","position":2,"name":"Referenzen von Pele Personal Augsburg"}]},{"@type":"WebSite","@id":"https:\/\/pele.de\/#website","url":"https:\/\/pele.de\/","name":"Personaldienstleistung in Augsburg","description":"Personaldienstleistung in Augsburg","publisher":{"@id":"https:\/\/pele.de\/#organization"},"potentialAction":[{"@type":"SearchAction","target":{"@type":"EntryPoint","urlTemplate":"https:\/\/pele.de\/?s={search_term_string}"},"query-input":{"@type":"PropertyValueSpecification","valueRequired":true,"valueName":"search_term_string"}}],"inLanguage":"de-Du"},{"@type":"Organization","@id":"https:\/\/pele.de\/#organization","name":"PELE - Personaldienstleistung","url":"https:\/\/pele.de\/","logo":{"@type":"ImageObject","inLanguage":"de-Du","@id":"https:\/\/pele.de\/#\/schema\/logo\/image\/","url":"http:\/\/pele.de\/wp-content\/uploads\/2021\/08\/logo-pele.svg","contentUrl":"http:\/\/pele.de\/wp-content\/uploads\/2021\/08\/logo-pele.svg","width":89,"height":80,"caption":"PELE - Personaldienstleistung"},"image":{"@id":"https:\/\/pele.de\/#\/schema\/logo\/image\/"}}]}},"_links":{"self":[{"href":"https:\/\/pele.de\/du\/wp-json\/wp\/v2\/pages\/1215","targetHints":{"allow":["GET"]}}],"collection":[{"href":"https:\/\/pele.de\/du\/wp-json\/wp\/v2\/pages"}],"about":[{"href":"https:\/\/pele.de\/du\/wp-json\/wp\/v2\/types\/page"}],"author":[{"embeddable":true,"href":"https:\/\/pele.de\/du\/wp-json\/wp\/v2\/users\/1"}],"replies":[{"embeddable":true,"href":"https:\/\/pele.de\/du\/wp-json\/wp\/v2\/comments?post=1215"}],"version-history":[{"count":11,"href":"https:\/\/pele.de\/du\/wp-json\/wp\/v2\/pages\/1215\/revisions"}],"predecessor-version":[{"id":2862,"href":"https:\/\/pele.de\/du\/wp-json\/wp\/v2\/pages\/1215\/revisions\/2862"}],"wp:featuredmedia":[{"embeddable":true,"href":"https:\/\/pele.de\/du\/wp-json\/wp\/v2\/media\/1196"}],"wp:attachment":[{"href":"https:\/\/pele.de\/du\/wp-json\/wp\/v2\/media?parent=1215"}],"curies":[{"name":"wp","href":"https:\/\/api.w.org\/{rel}","templated":true}]}}