{"id":1220,"date":"2022-06-22T12:45:04","date_gmt":"2022-06-22T10:45:04","guid":{"rendered":"http:\/\/pele.studio-augsburg.de\/?page_id=1220"},"modified":"2025-09-04T17:19:16","modified_gmt":"2025-09-04T15:19:16","slug":"kontakt","status":"publish","type":"page","link":"https:\/\/pele.de\/du\/kontakt\/","title":{"rendered":"Kontakt"},"content":{"rendered":"<style type=\"text\/css\" data-created_by=\"avia_inline_auto\" id=\"style-css-av-l4ntxc7b-9e1ad36858e2380056aa31fefa08b981\">\n.avia-section.av-l4ntxc7b-9e1ad36858e2380056aa31fefa08b981 .av-parallax .av-parallax-inner{\nbackground-repeat:no-repeat;\nbackground-image:url(https:\/\/pele.de\/wp-content\/uploads\/2022\/06\/pele-zeitarbeit-augsburg-41.jpg);\nbackground-position:50% 100%;\nbackground-attachment:scroll;\n}\n.avia-section.av-l4ntxc7b-9e1ad36858e2380056aa31fefa08b981 .av-section-color-overlay{\nopacity:0.7;\nbackground-color:#ffffff;\n}\n<\/style>\n<div id='job-highlights'  class='avia-section av-l4ntxc7b-9e1ad36858e2380056aa31fefa08b981 main_color avia-section-default avia-no-border-styling  avia-builder-el-0  el_before_av_section  avia-builder-el-first  vhplus300px avia-full-stretch av-parallax-section avia-bg-style-parallax av-section-color-overlay-active av-minimum-height av-minimum-height-50 av-height-50  container_wrap fullsize'  data-section-bg-repeat='stretch' data-av_minimum_height_pc='50' data-av_min_height_opt='50'><div class='av-parallax' data-avia-parallax-ratio='0.3' ><div class='av-parallax-inner main_color avia-full-stretch'><\/div><\/div><div class=\"av-section-color-overlay-wrap\"><div class=\"av-section-color-overlay\"><\/div><div class='container av-section-cont-open' ><main  role=\"main\" itemprop=\"mainContentOfPage\"  class='template-page content  av-content-full alpha units'><div class='post-entry post-entry-type-page post-entry-1220'><div class='entry-content-wrapper clearfix'>\n\n<style type=\"text\/css\" data-created_by=\"avia_inline_auto\" id=\"style-css-av-l4p86dkt-8fe36c2763f4f1e7cb6efd54c6c93efe\">\n#top .av-special-heading.av-l4p86dkt-8fe36c2763f4f1e7cb6efd54c6c93efe{\npadding-bottom:10px;\n}\nbody .av-special-heading.av-l4p86dkt-8fe36c2763f4f1e7cb6efd54c6c93efe .av-special-heading-tag .heading-char{\nfont-size:25px;\n}\n.av-special-heading.av-l4p86dkt-8fe36c2763f4f1e7cb6efd54c6c93efe .av-subheading{\nfont-size:15px;\n}\n<\/style>\n<div  class='av-special-heading av-l4p86dkt-8fe36c2763f4f1e7cb6efd54c6c93efe av-special-heading-h1  avia-builder-el-1  avia-builder-el-no-sibling  mb-60'><h1 class='av-special-heading-tag'  itemprop=\"headline\"  >Kontakt zu Pele Personal in Augsburg<\/h1><div class=\"special-heading-border\"><div class=\"special-heading-inner-border\"><\/div><\/div><\/div>\n\n<\/div><\/div><\/main><!-- close content main element --><\/div><\/div><\/div><div id='breadcrumbs'  class='avia-section av-4u1vxg-9c4748ee168745185c961a1d200e19b6 main_color avia-section-no-padding avia-no-border-styling  avia-builder-el-2  el_after_av_section  el_before_av_section  breadcrumbs avia-bg-style-scroll av-minimum-height av-minimum-height-custom av-height-custom  container_wrap fullsize'   data-av_minimum_height_px='10'><div class='container av-section-cont-open' style='height:10px'><div class='template-page content  av-content-full alpha units'><div class='post-entry post-entry-type-page post-entry-1220'><div class='entry-content-wrapper clearfix'>\n\n\n<\/div><\/div><\/div><!-- close content main div --><\/div><\/div><div id='av_section_3'  class='avia-section av-2my0s4-56fc67dbf4c44beb11f6f932c57398a8 main_color avia-section-default avia-no-border-styling  avia-builder-el-4  el_after_av_section  el_before_av_layout_row  avia-bg-style-scroll container_wrap fullsize'  ><div class='container av-section-cont-open' ><div class='template-page content  av-content-full alpha units'><div class='post-entry post-entry-type-page post-entry-1220'><div class='entry-content-wrapper clearfix'>\n<section  class='av_textblock_section av-l4ph2ubc-dc97ea720352d4adf18d84a8f6c30f06'   itemscope=\"itemscope\" itemtype=\"https:\/\/schema.org\/CreativeWork\" ><div class='avia_textblock'  itemprop=\"text\" ><p>Auf k\u00fcrzestem Weg zum Erfolg: Du bist Kunde, Pele Personal-Mitarbeiter oder Bewerber?<br \/>\nNimm gleich Kontakt zu uns auf, wir k\u00fcmmern uns zeitnah pers\u00f6nlich um Dein Anliegen!<\/p>\n<\/div><\/section>\n\n<\/div><\/div><\/div><!-- close content main div --><\/div><\/div><div id='kontaktformular'  class='av-layout-grid-container av-i08sec-308facda22919855f0a14c9c99ba5a80 entry-content-wrapper alternate_color av-flex-cells  avia-builder-el-6  el_after_av_section  avia-builder-el-last  grid-row-not-first  container_wrap fullsize'  >\n\n<style type=\"text\/css\" data-created_by=\"avia_inline_auto\" id=\"style-css-av-fie9hw-851077eab749db6d7fec2ead30c25a4e\">\n.flex_cell.av-fie9hw-851077eab749db6d7fec2ead30c25a4e{\nvertical-align:middle;\nheight:650px;\nmin-height:650px;\n}\n.responsive #top #wrap_all .flex_cell.av-fie9hw-851077eab749db6d7fec2ead30c25a4e{\npadding:50px 50px 50px 50px !important;\n}\n<\/style>\n<div class='flex_cell av-fie9hw-851077eab749db6d7fec2ead30c25a4e av-gridrow-cell av_one_half no_margin  avia-builder-el-7  el_before_av_cell_one_half  avia-builder-el-first  content-align-middle'  ><div class='flex_cell_inner'><p>\n<style type=\"text\/css\" data-created_by=\"avia_inline_auto\" id=\"style-css-av-e1jees-e1f9a3d3148a947df692c5d0771bf6f3\">\n#top .av-special-heading.av-e1jees-e1f9a3d3148a947df692c5d0771bf6f3{\npadding-bottom:30px;\nfont-size:30px;\n}\nbody .av-special-heading.av-e1jees-e1f9a3d3148a947df692c5d0771bf6f3 .av-special-heading-tag .heading-char{\nfont-size:25px;\n}\n#top #wrap_all .av-special-heading.av-e1jees-e1f9a3d3148a947df692c5d0771bf6f3 .av-special-heading-tag{\nfont-size:30px;\n}\n.av-special-heading.av-e1jees-e1f9a3d3148a947df692c5d0771bf6f3 .av-subheading{\nfont-size:15px;\n}\n\n@media only screen and (min-width: 480px) and (max-width: 767px){ \n#top #wrap_all .av-special-heading.av-e1jees-e1f9a3d3148a947df692c5d0771bf6f3 .av-special-heading-tag{\nfont-size:0.8em;\n}\n}\n\n@media only screen and (max-width: 479px){ \n#top #wrap_all .av-special-heading.av-e1jees-e1f9a3d3148a947df692c5d0771bf6f3 .av-special-heading-tag{\nfont-size:0.8em;\n}\n}\n<\/style>\n<div  class='av-special-heading av-e1jees-e1f9a3d3148a947df692c5d0771bf6f3 av-special-heading-h3 blockquote modern-quote modern-centered  avia-builder-el-8  el_before_av_font_icon  avia-builder-el-first  av-inherit-size'><h3 class='av-special-heading-tag'  itemprop=\"headline\"  >Kontaktieren Sie uns<\/h3><div class=\"special-heading-border\"><div class=\"special-heading-inner-border\"><\/div><\/div><\/div><br \/>\n\n<style type=\"text\/css\" data-created_by=\"avia_inline_auto\" id=\"style-css-av-mf5jmzm6-03765d5ff32564f0a436140c237b4530\">\n.av_font_icon.av-mf5jmzm6-03765d5ff32564f0a436140c237b4530 .av-icon-char{\nfont-size:30px;\nwidth:30px;\n}\n<\/style>\n<span  class='av_font_icon av-mf5jmzm6-03765d5ff32564f0a436140c237b4530 avia_animate_when_visible av-icon-style-border avia-icon-pos-center contact-icon avia-svg-icon avia-font-svg_entypo-fontello av-no-color avia-icon-animate'><a href='tel:+49821313100'   class='av-icon-char' data-av_svg_icon='phone' data-av_iconset='svg_entypo-fontello' data-avia-icon-tooltip=\"&lt;br \/&gt;Telefon&lt;br \/&gt;\"><svg version=\"1.1\" xmlns=\"http:\/\/www.w3.org\/2000\/svg\" width=\"26\" height=\"32\" viewbox=\"0 0 26 32\" preserveaspectratio=\"xMidYMid meet\" aria-labelledby='av-svg-title-1' aria-describedby='av-svg-desc-1' role=\"graphics-symbol\" aria-hidden=\"false\">\n<title id='av-svg-title-1'>Phone<\/title>\n<desc id='av-svg-desc-1'>Phone<\/desc>\n<path d=\"M14.752 17.92q5.184-5.184 3.776-6.592l-0.256-0.256q-0.96-0.96-1.312-1.536t-0.128-1.728 1.568-2.816q0.64-0.768 1.184-1.248t1.12-0.512 0.96-0.032 0.928 0.416 0.768 0.576 0.832 0.8 0.672 0.704q1.536 1.536-0.192 6.208t-6.528 9.408q-4.8 4.8-9.44 6.56t-6.176 0.224q-0.064-0.064-0.736-0.704t-0.8-0.8-0.576-0.768-0.416-0.992 0.064-0.96 0.48-1.12 1.216-1.184q1.344-1.088 2.24-1.504t1.728-0.064 1.12 0.576 1.248 1.184q1.408 1.408 6.656-3.84z\"><\/path>\n<\/svg><\/a><\/span><br \/>\n\n<style type=\"text\/css\" data-created_by=\"avia_inline_auto\" id=\"style-css-av-mf5joeic-c060aa1f3c23d816fff4a8ccb3dd3387\">\n.av_font_icon.av-mf5joeic-c060aa1f3c23d816fff4a8ccb3dd3387 .av-icon-char{\nfont-size:30px;\nline-height:30px;\nwidth:30px;\n}\n<\/style>\n<span  class='av_font_icon av-mf5joeic-c060aa1f3c23d816fff4a8ccb3dd3387 avia_animate_when_visible av-icon-style-border avia-icon-pos-center contact-icon avia-iconfont avia-font-entypo-fontello av-no-color avia-icon-animate'><a href='mailto:info@pele.de'   class='av-icon-char' data-av_icon='\ue805' data-av_iconfont='entypo-fontello' aria-hidden=\"false\" data-avia-icon-tooltip=\"&lt;br \/&gt;E-Mail&lt;br \/&gt;\"><\/a><\/span><br \/>\n\n<style type=\"text\/css\" data-created_by=\"avia_inline_auto\" id=\"style-css-av-mf5jxig2-f1a45211718d31e2be94bde7fdf96c1d\">\n.av_font_icon.av-mf5jxig2-f1a45211718d31e2be94bde7fdf96c1d .av-icon-char{\nfont-size:30px;\nline-height:30px;\nwidth:30px;\n}\n<\/style>\n<span  class='av_font_icon av-mf5jxig2-f1a45211718d31e2be94bde7fdf96c1d avia_animate_when_visible av-icon-style-border avia-icon-pos-center contact-icon avia-iconfont avia-font-entypo-fontello av-no-color avia-icon-animate'><a href='https:\/\/maps.app.goo.gl\/xRJM7KbbqtrEabqG8'   class='av-icon-char' data-av_icon='\ue842' data-av_iconfont='entypo-fontello' aria-hidden=\"false\" data-avia-icon-tooltip=\"&lt;br \/&gt;Ihre Route zu uns&lt;br \/&gt;\"><\/a><\/span><\/p>\n<\/div><\/div>\n<style type=\"text\/css\" data-created_by=\"avia_inline_auto\" id=\"style-css-av-5wupf8-ec3f918a5531fa0eccf374bb156c4aae\">\n.flex_cell.av-5wupf8-ec3f918a5531fa0eccf374bb156c4aae{\nvertical-align:bottom;\nheight:650px;\nmin-height:650px;\nbackground:url(https:\/\/pele.de\/wp-content\/uploads\/2022\/07\/pele-augsburg-map-2.svg) 50% 50% no-repeat scroll #ffffff;\n}\n.responsive #top #wrap_all .flex_cell.av-5wupf8-ec3f918a5531fa0eccf374bb156c4aae{\npadding:5px 5px 5px 5px !important;\n}\n<\/style>\n<div class='flex_cell av-5wupf8-ec3f918a5531fa0eccf374bb156c4aae av-gridrow-cell av_one_half no_margin  avia-builder-el-12  el_after_av_cell_one_half  avia-builder-el-last  content-align-bottom avia-full-stretch'  ><div class='flex_cell_inner'><p><div  class='avia-buttonrow-wrap av-l5s0yj3w-0bec96908c3c79e8002df7b2f9e3906b avia-buttonrow-center  avia-builder-el-13  el_before_av_textblock  avia-builder-el-first  display-none'>\n\n<style type=\"text\/css\" data-created_by=\"avia_inline_auto\" id=\"style-css-av-l5s0uo21-7be15af101465d1cc330dafcf8c6e411\">\n#top #wrap_all .avia-button.av-l5s0uo21-7be15af101465d1cc330dafcf8c6e411{\nmargin-bottom:5px;\nmargin-right:3px;\nmargin-left:3px;\n}\n<\/style>\n<a href='https:\/\/www.google.de\/maps\/dir\/\/PELE+Personaldienstleistungen+GmbH+%26+Co.+KG,+Max-Hempel-Stra%C3%9Fe+3,+86153+Augsburg\/@48.3769808,10.8824648,17z\/data=!4m9!4m8!1m0!1m5!1m1!1s0x479ea2acb183ac01:0x9d270196aecab273!2m2!1d10.8846535!2d48.3769773!3e0'  class='avia-button av-l5s0uo21-7be15af101465d1cc330dafcf8c6e411 avia-icon_select-yes-left-icon avia-size-small avia-color-theme-color'  target=\"_blank\"  rel=\"noopener noreferrer\"  aria-label=\"PELE\"><span class='avia_button_icon avia_button_icon_left avia-iconfont avia-font-entypo-fontello' data-av_icon='' data-av_iconfont='entypo-fontello' ><\/span><span class='avia_iconbox_title' >PELE<\/span><\/a>\n\n<style type=\"text\/css\" data-created_by=\"avia_inline_auto\" id=\"style-css-av-l5s0vdlo-35a67f0fadde9d8fca884a8d0ba75bf8\">\n#top #wrap_all .avia-button.av-l5s0vdlo-35a67f0fadde9d8fca884a8d0ba75bf8{\nmargin-bottom:5px;\nmargin-right:3px;\nmargin-left:3px;\n}\n<\/style>\n<a href='https:\/\/www.google.de\/maps\/dir\/\/Parkplatz+%2F+Parking+Augsburg,+86153+Augsburg\/@48.3769879,10.8824648,17z\/data=!4m9!4m8!1m0!1m5!1m1!1s0x479ebd821231b7e7:0x3eca5f4dfc0796a0!2m2!1d10.8822653!2d48.3751814!3e0'  class='avia-button av-l5s0vdlo-35a67f0fadde9d8fca884a8d0ba75bf8 avia-icon_select-yes-left-icon avia-size-small avia-color-theme-color'  target=\"_blank\"  rel=\"noopener noreferrer\"  aria-label=\"Park &amp; Ride\"><span class='avia_button_icon avia_button_icon_left avia-iconfont avia-font-entypo-fontello' data-av_icon='\ue841' data-av_iconfont='entypo-fontello' ><\/span><span class='avia_iconbox_title' >Park & Ride<\/span><\/a>\n\n<style type=\"text\/css\" data-created_by=\"avia_inline_auto\" id=\"style-css-av-l5s0yi9a-a972b56f808aa6bf362cc27bc9e2b13b\">\n#top #wrap_all .avia-button.av-l5s0yi9a-a972b56f808aa6bf362cc27bc9e2b13b{\nmargin-bottom:5px;\nmargin-right:3px;\nmargin-left:3px;\n}\n<\/style>\n<a href='https:\/\/www.google.de\/maps\/dir\/\/Parkplatz+%2F+Parking+Augsburg,+86153+Augsburg\/@48.3752331,10.847246,13z\/data=!3m1!4b1!4m9!4m8!1m0!1m5!1m1!1s0x479ebd821231b7e7:0x3eca5f4dfc0796a0!2m2!1d10.8822653!2d48.3751814!3e3'  class='avia-button av-l5s0yi9a-a972b56f808aa6bf362cc27bc9e2b13b avia-icon_select-yes-left-icon avia-size-small avia-color-theme-color'  target=\"_blank\"  rel=\"noopener noreferrer\"  aria-label=\"Haltestelle\"><span class='avia_button_icon avia_button_icon_left avia-iconfont avia-font-entypo-fontello' data-av_icon='\ue841' data-av_iconfont='entypo-fontello' ><\/span><span class='avia_iconbox_title' >Haltestelle<\/span><\/a>\n<\/div><br \/>\n\n<style type=\"text\/css\" data-created_by=\"avia_inline_auto\" id=\"style-css-av-l64s6ty5-7718b8e81c4b2d3456507181e891b0b1\">\n#top .av_textblock_section.av-l64s6ty5-7718b8e81c4b2d3456507181e891b0b1 .avia_textblock{\ncolor:#000000;\ntext-align:left;\n}\n<\/style>\n<section  class='av_textblock_section av-l64s6ty5-7718b8e81c4b2d3456507181e891b0b1'   itemscope=\"itemscope\" itemtype=\"https:\/\/schema.org\/CreativeWork\" ><div class='avia_textblock google-link av_inherit_color'  itemprop=\"text\" ><p>Sie finden uns in der Max-Hempel-Stra\u00dfe 3 in Augsburg.<br \/>\nWenn Sie die Route zu uns mit dem Auto oder den \u00f6ffentlichen Verkehrsmitteln mit dem Dienst &#8220;Google Maps&#8221; planen m\u00f6chten, k\u00f6nnen Sie <a style=\"color: #a00 !important;\" href=\"https:\/\/www.google.de\/maps\/dir\/\/PELE+Personaldienstleistungen+GmbH+%26+Co.+KG,+Max-Hempel-Stra%C3%9Fe+3,+86153+Augsburg\/@48.3769808,10.8824648,17z\/data=!4m9!4m8!1m0!1m5!1m1!1s0x479ea2acb183ac01:0x9d270196aecab273!2m2!1d10.8846535!2d48.3769773!3e0\" target=\"_blank\" rel=\"noopener\">hier<\/a> klicken.<\/p>\n<\/div><\/section><\/p>\n<\/div><\/div><\/div>","protected":false},"excerpt":{"rendered":"","protected":false},"author":1,"featured_media":1221,"parent":0,"menu_order":0,"comment_status":"closed","ping_status":"closed","template":"","meta":{"inline_featured_image":false,"footnotes":""},"class_list":["post-1220","page","type-page","status-publish","has-post-thumbnail","hentry"],"yoast_head":"<!-- This site is optimized with the Yoast SEO plugin v27.3 - https:\/\/yoast.com\/product\/yoast-seo-wordpress\/ -->\n<title>Kontakt und Anfahrt: Pele Personal Augsburg<\/title>\n<meta name=\"description\" content=\"Kontakt und Anfahrt: Finden Sie Ihren Weg zu Pele Personal in Augsburg und steigern Sie Ihre Chancen auf Ihren pers\u00f6nlichen Traumjob.\" \/>\n<meta name=\"robots\" content=\"index, follow, max-snippet:-1, max-image-preview:large, max-video-preview:-1\" \/>\n<link rel=\"canonical\" href=\"https:\/\/pele.de\/du\/kontakt\/\" \/>\n<meta property=\"og:locale\" content=\"de_DE\" \/>\n<meta property=\"og:type\" content=\"article\" \/>\n<meta property=\"og:title\" content=\"Kontakt und Anfahrt: Pele Personal Augsburg\" \/>\n<meta property=\"og:description\" content=\"Kontakt und Anfahrt: Finden Sie Ihren Weg zu Pele Personal in Augsburg und steigern Sie Ihre Chancen auf Ihren pers\u00f6nlichen Traumjob.\" \/>\n<meta property=\"og:url\" content=\"https:\/\/pele.de\/du\/kontakt\/\" \/>\n<meta property=\"og:site_name\" content=\"Personaldienstleistung in Augsburg\" \/>\n<meta property=\"article:modified_time\" content=\"2025-09-04T15:19:16+00:00\" \/>\n<meta property=\"og:image\" content=\"https:\/\/pele.de\/wp-content\/uploads\/2022\/06\/pele-zeitarbeit-augsburg-41.jpg\" \/>\n\t<meta property=\"og:image:width\" content=\"1600\" \/>\n\t<meta property=\"og:image:height\" content=\"625\" \/>\n\t<meta property=\"og:image:type\" content=\"image\/jpeg\" \/>\n<meta name=\"twitter:card\" content=\"summary_large_image\" \/>\n<meta name=\"twitter:label1\" content=\"Est. reading time\" \/>\n\t<meta name=\"twitter:data1\" content=\"1 minute\" \/>\n<script type=\"application\/ld+json\" class=\"yoast-schema-graph\">{\"@context\":\"https:\\\/\\\/schema.org\",\"@graph\":[{\"@type\":\"WebPage\",\"@id\":\"https:\\\/\\\/pele.de\\\/kontakt\\\/\",\"url\":\"https:\\\/\\\/pele.de\\\/kontakt\\\/\",\"name\":\"Kontakt und Anfahrt: Pele Personal Augsburg\",\"isPartOf\":{\"@id\":\"https:\\\/\\\/pele.de\\\/#website\"},\"primaryImageOfPage\":{\"@id\":\"https:\\\/\\\/pele.de\\\/kontakt\\\/#primaryimage\"},\"image\":{\"@id\":\"https:\\\/\\\/pele.de\\\/kontakt\\\/#primaryimage\"},\"thumbnailUrl\":\"https:\\\/\\\/pele.de\\\/wp-content\\\/uploads\\\/2022\\\/06\\\/pele-zeitarbeit-augsburg-41.jpg\",\"datePublished\":\"2022-06-22T10:45:04+00:00\",\"dateModified\":\"2025-09-04T15:19:16+00:00\",\"description\":\"Kontakt und Anfahrt: Finden Sie Ihren Weg zu Pele Personal in Augsburg und steigern Sie Ihre Chancen auf Ihren pers\u00f6nlichen Traumjob.\",\"breadcrumb\":{\"@id\":\"https:\\\/\\\/pele.de\\\/kontakt\\\/#breadcrumb\"},\"inLanguage\":\"de-Du\",\"potentialAction\":[{\"@type\":\"ReadAction\",\"target\":[\"https:\\\/\\\/pele.de\\\/kontakt\\\/\"]}]},{\"@type\":\"ImageObject\",\"inLanguage\":\"de-Du\",\"@id\":\"https:\\\/\\\/pele.de\\\/kontakt\\\/#primaryimage\",\"url\":\"https:\\\/\\\/pele.de\\\/wp-content\\\/uploads\\\/2022\\\/06\\\/pele-zeitarbeit-augsburg-41.jpg\",\"contentUrl\":\"https:\\\/\\\/pele.de\\\/wp-content\\\/uploads\\\/2022\\\/06\\\/pele-zeitarbeit-augsburg-41.jpg\",\"width\":1600,\"height\":625},{\"@type\":\"BreadcrumbList\",\"@id\":\"https:\\\/\\\/pele.de\\\/kontakt\\\/#breadcrumb\",\"itemListElement\":[{\"@type\":\"ListItem\",\"position\":1,\"name\":\"Startseite\",\"item\":\"https:\\\/\\\/pele.de\\\/startseite\\\/\"},{\"@type\":\"ListItem\",\"position\":2,\"name\":\"Kontakt\"}]},{\"@type\":\"WebSite\",\"@id\":\"https:\\\/\\\/pele.de\\\/#website\",\"url\":\"https:\\\/\\\/pele.de\\\/\",\"name\":\"Personaldienstleistung in Augsburg\",\"description\":\"Personaldienstleistung in Augsburg\",\"publisher\":{\"@id\":\"https:\\\/\\\/pele.de\\\/#organization\"},\"potentialAction\":[{\"@type\":\"SearchAction\",\"target\":{\"@type\":\"EntryPoint\",\"urlTemplate\":\"https:\\\/\\\/pele.de\\\/?s={search_term_string}\"},\"query-input\":{\"@type\":\"PropertyValueSpecification\",\"valueRequired\":true,\"valueName\":\"search_term_string\"}}],\"inLanguage\":\"de-Du\"},{\"@type\":\"Organization\",\"@id\":\"https:\\\/\\\/pele.de\\\/#organization\",\"name\":\"PELE - Personaldienstleistung\",\"url\":\"https:\\\/\\\/pele.de\\\/\",\"logo\":{\"@type\":\"ImageObject\",\"inLanguage\":\"de-Du\",\"@id\":\"https:\\\/\\\/pele.de\\\/#\\\/schema\\\/logo\\\/image\\\/\",\"url\":\"http:\\\/\\\/pele.de\\\/wp-content\\\/uploads\\\/2021\\\/08\\\/logo-pele.svg\",\"contentUrl\":\"http:\\\/\\\/pele.de\\\/wp-content\\\/uploads\\\/2021\\\/08\\\/logo-pele.svg\",\"width\":89,\"height\":80,\"caption\":\"PELE - Personaldienstleistung\"},\"image\":{\"@id\":\"https:\\\/\\\/pele.de\\\/#\\\/schema\\\/logo\\\/image\\\/\"}}]}<\/script>\n<!-- \/ Yoast SEO plugin. -->","yoast_head_json":{"title":"Kontakt und Anfahrt: Pele Personal Augsburg","description":"Kontakt und Anfahrt: Finden Sie Ihren Weg zu Pele Personal in Augsburg und steigern Sie Ihre Chancen auf Ihren pers\u00f6nlichen Traumjob.","robots":{"index":"index","follow":"follow","max-snippet":"max-snippet:-1","max-image-preview":"max-image-preview:large","max-video-preview":"max-video-preview:-1"},"canonical":"https:\/\/pele.de\/du\/kontakt\/","og_locale":"de_DE","og_type":"article","og_title":"Kontakt und Anfahrt: Pele Personal Augsburg","og_description":"Kontakt und Anfahrt: Finden Sie Ihren Weg zu Pele Personal in Augsburg und steigern Sie Ihre Chancen auf Ihren pers\u00f6nlichen Traumjob.","og_url":"https:\/\/pele.de\/du\/kontakt\/","og_site_name":"Personaldienstleistung in Augsburg","article_modified_time":"2025-09-04T15:19:16+00:00","og_image":[{"width":1600,"height":625,"url":"https:\/\/pele.de\/wp-content\/uploads\/2022\/06\/pele-zeitarbeit-augsburg-41.jpg","type":"image\/jpeg"}],"twitter_card":"summary_large_image","twitter_misc":{"Est. reading time":"1 minute"},"schema":{"@context":"https:\/\/schema.org","@graph":[{"@type":"WebPage","@id":"https:\/\/pele.de\/kontakt\/","url":"https:\/\/pele.de\/kontakt\/","name":"Kontakt und Anfahrt: Pele Personal Augsburg","isPartOf":{"@id":"https:\/\/pele.de\/#website"},"primaryImageOfPage":{"@id":"https:\/\/pele.de\/kontakt\/#primaryimage"},"image":{"@id":"https:\/\/pele.de\/kontakt\/#primaryimage"},"thumbnailUrl":"https:\/\/pele.de\/wp-content\/uploads\/2022\/06\/pele-zeitarbeit-augsburg-41.jpg","datePublished":"2022-06-22T10:45:04+00:00","dateModified":"2025-09-04T15:19:16+00:00","description":"Kontakt und Anfahrt: Finden Sie Ihren Weg zu Pele Personal in Augsburg und steigern Sie Ihre Chancen auf Ihren pers\u00f6nlichen Traumjob.","breadcrumb":{"@id":"https:\/\/pele.de\/kontakt\/#breadcrumb"},"inLanguage":"de-Du","potentialAction":[{"@type":"ReadAction","target":["https:\/\/pele.de\/kontakt\/"]}]},{"@type":"ImageObject","inLanguage":"de-Du","@id":"https:\/\/pele.de\/kontakt\/#primaryimage","url":"https:\/\/pele.de\/wp-content\/uploads\/2022\/06\/pele-zeitarbeit-augsburg-41.jpg","contentUrl":"https:\/\/pele.de\/wp-content\/uploads\/2022\/06\/pele-zeitarbeit-augsburg-41.jpg","width":1600,"height":625},{"@type":"BreadcrumbList","@id":"https:\/\/pele.de\/kontakt\/#breadcrumb","itemListElement":[{"@type":"ListItem","position":1,"name":"Startseite","item":"https:\/\/pele.de\/startseite\/"},{"@type":"ListItem","position":2,"name":"Kontakt"}]},{"@type":"WebSite","@id":"https:\/\/pele.de\/#website","url":"https:\/\/pele.de\/","name":"Personaldienstleistung in Augsburg","description":"Personaldienstleistung in Augsburg","publisher":{"@id":"https:\/\/pele.de\/#organization"},"potentialAction":[{"@type":"SearchAction","target":{"@type":"EntryPoint","urlTemplate":"https:\/\/pele.de\/?s={search_term_string}"},"query-input":{"@type":"PropertyValueSpecification","valueRequired":true,"valueName":"search_term_string"}}],"inLanguage":"de-Du"},{"@type":"Organization","@id":"https:\/\/pele.de\/#organization","name":"PELE - Personaldienstleistung","url":"https:\/\/pele.de\/","logo":{"@type":"ImageObject","inLanguage":"de-Du","@id":"https:\/\/pele.de\/#\/schema\/logo\/image\/","url":"http:\/\/pele.de\/wp-content\/uploads\/2021\/08\/logo-pele.svg","contentUrl":"http:\/\/pele.de\/wp-content\/uploads\/2021\/08\/logo-pele.svg","width":89,"height":80,"caption":"PELE - Personaldienstleistung"},"image":{"@id":"https:\/\/pele.de\/#\/schema\/logo\/image\/"}}]}},"_links":{"self":[{"href":"https:\/\/pele.de\/du\/wp-json\/wp\/v2\/pages\/1220","targetHints":{"allow":["GET"]}}],"collection":[{"href":"https:\/\/pele.de\/du\/wp-json\/wp\/v2\/pages"}],"about":[{"href":"https:\/\/pele.de\/du\/wp-json\/wp\/v2\/types\/page"}],"author":[{"embeddable":true,"href":"https:\/\/pele.de\/du\/wp-json\/wp\/v2\/users\/1"}],"replies":[{"embeddable":true,"href":"https:\/\/pele.de\/du\/wp-json\/wp\/v2\/comments?post=1220"}],"version-history":[{"count":41,"href":"https:\/\/pele.de\/du\/wp-json\/wp\/v2\/pages\/1220\/revisions"}],"predecessor-version":[{"id":2873,"href":"https:\/\/pele.de\/du\/wp-json\/wp\/v2\/pages\/1220\/revisions\/2873"}],"wp:featuredmedia":[{"embeddable":true,"href":"https:\/\/pele.de\/du\/wp-json\/wp\/v2\/media\/1221"}],"wp:attachment":[{"href":"https:\/\/pele.de\/du\/wp-json\/wp\/v2\/media?parent=1220"}],"curies":[{"name":"wp","href":"https:\/\/api.w.org\/{rel}","templated":true}]}}