{"id":304,"date":"2022-01-17T07:39:23","date_gmt":"2022-01-17T07:39:23","guid":{"rendered":"http:\/\/pele.studio-augsburg.de\/?page_id=304"},"modified":"2022-07-19T12:51:40","modified_gmt":"2022-07-19T10:51:40","slug":"jobsuche-augsburg","status":"publish","type":"page","link":"https:\/\/pele.de\/du\/jobsuche-augsburg\/","title":{"rendered":"Jobsuche Augsburg"},"content":{"rendered":"<style type=\"text\/css\" data-created_by=\"avia_inline_auto\" id=\"style-css-av-dk0wo-1e78351b8f4a3f4331ba0cd8c5380b0d\">\n.avia-section.av-dk0wo-1e78351b8f4a3f4331ba0cd8c5380b0d .av-parallax .av-parallax-inner{\nbackground-repeat:no-repeat;\nbackground-image:url(https:\/\/pele.de\/wp-content\/uploads\/2022\/01\/pele-zeitarbeit-augsburg-stellenanzeigen-titel.jpg);\nbackground-position:50% 50%;\nbackground-attachment:scroll;\n}\n.avia-section.av-dk0wo-1e78351b8f4a3f4331ba0cd8c5380b0d .av-section-color-overlay{\nopacity:0.5;\nbackground-color:#ffffff;\n}\n<\/style>\n<div id='av_section_1'  class='avia-section av-dk0wo-1e78351b8f4a3f4331ba0cd8c5380b0d main_color avia-section-default avia-no-border-styling  avia-builder-el-0  el_before_av_section  avia-builder-el-first  vhplus300px avia-full-stretch av-parallax-section avia-bg-style-parallax av-section-color-overlay-active av-minimum-height av-minimum-height-50 av-height-50  container_wrap fullsize'  data-section-bg-repeat='stretch' data-av_minimum_height_pc='50' data-av_min_height_opt='50'><div class='av-parallax' data-avia-parallax-ratio='0.3' ><div class='av-parallax-inner main_color avia-full-stretch'><\/div><\/div><div class=\"av-section-color-overlay-wrap\"><div class=\"av-section-color-overlay\"><\/div><div class='container av-section-cont-open' ><main  role=\"main\" itemprop=\"mainContentOfPage\"  class='template-page content  av-content-full alpha units'><div class='post-entry post-entry-type-page post-entry-304'><div class='entry-content-wrapper clearfix'>\n\n<style type=\"text\/css\" data-created_by=\"avia_inline_auto\" id=\"style-css-av-kyq5qfbc-90dda886be6179ab02138d6ed3dc4be9\">\n#top .av-special-heading.av-kyq5qfbc-90dda886be6179ab02138d6ed3dc4be9{\npadding-bottom:10px;\n}\nbody .av-special-heading.av-kyq5qfbc-90dda886be6179ab02138d6ed3dc4be9 .av-special-heading-tag .heading-char{\nfont-size:25px;\n}\n.av-special-heading.av-kyq5qfbc-90dda886be6179ab02138d6ed3dc4be9 .av-subheading{\nfont-size:15px;\n}\n<\/style>\n<div  class='av-special-heading av-kyq5qfbc-90dda886be6179ab02138d6ed3dc4be9 av-special-heading-h1  avia-builder-el-1  avia-builder-el-no-sibling'><h1 class='av-special-heading-tag'  itemprop=\"headline\"  >Jobsuche Augsburg<\/h1><div class=\"special-heading-border\"><div class=\"special-heading-inner-border\"><\/div><\/div><\/div>\n\n<\/div><\/div><\/main><!-- close content main element --><\/div><\/div><\/div><div id='breadcrumbs'  class='avia-section av-cojf4-7f2fa2b158e28790a108ce1b97c1e4b2 main_color avia-section-no-padding avia-no-border-styling  avia-builder-el-2  el_after_av_section  el_before_av_one_full  breadcrumbs avia-bg-style-scroll av-minimum-height av-minimum-height-custom av-height-custom  container_wrap fullsize'   data-av_minimum_height_px='10'><div class='container av-section-cont-open' style='height:10px'><div class='template-page content  av-content-full alpha units'><div class='post-entry post-entry-type-page post-entry-304'><div class='entry-content-wrapper clearfix'>\n\n<\/div><\/div><\/div><!-- close content main div --><\/div><\/div><div id='after_section_2'  class='main_color av_default_container_wrap container_wrap fullsize'  ><div class='container av-section-cont-open' ><div class='template-page content  av-content-full alpha units'><div class='post-entry post-entry-type-page post-entry-304'><div class='entry-content-wrapper clearfix'>\n<div  class='flex_column av-blt4o-e970307a3020630a249cae02c3aa861a av_one_full  avia-builder-el-4  el_after_av_section  el_before_av_section  avia-builder-el-no-sibling  first flex_column_div'     ><section  class='av_textblock_section av-l4o6bbpi-dbb6cb7f1eaca5069d0a2154dbbe2be3'   itemscope=\"itemscope\" itemtype=\"https:\/\/schema.org\/CreativeWork\" ><div class='avia_textblock'  itemprop=\"text\" ><h2>Auf die Stelle, fertig, los! Hier findest Du Deinen Traumjob!<\/h2>\n<p>Im Nullkommanichts zur Traumstelle: Wir haben Jobs, die wirklich zu Dir passen und ganz in Deiner N\u00e4he sind:<\/p>\n<\/div><\/section><br \/>\n<\/p><\/div>\n<\/div><\/div><\/div><!-- close content main div --><\/div><\/div>\n<style type=\"text\/css\" data-created_by=\"avia_inline_auto\" id=\"style-css-av-gj1j4-80178a62953e6644a568dff8ae4d1b90\">\n.avia-section.av-gj1j4-80178a62953e6644a568dff8ae4d1b90 .av-parallax .av-parallax-inner{\nbackground-repeat:repeat;\nbackground-image:url(https:\/\/pele.de\/wp-content\/uploads\/2022\/06\/black-05-300x200.jpg);\nbackground-position:0% 0%;\nbackground-attachment:scroll;\n}\n.avia-section.av-gj1j4-80178a62953e6644a568dff8ae4d1b90 .av-section-color-overlay{\nopacity:0.4;\nbackground-color:#000000;\n}\n<\/style>\n<div id='cta'  class='avia-section av-gj1j4-80178a62953e6644a568dff8ae4d1b90 main_color avia-section-default avia-no-border-styling  avia-builder-el-7  el_after_av_one_full  avia-builder-el-last  vhplus300px cta av-parallax-section avia-bg-style-parallax av-section-color-overlay-active av-minimum-height av-minimum-height-50 av-height-50  container_wrap fullsize'  data-section-bg-repeat='repeat' data-av_minimum_height_pc='50' data-av_min_height_opt='50'><div class='av-parallax' data-avia-parallax-ratio='0.3' ><div class='av-parallax-inner main_color'><\/div><\/div><div class=\"av-section-color-overlay-wrap\"><div class=\"av-section-color-overlay\"><\/div><div class='container av-section-cont-open' ><div class='template-page content  av-content-full alpha units'><div class='post-entry post-entry-type-page post-entry-304'><div class='entry-content-wrapper clearfix'>\n<section  class='av_textblock_section av-l4o6da6t-8fff1c775b92635ecf74b1e25c77df74'   itemscope=\"itemscope\" itemtype=\"https:\/\/schema.org\/CreativeWork\" ><div class='avia_textblock'  itemprop=\"text\" ><p style=\"text-align: center;\">Du hast in unserer Stellenb\u00f6rse Deine Wunsch-Position entdeckt und m\u00f6chtest Dich bewerben? Du hast Fragen zu unseren Jobs und Stellenangeboten?<br \/>\nMelde Dich gleich bei uns! Gemeinsam sichern wir Deine Traumstelle!<\/p>\n<\/div><\/section>\n<div  class='avia-button-wrap av-8imtc-0c96ad5cffafe127245abbc9a63bf8c7-wrap avia-button-center  avia-builder-el-9  el_after_av_textblock  avia-builder-el-last  mt-40'><a href='\/du\/kontakt\/'  class='avia-button av-8imtc-0c96ad5cffafe127245abbc9a63bf8c7 av-link-btn avia-icon_select-no avia-size-small avia-position-center avia-color-theme-color'   aria-label=\"Jetzt Kontakt aufnehmen!\"><span class='avia_iconbox_title' >Jetzt Kontakt aufnehmen!<\/span><\/a><\/div>","protected":false},"excerpt":{"rendered":"","protected":false},"author":1,"featured_media":308,"parent":0,"menu_order":0,"comment_status":"closed","ping_status":"closed","template":"","meta":{"inline_featured_image":false,"footnotes":""},"class_list":["post-304","page","type-page","status-publish","has-post-thumbnail","hentry"],"yoast_head":"<!-- This site is optimized with the Yoast SEO plugin v27.3 - https:\/\/yoast.com\/product\/yoast-seo-wordpress\/ -->\n<title>Jobsuche Augsburg: Jobvermittlung mit Pele Personal<\/title>\n<meta name=\"description\" content=\"Jobs f\u00fcr Augsburg und Region: attraktive Stellenangebote bei Pele Personal: professionelle, pers\u00f6nliche Unterst\u00fctzung auf dem Weg zu Ihrem Traumjob\" \/>\n<meta name=\"robots\" content=\"index, follow, max-snippet:-1, max-image-preview:large, max-video-preview:-1\" \/>\n<link rel=\"canonical\" href=\"https:\/\/pele.de\/du\/jobsuche-augsburg\/\" \/>\n<meta property=\"og:locale\" content=\"de_DE\" \/>\n<meta property=\"og:type\" content=\"article\" \/>\n<meta property=\"og:title\" content=\"Jobsuche Augsburg: Jobvermittlung mit Pele Personal\" \/>\n<meta property=\"og:description\" content=\"Jobs f\u00fcr Augsburg und Region: attraktive Stellenangebote bei Pele Personal: professionelle, pers\u00f6nliche Unterst\u00fctzung auf dem Weg zu Ihrem Traumjob\" \/>\n<meta property=\"og:url\" content=\"https:\/\/pele.de\/du\/jobsuche-augsburg\/\" \/>\n<meta property=\"og:site_name\" content=\"Personaldienstleistung in Augsburg\" \/>\n<meta property=\"article:modified_time\" content=\"2022-07-19T10:51:40+00:00\" \/>\n<meta property=\"og:image\" content=\"https:\/\/pele.de\/wp-content\/uploads\/2022\/01\/pele-zeitarbeit-augsburg-stellenanzeigen-titel.jpg\" \/>\n\t<meta property=\"og:image:width\" content=\"1600\" \/>\n\t<meta property=\"og:image:height\" content=\"1067\" \/>\n\t<meta property=\"og:image:type\" content=\"image\/jpeg\" \/>\n<meta name=\"twitter:card\" content=\"summary_large_image\" \/>\n<meta name=\"twitter:label1\" content=\"Est. reading time\" \/>\n\t<meta name=\"twitter:data1\" content=\"3 minutes\" \/>\n<script type=\"application\/ld+json\" class=\"yoast-schema-graph\">{\"@context\":\"https:\\\/\\\/schema.org\",\"@graph\":[{\"@type\":\"WebPage\",\"@id\":\"https:\\\/\\\/pele.de\\\/jobsuche-augsburg\\\/\",\"url\":\"https:\\\/\\\/pele.de\\\/jobsuche-augsburg\\\/\",\"name\":\"Jobsuche Augsburg: Jobvermittlung mit Pele Personal\",\"isPartOf\":{\"@id\":\"https:\\\/\\\/pele.de\\\/#website\"},\"primaryImageOfPage\":{\"@id\":\"https:\\\/\\\/pele.de\\\/jobsuche-augsburg\\\/#primaryimage\"},\"image\":{\"@id\":\"https:\\\/\\\/pele.de\\\/jobsuche-augsburg\\\/#primaryimage\"},\"thumbnailUrl\":\"https:\\\/\\\/pele.de\\\/wp-content\\\/uploads\\\/2022\\\/01\\\/pele-zeitarbeit-augsburg-stellenanzeigen-titel.jpg\",\"datePublished\":\"2022-01-17T07:39:23+00:00\",\"dateModified\":\"2022-07-19T10:51:40+00:00\",\"description\":\"Jobs f\u00fcr Augsburg und Region: attraktive Stellenangebote bei Pele Personal: professionelle, pers\u00f6nliche Unterst\u00fctzung auf dem Weg zu Ihrem Traumjob\",\"breadcrumb\":{\"@id\":\"https:\\\/\\\/pele.de\\\/jobsuche-augsburg\\\/#breadcrumb\"},\"inLanguage\":\"de-Du\",\"potentialAction\":[{\"@type\":\"ReadAction\",\"target\":[\"https:\\\/\\\/pele.de\\\/jobsuche-augsburg\\\/\"]}]},{\"@type\":\"ImageObject\",\"inLanguage\":\"de-Du\",\"@id\":\"https:\\\/\\\/pele.de\\\/jobsuche-augsburg\\\/#primaryimage\",\"url\":\"https:\\\/\\\/pele.de\\\/wp-content\\\/uploads\\\/2022\\\/01\\\/pele-zeitarbeit-augsburg-stellenanzeigen-titel.jpg\",\"contentUrl\":\"https:\\\/\\\/pele.de\\\/wp-content\\\/uploads\\\/2022\\\/01\\\/pele-zeitarbeit-augsburg-stellenanzeigen-titel.jpg\",\"width\":1600,\"height\":1067},{\"@type\":\"BreadcrumbList\",\"@id\":\"https:\\\/\\\/pele.de\\\/jobsuche-augsburg\\\/#breadcrumb\",\"itemListElement\":[{\"@type\":\"ListItem\",\"position\":1,\"name\":\"Startseite\",\"item\":\"https:\\\/\\\/pele.de\\\/startseite\\\/\"},{\"@type\":\"ListItem\",\"position\":2,\"name\":\"Jobsuche Augsburg\"}]},{\"@type\":\"WebSite\",\"@id\":\"https:\\\/\\\/pele.de\\\/#website\",\"url\":\"https:\\\/\\\/pele.de\\\/\",\"name\":\"Personaldienstleistung in Augsburg\",\"description\":\"Personaldienstleistung in Augsburg\",\"publisher\":{\"@id\":\"https:\\\/\\\/pele.de\\\/#organization\"},\"potentialAction\":[{\"@type\":\"SearchAction\",\"target\":{\"@type\":\"EntryPoint\",\"urlTemplate\":\"https:\\\/\\\/pele.de\\\/?s={search_term_string}\"},\"query-input\":{\"@type\":\"PropertyValueSpecification\",\"valueRequired\":true,\"valueName\":\"search_term_string\"}}],\"inLanguage\":\"de-Du\"},{\"@type\":\"Organization\",\"@id\":\"https:\\\/\\\/pele.de\\\/#organization\",\"name\":\"PELE - Personaldienstleistung\",\"url\":\"https:\\\/\\\/pele.de\\\/\",\"logo\":{\"@type\":\"ImageObject\",\"inLanguage\":\"de-Du\",\"@id\":\"https:\\\/\\\/pele.de\\\/#\\\/schema\\\/logo\\\/image\\\/\",\"url\":\"http:\\\/\\\/pele.de\\\/wp-content\\\/uploads\\\/2021\\\/08\\\/logo-pele.svg\",\"contentUrl\":\"http:\\\/\\\/pele.de\\\/wp-content\\\/uploads\\\/2021\\\/08\\\/logo-pele.svg\",\"width\":89,\"height\":80,\"caption\":\"PELE - Personaldienstleistung\"},\"image\":{\"@id\":\"https:\\\/\\\/pele.de\\\/#\\\/schema\\\/logo\\\/image\\\/\"}}]}<\/script>\n<!-- \/ Yoast SEO plugin. -->","yoast_head_json":{"title":"Jobsuche Augsburg: Jobvermittlung mit Pele Personal","description":"Jobs f\u00fcr Augsburg und Region: attraktive Stellenangebote bei Pele Personal: professionelle, pers\u00f6nliche Unterst\u00fctzung auf dem Weg zu Ihrem Traumjob","robots":{"index":"index","follow":"follow","max-snippet":"max-snippet:-1","max-image-preview":"max-image-preview:large","max-video-preview":"max-video-preview:-1"},"canonical":"https:\/\/pele.de\/du\/jobsuche-augsburg\/","og_locale":"de_DE","og_type":"article","og_title":"Jobsuche Augsburg: Jobvermittlung mit Pele Personal","og_description":"Jobs f\u00fcr Augsburg und Region: attraktive Stellenangebote bei Pele Personal: professionelle, pers\u00f6nliche Unterst\u00fctzung auf dem Weg zu Ihrem Traumjob","og_url":"https:\/\/pele.de\/du\/jobsuche-augsburg\/","og_site_name":"Personaldienstleistung in Augsburg","article_modified_time":"2022-07-19T10:51:40+00:00","og_image":[{"width":1600,"height":1067,"url":"https:\/\/pele.de\/wp-content\/uploads\/2022\/01\/pele-zeitarbeit-augsburg-stellenanzeigen-titel.jpg","type":"image\/jpeg"}],"twitter_card":"summary_large_image","twitter_misc":{"Est. reading time":"3 minutes"},"schema":{"@context":"https:\/\/schema.org","@graph":[{"@type":"WebPage","@id":"https:\/\/pele.de\/jobsuche-augsburg\/","url":"https:\/\/pele.de\/jobsuche-augsburg\/","name":"Jobsuche Augsburg: Jobvermittlung mit Pele Personal","isPartOf":{"@id":"https:\/\/pele.de\/#website"},"primaryImageOfPage":{"@id":"https:\/\/pele.de\/jobsuche-augsburg\/#primaryimage"},"image":{"@id":"https:\/\/pele.de\/jobsuche-augsburg\/#primaryimage"},"thumbnailUrl":"https:\/\/pele.de\/wp-content\/uploads\/2022\/01\/pele-zeitarbeit-augsburg-stellenanzeigen-titel.jpg","datePublished":"2022-01-17T07:39:23+00:00","dateModified":"2022-07-19T10:51:40+00:00","description":"Jobs f\u00fcr Augsburg und Region: attraktive Stellenangebote bei Pele Personal: professionelle, pers\u00f6nliche Unterst\u00fctzung auf dem Weg zu Ihrem Traumjob","breadcrumb":{"@id":"https:\/\/pele.de\/jobsuche-augsburg\/#breadcrumb"},"inLanguage":"de-Du","potentialAction":[{"@type":"ReadAction","target":["https:\/\/pele.de\/jobsuche-augsburg\/"]}]},{"@type":"ImageObject","inLanguage":"de-Du","@id":"https:\/\/pele.de\/jobsuche-augsburg\/#primaryimage","url":"https:\/\/pele.de\/wp-content\/uploads\/2022\/01\/pele-zeitarbeit-augsburg-stellenanzeigen-titel.jpg","contentUrl":"https:\/\/pele.de\/wp-content\/uploads\/2022\/01\/pele-zeitarbeit-augsburg-stellenanzeigen-titel.jpg","width":1600,"height":1067},{"@type":"BreadcrumbList","@id":"https:\/\/pele.de\/jobsuche-augsburg\/#breadcrumb","itemListElement":[{"@type":"ListItem","position":1,"name":"Startseite","item":"https:\/\/pele.de\/startseite\/"},{"@type":"ListItem","position":2,"name":"Jobsuche Augsburg"}]},{"@type":"WebSite","@id":"https:\/\/pele.de\/#website","url":"https:\/\/pele.de\/","name":"Personaldienstleistung in Augsburg","description":"Personaldienstleistung in Augsburg","publisher":{"@id":"https:\/\/pele.de\/#organization"},"potentialAction":[{"@type":"SearchAction","target":{"@type":"EntryPoint","urlTemplate":"https:\/\/pele.de\/?s={search_term_string}"},"query-input":{"@type":"PropertyValueSpecification","valueRequired":true,"valueName":"search_term_string"}}],"inLanguage":"de-Du"},{"@type":"Organization","@id":"https:\/\/pele.de\/#organization","name":"PELE - Personaldienstleistung","url":"https:\/\/pele.de\/","logo":{"@type":"ImageObject","inLanguage":"de-Du","@id":"https:\/\/pele.de\/#\/schema\/logo\/image\/","url":"http:\/\/pele.de\/wp-content\/uploads\/2021\/08\/logo-pele.svg","contentUrl":"http:\/\/pele.de\/wp-content\/uploads\/2021\/08\/logo-pele.svg","width":89,"height":80,"caption":"PELE - Personaldienstleistung"},"image":{"@id":"https:\/\/pele.de\/#\/schema\/logo\/image\/"}}]}},"_links":{"self":[{"href":"https:\/\/pele.de\/du\/wp-json\/wp\/v2\/pages\/304","targetHints":{"allow":["GET"]}}],"collection":[{"href":"https:\/\/pele.de\/du\/wp-json\/wp\/v2\/pages"}],"about":[{"href":"https:\/\/pele.de\/du\/wp-json\/wp\/v2\/types\/page"}],"author":[{"embeddable":true,"href":"https:\/\/pele.de\/du\/wp-json\/wp\/v2\/users\/1"}],"replies":[{"embeddable":true,"href":"https:\/\/pele.de\/du\/wp-json\/wp\/v2\/comments?post=304"}],"version-history":[{"count":2,"href":"https:\/\/pele.de\/du\/wp-json\/wp\/v2\/pages\/304\/revisions"}],"predecessor-version":[{"id":1751,"href":"https:\/\/pele.de\/du\/wp-json\/wp\/v2\/pages\/304\/revisions\/1751"}],"wp:featuredmedia":[{"embeddable":true,"href":"https:\/\/pele.de\/du\/wp-json\/wp\/v2\/media\/308"}],"wp:attachment":[{"href":"https:\/\/pele.de\/du\/wp-json\/wp\/v2\/media?parent=304"}],"curies":[{"name":"wp","href":"https:\/\/api.w.org\/{rel}","templated":true}]}}