{"id":541,"date":"2022-01-19T13:02:19","date_gmt":"2022-01-19T13:02:19","guid":{"rendered":"http:\/\/pele.studio-augsburg.de\/?page_id=541"},"modified":"2024-09-17T17:26:42","modified_gmt":"2024-09-17T15:26:42","slug":"impressum","status":"publish","type":"page","link":"https:\/\/pele.de\/du\/impressum\/","title":{"rendered":"Impressum"},"content":{"rendered":"<style type=\"text\/css\" data-created_by=\"avia_inline_auto\" id=\"style-css-av-kycs8g0t-fc9ea683115a77da09b6ab0d824f93b5\">\n.avia-section.av-kycs8g0t-fc9ea683115a77da09b6ab0d824f93b5 .av-parallax .av-parallax-inner{\nbackground-repeat:no-repeat;\nbackground-image:url(https:\/\/pele.de\/wp-content\/uploads\/2022\/01\/PELE-personaldienstleistung-augsburg-impressum.jpg);\nbackground-position:50% 50%;\nbackground-attachment:scroll;\n}\n<\/style>\n<div id='av_section_1'  class='avia-section av-kycs8g0t-fc9ea683115a77da09b6ab0d824f93b5 main_color avia-section-default avia-no-border-styling  avia-builder-el-0  el_before_av_section  avia-builder-el-first  vhplus300px avia-full-stretch av-parallax-section avia-bg-style-parallax av-minimum-height av-minimum-height-50 av-height-50  container_wrap fullsize'  data-section-bg-repeat='stretch' data-av_minimum_height_pc='50' data-av_min_height_opt='50'><div class='av-parallax' data-avia-parallax-ratio='0.3' ><div class='av-parallax-inner main_color avia-full-stretch'><\/div><\/div><div class='container av-section-cont-open' ><main  role=\"main\" itemprop=\"mainContentOfPage\"  class='template-page content  av-content-full alpha units'><div class='post-entry post-entry-type-page post-entry-541'><div class='entry-content-wrapper clearfix'>\n\n<style type=\"text\/css\" data-created_by=\"avia_inline_auto\" id=\"style-css-av-kycs8zrg-c10039280815fd7d047b8ef9e125934e\">\n#top .av-special-heading.av-kycs8zrg-c10039280815fd7d047b8ef9e125934e{\npadding-bottom:10px;\ncolor:#ffffff;\n}\nbody .av-special-heading.av-kycs8zrg-c10039280815fd7d047b8ef9e125934e .av-special-heading-tag .heading-char{\nfont-size:25px;\n}\n.av-special-heading.av-kycs8zrg-c10039280815fd7d047b8ef9e125934e .special-heading-inner-border{\nborder-color:#ffffff;\n}\n.av-special-heading.av-kycs8zrg-c10039280815fd7d047b8ef9e125934e .av-subheading{\nfont-size:15px;\n}\n<\/style>\n<div  class='av-special-heading av-kycs8zrg-c10039280815fd7d047b8ef9e125934e av-special-heading-h1 custom-color-heading  avia-builder-el-1  avia-builder-el-no-sibling'><h1 class='av-special-heading-tag'  itemprop=\"headline\"  >Impressum<\/h1><div class=\"special-heading-border\"><div class=\"special-heading-inner-border\"><\/div><\/div><\/div>\n\n<\/div><\/div><\/main><!-- close content main element --><\/div><\/div><div id='breadcrumbs'  class='avia-section av-eoinh-85db066010b26444028a1ea18e88cc13 main_color avia-section-no-padding avia-no-border-styling  avia-builder-el-2  el_after_av_section  el_before_av_one_full  breadcrumbs avia-bg-style-scroll av-minimum-height av-minimum-height-custom av-height-custom  container_wrap fullsize'   data-av_minimum_height_px='10'><div class='container av-section-cont-open' style='height:10px'><div class='template-page content  av-content-full alpha units'><div class='post-entry post-entry-type-page post-entry-541'><div class='entry-content-wrapper clearfix'>\n\n<\/div><\/div><\/div><!-- close content main div --><\/div><\/div><div id='after_section_2'  class='main_color av_default_container_wrap container_wrap fullsize'  ><div class='container av-section-cont-open' ><div class='template-page content  av-content-full alpha units'><div class='post-entry post-entry-type-page post-entry-541'><div class='entry-content-wrapper clearfix'>\n<div  class='flex_column av-bks2c-2f04555243964fa3aef42dc8d86b1f6a av_one_full  avia-builder-el-4  el_after_av_section  avia-builder-el-no-sibling  first flex_column_div'     ><section  class='av_textblock_section av-kycsdm6b-7caf2e3d25893d1349d9d557139d79a8'   itemscope=\"itemscope\" itemtype=\"https:\/\/schema.org\/CreativeWork\" ><div class='avia_textblock'  itemprop=\"text\" ><p>Pele Personaldienstleistungen GmbH &amp; Co.KG<br \/>\nMax-Hempel-Str. 3<br \/>\n86153 Augsburg<\/p>\n<p>Telefon: 0821\/3131-00<br \/>\nFax 0821\/3131-02<\/p>\n<p>email: info@pele.de<br \/>\ninternet: www.pele.de<\/p>\n<p>Pers\u00f6nlich haftende Gesellschafterin der Pele Personaldienstleistungen GmbH &amp; Co.KG: Pele Verwaltungs GmbH<br \/>\nGesch\u00e4ftsf\u00fchrer der Pele Verwaltungs GmbH: Peter Gei\u00dflinger, Dominik Edmeier<\/p>\n<p>USt-IdNr. DE 261799424<\/p>\n<p>Registergericht AG Augsburg HRB 19 189<\/p>\n<p>Zust\u00e4ndige Aufsichtsbeh\u00f6rde f\u00fcr den Bereich Arbeitnehmer\u00fcberlassung:<br \/>\nAgentur f\u00fcr Arbeit N\u00fcrnberg,<br \/>\n90300 N\u00fcrnberg<br \/>\n(Tel.: 0911 529 4343)<\/p>\n<p>Das Impressum gilt auch f\u00fcr Unsere Facebook-Seite.<\/p>\n<p>Wir \u00fcbernehmen keinerlei Verantwortung oder Haftung f\u00fcr die Angaben auf dieser Webseite. Unser Ziel ist es, aktuelle und genaue Informationen bereitzustellen. Allerdings kann nicht garantiert werden, dass die auf dieser Webseite verf\u00fcgbaren Angaben tats\u00e4chlich aktuell, umfassend, komplett oder genau sind.<\/p>\n<p>Bei den bereitgestellten Informationen handelt es sich um solche allgemeiner Art, die nicht auf die besonderen Bed\u00fcrfnisse bestimmter Personen oder Unternehmen abgestimmt sind. Insbesondere soll durch sie keine Beratung erfolgen.<\/p>\n<p>Sofern von dieser Webseite auf andere Webseiten verwiesen wird, k\u00f6nnen wir deren Inhalt nicht beeinflussen und f\u00fcr diesen auch keine Verantwortung \u00fcbernehmen.<\/p>\n<p>Zur INFO f\u00fcr alle externen Links in unserer Homepage!<\/p>\n<p>Das Landgericht Hamburg hat mit Urteil \u2013 312 O 85\/98 \u2013 vom 12.05.1998 entschieden, dass man durch die Ausbringung eines Links die Inhalte der gelinkten Seite ggf. mit zu verantworten hat. Dies kann \u2013 so das LG \u2013 nur dadurch verhindert werden, dass man sich ausdr\u00fccklich von diesen Inhalten distanziert.<\/p>\n<p>F\u00fcr alle diese Links gilt:<\/p>\n<p>\u201eWir betonen ausdr\u00fccklich, dass wir keinerlei Einfluss auf die Gestaltung und die Inhalte der gelinkten Seiten haben. Deshalb distanzieren wir uns von allen Inhalten der gelinkten Seiten auf unserer gesamten Homepage inklusive aller Unterseiten. Diese Erkl\u00e4rung gilt f\u00fcr alle auf unserer Homepage angebrachten Links und f\u00fcr alle Inhalte der Seiten, zu denen Links f\u00fchren.\u201c<\/p>\n<\/div><\/section><\/div>","protected":false},"excerpt":{"rendered":"","protected":false},"author":1,"featured_media":548,"parent":0,"menu_order":0,"comment_status":"closed","ping_status":"closed","template":"","meta":{"inline_featured_image":false,"footnotes":""},"class_list":["post-541","page","type-page","status-publish","has-post-thumbnail","hentry"],"yoast_head":"<!-- This site is optimized with the Yoast SEO plugin v27.3 - https:\/\/yoast.com\/product\/yoast-seo-wordpress\/ -->\n<title>Impressum - Personaldienstleistung in Augsburg<\/title>\n<meta name=\"robots\" content=\"index, follow, max-snippet:-1, max-image-preview:large, max-video-preview:-1\" \/>\n<link rel=\"canonical\" href=\"https:\/\/pele.de\/du\/impressum\/\" \/>\n<meta property=\"og:locale\" content=\"de_DE\" \/>\n<meta property=\"og:type\" content=\"article\" \/>\n<meta property=\"og:title\" content=\"Impressum - Personaldienstleistung in Augsburg\" \/>\n<meta property=\"og:url\" content=\"https:\/\/pele.de\/du\/impressum\/\" \/>\n<meta property=\"og:site_name\" content=\"Personaldienstleistung in Augsburg\" \/>\n<meta property=\"article:modified_time\" content=\"2024-09-17T15:26:42+00:00\" \/>\n<meta property=\"og:image\" content=\"https:\/\/pele.de\/wp-content\/uploads\/2022\/01\/PELE-personaldienstleistung-augsburg-impressum.jpg\" \/>\n\t<meta property=\"og:image:width\" content=\"1600\" \/>\n\t<meta property=\"og:image:height\" content=\"975\" \/>\n\t<meta property=\"og:image:type\" content=\"image\/jpeg\" \/>\n<meta name=\"twitter:card\" content=\"summary_large_image\" \/>\n<meta name=\"twitter:label1\" content=\"Est. reading time\" \/>\n\t<meta name=\"twitter:data1\" content=\"2 minutes\" \/>\n<script type=\"application\/ld+json\" class=\"yoast-schema-graph\">{\"@context\":\"https:\\\/\\\/schema.org\",\"@graph\":[{\"@type\":\"WebPage\",\"@id\":\"https:\\\/\\\/pele.de\\\/impressum\\\/\",\"url\":\"https:\\\/\\\/pele.de\\\/impressum\\\/\",\"name\":\"Impressum - Personaldienstleistung in Augsburg\",\"isPartOf\":{\"@id\":\"https:\\\/\\\/pele.de\\\/#website\"},\"primaryImageOfPage\":{\"@id\":\"https:\\\/\\\/pele.de\\\/impressum\\\/#primaryimage\"},\"image\":{\"@id\":\"https:\\\/\\\/pele.de\\\/impressum\\\/#primaryimage\"},\"thumbnailUrl\":\"https:\\\/\\\/pele.de\\\/wp-content\\\/uploads\\\/2022\\\/01\\\/PELE-personaldienstleistung-augsburg-impressum.jpg\",\"datePublished\":\"2022-01-19T13:02:19+00:00\",\"dateModified\":\"2024-09-17T15:26:42+00:00\",\"breadcrumb\":{\"@id\":\"https:\\\/\\\/pele.de\\\/impressum\\\/#breadcrumb\"},\"inLanguage\":\"de-Du\",\"potentialAction\":[{\"@type\":\"ReadAction\",\"target\":[\"https:\\\/\\\/pele.de\\\/impressum\\\/\"]}]},{\"@type\":\"ImageObject\",\"inLanguage\":\"de-Du\",\"@id\":\"https:\\\/\\\/pele.de\\\/impressum\\\/#primaryimage\",\"url\":\"https:\\\/\\\/pele.de\\\/wp-content\\\/uploads\\\/2022\\\/01\\\/PELE-personaldienstleistung-augsburg-impressum.jpg\",\"contentUrl\":\"https:\\\/\\\/pele.de\\\/wp-content\\\/uploads\\\/2022\\\/01\\\/PELE-personaldienstleistung-augsburg-impressum.jpg\",\"width\":1600,\"height\":975},{\"@type\":\"BreadcrumbList\",\"@id\":\"https:\\\/\\\/pele.de\\\/impressum\\\/#breadcrumb\",\"itemListElement\":[{\"@type\":\"ListItem\",\"position\":1,\"name\":\"Startseite\",\"item\":\"https:\\\/\\\/pele.de\\\/startseite\\\/\"},{\"@type\":\"ListItem\",\"position\":2,\"name\":\"Impressum\"}]},{\"@type\":\"WebSite\",\"@id\":\"https:\\\/\\\/pele.de\\\/#website\",\"url\":\"https:\\\/\\\/pele.de\\\/\",\"name\":\"Personaldienstleistung in Augsburg\",\"description\":\"Personaldienstleistung in Augsburg\",\"publisher\":{\"@id\":\"https:\\\/\\\/pele.de\\\/#organization\"},\"potentialAction\":[{\"@type\":\"SearchAction\",\"target\":{\"@type\":\"EntryPoint\",\"urlTemplate\":\"https:\\\/\\\/pele.de\\\/?s={search_term_string}\"},\"query-input\":{\"@type\":\"PropertyValueSpecification\",\"valueRequired\":true,\"valueName\":\"search_term_string\"}}],\"inLanguage\":\"de-Du\"},{\"@type\":\"Organization\",\"@id\":\"https:\\\/\\\/pele.de\\\/#organization\",\"name\":\"PELE - Personaldienstleistung\",\"url\":\"https:\\\/\\\/pele.de\\\/\",\"logo\":{\"@type\":\"ImageObject\",\"inLanguage\":\"de-Du\",\"@id\":\"https:\\\/\\\/pele.de\\\/#\\\/schema\\\/logo\\\/image\\\/\",\"url\":\"http:\\\/\\\/pele.de\\\/wp-content\\\/uploads\\\/2021\\\/08\\\/logo-pele.svg\",\"contentUrl\":\"http:\\\/\\\/pele.de\\\/wp-content\\\/uploads\\\/2021\\\/08\\\/logo-pele.svg\",\"width\":89,\"height\":80,\"caption\":\"PELE - Personaldienstleistung\"},\"image\":{\"@id\":\"https:\\\/\\\/pele.de\\\/#\\\/schema\\\/logo\\\/image\\\/\"}}]}<\/script>\n<!-- \/ Yoast SEO plugin. -->","yoast_head_json":{"title":"Impressum - Personaldienstleistung in Augsburg","robots":{"index":"index","follow":"follow","max-snippet":"max-snippet:-1","max-image-preview":"max-image-preview:large","max-video-preview":"max-video-preview:-1"},"canonical":"https:\/\/pele.de\/du\/impressum\/","og_locale":"de_DE","og_type":"article","og_title":"Impressum - Personaldienstleistung in Augsburg","og_url":"https:\/\/pele.de\/du\/impressum\/","og_site_name":"Personaldienstleistung in Augsburg","article_modified_time":"2024-09-17T15:26:42+00:00","og_image":[{"width":1600,"height":975,"url":"https:\/\/pele.de\/wp-content\/uploads\/2022\/01\/PELE-personaldienstleistung-augsburg-impressum.jpg","type":"image\/jpeg"}],"twitter_card":"summary_large_image","twitter_misc":{"Est. reading time":"2 minutes"},"schema":{"@context":"https:\/\/schema.org","@graph":[{"@type":"WebPage","@id":"https:\/\/pele.de\/impressum\/","url":"https:\/\/pele.de\/impressum\/","name":"Impressum - Personaldienstleistung in Augsburg","isPartOf":{"@id":"https:\/\/pele.de\/#website"},"primaryImageOfPage":{"@id":"https:\/\/pele.de\/impressum\/#primaryimage"},"image":{"@id":"https:\/\/pele.de\/impressum\/#primaryimage"},"thumbnailUrl":"https:\/\/pele.de\/wp-content\/uploads\/2022\/01\/PELE-personaldienstleistung-augsburg-impressum.jpg","datePublished":"2022-01-19T13:02:19+00:00","dateModified":"2024-09-17T15:26:42+00:00","breadcrumb":{"@id":"https:\/\/pele.de\/impressum\/#breadcrumb"},"inLanguage":"de-Du","potentialAction":[{"@type":"ReadAction","target":["https:\/\/pele.de\/impressum\/"]}]},{"@type":"ImageObject","inLanguage":"de-Du","@id":"https:\/\/pele.de\/impressum\/#primaryimage","url":"https:\/\/pele.de\/wp-content\/uploads\/2022\/01\/PELE-personaldienstleistung-augsburg-impressum.jpg","contentUrl":"https:\/\/pele.de\/wp-content\/uploads\/2022\/01\/PELE-personaldienstleistung-augsburg-impressum.jpg","width":1600,"height":975},{"@type":"BreadcrumbList","@id":"https:\/\/pele.de\/impressum\/#breadcrumb","itemListElement":[{"@type":"ListItem","position":1,"name":"Startseite","item":"https:\/\/pele.de\/startseite\/"},{"@type":"ListItem","position":2,"name":"Impressum"}]},{"@type":"WebSite","@id":"https:\/\/pele.de\/#website","url":"https:\/\/pele.de\/","name":"Personaldienstleistung in Augsburg","description":"Personaldienstleistung in Augsburg","publisher":{"@id":"https:\/\/pele.de\/#organization"},"potentialAction":[{"@type":"SearchAction","target":{"@type":"EntryPoint","urlTemplate":"https:\/\/pele.de\/?s={search_term_string}"},"query-input":{"@type":"PropertyValueSpecification","valueRequired":true,"valueName":"search_term_string"}}],"inLanguage":"de-Du"},{"@type":"Organization","@id":"https:\/\/pele.de\/#organization","name":"PELE - Personaldienstleistung","url":"https:\/\/pele.de\/","logo":{"@type":"ImageObject","inLanguage":"de-Du","@id":"https:\/\/pele.de\/#\/schema\/logo\/image\/","url":"http:\/\/pele.de\/wp-content\/uploads\/2021\/08\/logo-pele.svg","contentUrl":"http:\/\/pele.de\/wp-content\/uploads\/2021\/08\/logo-pele.svg","width":89,"height":80,"caption":"PELE - Personaldienstleistung"},"image":{"@id":"https:\/\/pele.de\/#\/schema\/logo\/image\/"}}]}},"_links":{"self":[{"href":"https:\/\/pele.de\/du\/wp-json\/wp\/v2\/pages\/541","targetHints":{"allow":["GET"]}}],"collection":[{"href":"https:\/\/pele.de\/du\/wp-json\/wp\/v2\/pages"}],"about":[{"href":"https:\/\/pele.de\/du\/wp-json\/wp\/v2\/types\/page"}],"author":[{"embeddable":true,"href":"https:\/\/pele.de\/du\/wp-json\/wp\/v2\/users\/1"}],"replies":[{"embeddable":true,"href":"https:\/\/pele.de\/du\/wp-json\/wp\/v2\/comments?post=541"}],"version-history":[{"count":2,"href":"https:\/\/pele.de\/du\/wp-json\/wp\/v2\/pages\/541\/revisions"}],"predecessor-version":[{"id":2303,"href":"https:\/\/pele.de\/du\/wp-json\/wp\/v2\/pages\/541\/revisions\/2303"}],"wp:featuredmedia":[{"embeddable":true,"href":"https:\/\/pele.de\/du\/wp-json\/wp\/v2\/media\/548"}],"wp:attachment":[{"href":"https:\/\/pele.de\/du\/wp-json\/wp\/v2\/media?parent=541"}],"curies":[{"name":"wp","href":"https:\/\/api.w.org\/{rel}","templated":true}]}}